{"id":10394,"date":"2026-01-22T22:15:34","date_gmt":"2026-01-22T22:15:34","guid":{"rendered":"https:\/\/sibelle.ca\/product\/bonnet-confort-en-bambou-violet\/"},"modified":"2026-01-22T23:01:41","modified_gmt":"2026-01-22T23:01:41","slug":"comfort-cap-bamboo-violet","status":"publish","type":"product","link":"https:\/\/sibelle.ca\/en\/product\/comfort-cap-bamboo-violet\/","title":{"rendered":"Comfort Cap Bamboo Violet"},"content":{"rendered":"<p><span style=\"color: black;\"><strong>Why do women love our bamboo comfort caps?<br \/>\n<\/strong><br data-start=\"42\" data-end=\"45\" \/>\u2022 Soft, light, and breathable<br data-start=\"74\" data-end=\"77\" \/>\u2022 No irritating seams<br data-start=\"98\" data-end=\"101\" \/>\u2022 Full coverage of the head, neck, and ears<br data-start=\"144\" data-end=\"147\" \/>\u2022 Made in Quebec<\/span><\/p>\n<p style=\"caret-color: #000000; font-variant-caps: normal; orphans: 2; text-align: start; widows: 2; -webkit-text-stroke-width: 0px; text-decoration-line: none; text-decoration-thickness: auto; text-decoration-style: solid; word-spacing: 0px;\" data-start=\"167\" data-end=\"368\" data-is-last-node=\"\" data-is-only-node=\"\"><span style=\"color: black;\">Thermoregulating, breathable, and moisture-absorbing, our bamboo fabric ensures exceptional comfort. Oeko-Tex certified, it combines softness and durability, keeping its colors vibrant for a long time.<\/span><\/p>\n<p>&nbsp;<\/p>\n","protected":false},"excerpt":{"rendered":"<p><span style=\"font-size: 13.5pt; font-family: '-webkit-standard',serif; color: black;\">Our violet bamboo comfort cap will wrap you in unparalleled softness, day and night.<\/p>\n<p><\/span><span style=\"font-size: 13.5pt; font-family: '-webkit-standard',serif; color: black;\"><span style=\"caret-color: #000000; font-variant-caps: normal; orphans: 2; text-align: start; widows: 2; -webkit-text-stroke-width: 0px; float: none; word-spacing: 0px;\">Lined, it has no irritating seams and provides a soft, soothing feel for sensitive scalps\u2014ideal for women experiencing hair loss due to cancer, chemotherapy, or alopecia.<\/p>\n<p><\/span><\/span><span style=\"font-size: 13.5pt; font-family: '-webkit-standard',serif; color: black;\"><span style=\"caret-color: #000000; font-variant-caps: normal; orphans: 2; text-align: start; widows: 2; -webkit-text-stroke-width: 0px; float: none; word-spacing: 0px;\">Additionally, our comfort cap can also be used as a liner, making it perfect to wear under hats and caps. Soft, light, and breathable, you\u2019ll surely want it in every color!<\/span><\/span><\/p>\n","protected":false},"featured_media":10265,"template":"","meta":[],"product_brand":[],"product_cat":[213,232,94],"product_tag":[],"giftcard-category":[],"class_list":{"0":"post-10394","1":"product","2":"type-product","3":"status-publish","4":"has-post-thumbnail","6":"product_cat-scarves-and-beanies","7":"product_cat-chemo-caps-en-en","8":"product_cat-chemo-beanies","10":"first","11":"instock","12":"taxable","13":"shipping-taxable","14":"purchasable","15":"product-type-simple"},"yoast_head":"<!-- This site is optimized with the Yoast SEO Premium plugin v22.6 (Yoast SEO v26.2) - https:\/\/yoast.com\/wordpress\/plugins\/seo\/ -->\n<title>Comfort Cap Bamboo Violet - SIBELLE<\/title>\n<meta name=\"description\" content=\"Our violet bamboo comfort cap will wrap you in unparalleled softness, day and night. You\u2019ll surely want it in every color! Shop now.\" \/>\n<meta name=\"robots\" content=\"index, follow, max-snippet:-1, max-image-preview:large, max-video-preview:-1\" \/>\n<link rel=\"canonical\" href=\"https:\/\/sibelle.ca\/en\/product\/comfort-cap-bamboo-violet\/\" \/>\n<meta property=\"og:locale\" content=\"en_US\" \/>\n<meta property=\"og:type\" content=\"article\" \/>\n<meta property=\"og:title\" content=\"Comfort Cap Bamboo Violet - SIBELLE\" \/>\n<meta property=\"og:description\" content=\"Notre foulard \u00e0 corde en bambou lavande est doux, frais et l\u00e9ger. Une alternative \u00e9l\u00e9gante et confortable \u00e0 la perruque. Fabriqu\u00e9 au Qu\u00e9bec.\" \/>\n<meta property=\"og:url\" content=\"https:\/\/sibelle.ca\/en\/product\/comfort-cap-bamboo-violet\/\" \/>\n<meta property=\"og:site_name\" content=\"SIBELLE\" \/>\n<meta property=\"article:publisher\" content=\"https:\/\/www.facebook.com\/jesuissibelle\" \/>\n<meta property=\"article:modified_time\" content=\"2026-01-22T23:01:41+00:00\" \/>\n<meta property=\"og:image\" content=\"https:\/\/sibelle.ca\/wp-content\/uploads\/2026\/01\/Sibelle_Cancer_Sleeping_Cap_Bamboo_Violet_45D.webp\" \/>\n\t<meta property=\"og:image:width\" content=\"1512\" \/>\n\t<meta property=\"og:image:height\" content=\"1512\" \/>\n\t<meta property=\"og:image:type\" content=\"image\/webp\" \/>\n<meta name=\"twitter:card\" content=\"summary_large_image\" \/>\n<meta name=\"twitter:description\" content=\"Notre foulard \u00e0 corde en bambou lavande est doux, frais et l\u00e9ger. Une alternative \u00e9l\u00e9gante et confortable \u00e0 la perruque. Fabriqu\u00e9 au Qu\u00e9bec.\" \/>\n<meta name=\"twitter:label1\" content=\"Price\" \/>\n\t<meta name=\"twitter:data1\" content=\"32.99&nbsp;&#036;\" \/>\n\t<meta name=\"twitter:label2\" content=\"Availability\" \/>\n\t<meta name=\"twitter:data2\" content=\"In stock\" \/>\n<script type=\"application\/ld+json\" class=\"yoast-schema-graph\">{\"@context\":\"https:\/\/schema.org\",\"@graph\":[{\"@type\":\"WebPage\",\"@id\":\"https:\/\/sibelle.ca\/en\/product\/comfort-cap-bamboo-violet\/\",\"url\":\"https:\/\/sibelle.ca\/en\/product\/comfort-cap-bamboo-violet\/\",\"name\":\"Comfort Cap Bamboo Violet - SIBELLE\",\"isPartOf\":{\"@id\":\"https:\/\/sibelle.ca\/en\/#website\"},\"primaryImageOfPage\":{\"@id\":\"https:\/\/sibelle.ca\/en\/product\/comfort-cap-bamboo-violet\/#primaryimage\"},\"image\":{\"@id\":\"https:\/\/sibelle.ca\/en\/product\/comfort-cap-bamboo-violet\/#primaryimage\"},\"thumbnailUrl\":\"https:\/\/sibelle.ca\/wp-content\/uploads\/2026\/01\/Sibelle_Cancer_Sleeping_Cap_Bamboo_Violet_45D.webp\",\"datePublished\":\"2026-01-22T22:15:34+00:00\",\"dateModified\":\"2026-01-22T23:01:41+00:00\",\"description\":\"Our violet bamboo comfort cap will wrap you in unparalleled softness, day and night. You\u2019ll surely want it in every color! Shop now.\",\"breadcrumb\":{\"@id\":\"https:\/\/sibelle.ca\/en\/product\/comfort-cap-bamboo-violet\/#breadcrumb\"},\"inLanguage\":\"en-US\",\"potentialAction\":[{\"@type\":\"ReadAction\",\"target\":[\"https:\/\/sibelle.ca\/en\/product\/comfort-cap-bamboo-violet\/\"]}]},{\"@type\":\"ImageObject\",\"inLanguage\":\"en-US\",\"@id\":\"https:\/\/sibelle.ca\/en\/product\/comfort-cap-bamboo-violet\/#primaryimage\",\"url\":\"https:\/\/sibelle.ca\/wp-content\/uploads\/2026\/01\/Sibelle_Cancer_Sleeping_Cap_Bamboo_Violet_45D.webp\",\"contentUrl\":\"https:\/\/sibelle.ca\/wp-content\/uploads\/2026\/01\/Sibelle_Cancer_Sleeping_Cap_Bamboo_Violet_45D.webp\",\"width\":1512,\"height\":1512},{\"@type\":\"BreadcrumbList\",\"@id\":\"https:\/\/sibelle.ca\/en\/product\/comfort-cap-bamboo-violet\/#breadcrumb\",\"itemListElement\":[{\"@type\":\"ListItem\",\"position\":1,\"name\":\"Home\",\"item\":\"https:\/\/sibelle.ca\/en\/\"},{\"@type\":\"ListItem\",\"position\":2,\"name\":\"Boutique sp\u00e9cialis\u00e9e pour les femmes en traitement de chimioth\u00e9rapie\",\"item\":\"https:\/\/sibelle.ca\/boutiquespecialiseefemmestraitementchimiotherapie\/\"},{\"@type\":\"ListItem\",\"position\":3,\"name\":\"Comfort Cap Bamboo Violet\"}]},{\"@type\":\"WebSite\",\"@id\":\"https:\/\/sibelle.ca\/en\/#website\",\"url\":\"https:\/\/sibelle.ca\/en\/\",\"name\":\"Sibelle\",\"description\":\"Une collection d\u2019essentiels pour aider les femmes \u00e0 faire face au cancer en beaut\u00e9.\",\"publisher\":{\"@id\":\"https:\/\/sibelle.ca\/en\/#organization\"},\"potentialAction\":[{\"@type\":\"SearchAction\",\"target\":{\"@type\":\"EntryPoint\",\"urlTemplate\":\"https:\/\/sibelle.ca\/en\/?s={search_term_string}\"},\"query-input\":{\"@type\":\"PropertyValueSpecification\",\"valueRequired\":true,\"valueName\":\"search_term_string\"}}],\"inLanguage\":\"en-US\"},{\"@type\":\"Organization\",\"@id\":\"https:\/\/sibelle.ca\/en\/#organization\",\"name\":\"Sibelle\",\"url\":\"https:\/\/sibelle.ca\/en\/\",\"logo\":{\"@type\":\"ImageObject\",\"inLanguage\":\"en-US\",\"@id\":\"https:\/\/sibelle.ca\/en\/#\/schema\/logo\/image\/\",\"url\":\"https:\/\/sibelle.ca\/wp-content\/uploads\/2021\/05\/logo.png\",\"contentUrl\":\"https:\/\/sibelle.ca\/wp-content\/uploads\/2021\/05\/logo.png\",\"width\":206,\"height\":30,\"caption\":\"Sibelle\"},\"image\":{\"@id\":\"https:\/\/sibelle.ca\/en\/#\/schema\/logo\/image\/\"},\"sameAs\":[\"https:\/\/www.facebook.com\/jesuissibelle\",\"https:\/\/www.instagram.com\/jesuissibelle.ca\"]}]}<\/script>\n<meta property=\"product:price:amount\" content=\"32.99\" \/>\n<meta property=\"product:price:currency\" content=\"CAD\" \/>\n<meta property=\"og:availability\" content=\"instock\" \/>\n<meta property=\"product:availability\" content=\"instock\" \/>\n<meta property=\"product:condition\" content=\"new\" \/>\n<!-- \/ Yoast SEO Premium plugin. -->","yoast_head_json":{"title":"Comfort Cap Bamboo Violet - SIBELLE","description":"Our violet bamboo comfort cap will wrap you in unparalleled softness, day and night. You\u2019ll surely want it in every color! Shop now.","robots":{"index":"index","follow":"follow","max-snippet":"max-snippet:-1","max-image-preview":"max-image-preview:large","max-video-preview":"max-video-preview:-1"},"canonical":"https:\/\/sibelle.ca\/en\/product\/comfort-cap-bamboo-violet\/","og_locale":"en_US","og_type":"article","og_title":"Comfort Cap Bamboo Violet - SIBELLE","og_description":"Notre foulard \u00e0 corde en bambou lavande est doux, frais et l\u00e9ger. Une alternative \u00e9l\u00e9gante et confortable \u00e0 la perruque. Fabriqu\u00e9 au Qu\u00e9bec.","og_url":"https:\/\/sibelle.ca\/en\/product\/comfort-cap-bamboo-violet\/","og_site_name":"SIBELLE","article_publisher":"https:\/\/www.facebook.com\/jesuissibelle","article_modified_time":"2026-01-22T23:01:41+00:00","og_image":[{"width":1512,"height":1512,"url":"https:\/\/sibelle.ca\/wp-content\/uploads\/2026\/01\/Sibelle_Cancer_Sleeping_Cap_Bamboo_Violet_45D.webp","type":"image\/webp"}],"twitter_card":"summary_large_image","twitter_description":"Notre foulard \u00e0 corde en bambou lavande est doux, frais et l\u00e9ger. Une alternative \u00e9l\u00e9gante et confortable \u00e0 la perruque. Fabriqu\u00e9 au Qu\u00e9bec.","twitter_misc":{"Price":"32.99&nbsp;&#36;","Availability":"In stock"},"schema":{"@context":"https:\/\/schema.org","@graph":[{"@type":"WebPage","@id":"https:\/\/sibelle.ca\/en\/product\/comfort-cap-bamboo-violet\/","url":"https:\/\/sibelle.ca\/en\/product\/comfort-cap-bamboo-violet\/","name":"Comfort Cap Bamboo Violet - SIBELLE","isPartOf":{"@id":"https:\/\/sibelle.ca\/en\/#website"},"primaryImageOfPage":{"@id":"https:\/\/sibelle.ca\/en\/product\/comfort-cap-bamboo-violet\/#primaryimage"},"image":{"@id":"https:\/\/sibelle.ca\/en\/product\/comfort-cap-bamboo-violet\/#primaryimage"},"thumbnailUrl":"https:\/\/sibelle.ca\/wp-content\/uploads\/2026\/01\/Sibelle_Cancer_Sleeping_Cap_Bamboo_Violet_45D.webp","datePublished":"2026-01-22T22:15:34+00:00","dateModified":"2026-01-22T23:01:41+00:00","description":"Our violet bamboo comfort cap will wrap you in unparalleled softness, day and night. You\u2019ll surely want it in every color! Shop now.","breadcrumb":{"@id":"https:\/\/sibelle.ca\/en\/product\/comfort-cap-bamboo-violet\/#breadcrumb"},"inLanguage":"en-US","potentialAction":[{"@type":"ReadAction","target":["https:\/\/sibelle.ca\/en\/product\/comfort-cap-bamboo-violet\/"]}]},{"@type":"ImageObject","inLanguage":"en-US","@id":"https:\/\/sibelle.ca\/en\/product\/comfort-cap-bamboo-violet\/#primaryimage","url":"https:\/\/sibelle.ca\/wp-content\/uploads\/2026\/01\/Sibelle_Cancer_Sleeping_Cap_Bamboo_Violet_45D.webp","contentUrl":"https:\/\/sibelle.ca\/wp-content\/uploads\/2026\/01\/Sibelle_Cancer_Sleeping_Cap_Bamboo_Violet_45D.webp","width":1512,"height":1512},{"@type":"BreadcrumbList","@id":"https:\/\/sibelle.ca\/en\/product\/comfort-cap-bamboo-violet\/#breadcrumb","itemListElement":[{"@type":"ListItem","position":1,"name":"Home","item":"https:\/\/sibelle.ca\/en\/"},{"@type":"ListItem","position":2,"name":"Boutique sp\u00e9cialis\u00e9e pour les femmes en traitement de chimioth\u00e9rapie","item":"https:\/\/sibelle.ca\/boutiquespecialiseefemmestraitementchimiotherapie\/"},{"@type":"ListItem","position":3,"name":"Comfort Cap Bamboo Violet"}]},{"@type":"WebSite","@id":"https:\/\/sibelle.ca\/en\/#website","url":"https:\/\/sibelle.ca\/en\/","name":"Sibelle","description":"Une collection d\u2019essentiels pour aider les femmes \u00e0 faire face au cancer en beaut\u00e9.","publisher":{"@id":"https:\/\/sibelle.ca\/en\/#organization"},"potentialAction":[{"@type":"SearchAction","target":{"@type":"EntryPoint","urlTemplate":"https:\/\/sibelle.ca\/en\/?s={search_term_string}"},"query-input":{"@type":"PropertyValueSpecification","valueRequired":true,"valueName":"search_term_string"}}],"inLanguage":"en-US"},{"@type":"Organization","@id":"https:\/\/sibelle.ca\/en\/#organization","name":"Sibelle","url":"https:\/\/sibelle.ca\/en\/","logo":{"@type":"ImageObject","inLanguage":"en-US","@id":"https:\/\/sibelle.ca\/en\/#\/schema\/logo\/image\/","url":"https:\/\/sibelle.ca\/wp-content\/uploads\/2021\/05\/logo.png","contentUrl":"https:\/\/sibelle.ca\/wp-content\/uploads\/2021\/05\/logo.png","width":206,"height":30,"caption":"Sibelle"},"image":{"@id":"https:\/\/sibelle.ca\/en\/#\/schema\/logo\/image\/"},"sameAs":["https:\/\/www.facebook.com\/jesuissibelle","https:\/\/www.instagram.com\/jesuissibelle.ca"]}]},"product_price_amount":"32.99","product_price_currency":"CAD","og_availability":"instock","product_availability":"instock","product_condition":"new"},"_links":{"self":[{"href":"https:\/\/sibelle.ca\/en\/wp-json\/wp\/v2\/product\/10394","targetHints":{"allow":["GET"]}}],"collection":[{"href":"https:\/\/sibelle.ca\/en\/wp-json\/wp\/v2\/product"}],"about":[{"href":"https:\/\/sibelle.ca\/en\/wp-json\/wp\/v2\/types\/product"}],"wp:featuredmedia":[{"embeddable":true,"href":"https:\/\/sibelle.ca\/en\/wp-json\/wp\/v2\/media\/10265"}],"wp:attachment":[{"href":"https:\/\/sibelle.ca\/en\/wp-json\/wp\/v2\/media?parent=10394"}],"wp:term":[{"taxonomy":"product_brand","embeddable":true,"href":"https:\/\/sibelle.ca\/en\/wp-json\/wp\/v2\/product_brand?post=10394"},{"taxonomy":"product_cat","embeddable":true,"href":"https:\/\/sibelle.ca\/en\/wp-json\/wp\/v2\/product_cat?post=10394"},{"taxonomy":"product_tag","embeddable":true,"href":"https:\/\/sibelle.ca\/en\/wp-json\/wp\/v2\/product_tag?post=10394"},{"taxonomy":"giftcard-category","embeddable":true,"href":"https:\/\/sibelle.ca\/en\/wp-json\/wp\/v2\/giftcard-category?post=10394"}],"curies":[{"name":"wp","href":"https:\/\/api.w.org\/{rel}","templated":true}]}}