{"id":10399,"date":"2026-01-20T23:01:08","date_gmt":"2026-01-20T23:01:08","guid":{"rendered":"https:\/\/sibelle.ca\/product\/bonnet-twist-fleurs-bleues\/"},"modified":"2026-01-23T14:38:42","modified_gmt":"2026-01-23T14:38:42","slug":"twist-cap-blue-flowers","status":"publish","type":"product","link":"https:\/\/sibelle.ca\/en\/product\/twist-cap-blue-flowers\/","title":{"rendered":"Twist Cap Blue Flowers"},"content":{"rendered":"<p><strong>Style in the blink of an eye!<\/strong><\/p>\n<p data-start=\"31\" data-end=\"216\">Easy to wear, our twist cap combines functionality and style. Ultra-comfortable and stretchy, it provides full head coverage, features no irritating seams, and adapts to all head sizes.<\/p>\n<p data-start=\"218\" data-end=\"250\"><strong>Why do women love our twist cap?<\/strong><\/p>\n<ul>\n<li data-start=\"252\" data-end=\"330\">Very soft and comfortable<\/li>\n<li>Lined<\/li>\n<li>No irritating seams<\/li>\n<li>Made in Canada<\/li>\n<\/ul>\n<p>&nbsp;<\/p>\n<p>&nbsp;<\/p>\n<p>&nbsp;<\/p>\n","protected":false},"excerpt":{"rendered":"<p><span style=\"color: black;\">Our blue flowers twist cap features a base cap and a removable headband that can be layered to create a unique, stylish look.<\/span><\/p>\n<p style=\"caret-color: #000000; font-variant-caps: normal; orphans: 2; text-align: start; widows: 2; -webkit-text-stroke-width: 0px; text-decoration-line: none; text-decoration-thickness: auto; text-decoration-style: solid; word-spacing: 0px;\" data-start=\"126\" data-end=\"276\"><span style=\"color: black;\">Designed for those experiencing hair loss due to chemotherapy or alopecia, it adds volume and structure to the head, creating a flattering silhouette.<\/span><\/p>\n<p style=\"caret-color: #000000; font-variant-caps: normal; orphans: 2; text-align: start; widows: 2; -webkit-text-stroke-width: 0px; text-decoration-line: none; text-decoration-thickness: auto; text-decoration-style: solid; word-spacing: 0px;\" data-start=\"278\" data-end=\"374\" data-is-last-node=\"\" data-is-only-node=\"\"><span style=\"color: black;\">Both practical and chic, our 2-in-1 twist chemo cap will quickly become your everyday essential.<\/span><\/p>\n","protected":false},"featured_media":10349,"template":"","meta":[],"product_brand":[],"product_cat":[213,214,94],"product_tag":[],"giftcard-category":[],"class_list":{"0":"post-10399","1":"product","2":"type-product","3":"status-publish","4":"has-post-thumbnail","6":"product_cat-scarves-and-beanies","7":"product_cat-slouchy-chemo-beanies-en","8":"product_cat-chemo-beanies","10":"first","11":"instock","12":"taxable","13":"shipping-taxable","14":"purchasable","15":"product-type-simple"},"yoast_head":"<!-- This site is optimized with the Yoast SEO Premium plugin v22.6 (Yoast SEO v26.2) - https:\/\/yoast.com\/wordpress\/plugins\/seo\/ -->\n<title>Twist Cap Blue Flowers - SIBELLE<\/title>\n<meta name=\"description\" content=\"Discover our lovely blue flowers twist cap \u2014 a soft, comfortable 2-in-1 cap paired with a removable headband for a unique style. Try it!\" \/>\n<meta name=\"robots\" content=\"index, follow, max-snippet:-1, max-image-preview:large, max-video-preview:-1\" \/>\n<link rel=\"canonical\" href=\"https:\/\/sibelle.ca\/en\/product\/twist-cap-blue-flowers\/\" \/>\n<meta property=\"og:locale\" content=\"en_US\" \/>\n<meta property=\"og:type\" content=\"article\" \/>\n<meta property=\"og:title\" content=\"Twist Cap Blue Flowers - SIBELLE\" \/>\n<meta property=\"og:description\" content=\"Notre foulard \u00e0 corde en bambou lavande est doux, frais et l\u00e9ger. Une alternative \u00e9l\u00e9gante et confortable \u00e0 la perruque. Fabriqu\u00e9 au Qu\u00e9bec.\" \/>\n<meta property=\"og:url\" content=\"https:\/\/sibelle.ca\/en\/product\/twist-cap-blue-flowers\/\" \/>\n<meta property=\"og:site_name\" content=\"SIBELLE\" \/>\n<meta property=\"article:publisher\" content=\"https:\/\/www.facebook.com\/jesuissibelle\" \/>\n<meta property=\"article:modified_time\" content=\"2026-01-23T14:38:42+00:00\" \/>\n<meta property=\"og:image\" content=\"https:\/\/sibelle.ca\/wp-content\/uploads\/2026\/01\/Sibelle_Cancer_Twist_Cap_Multi_Bleu_2_45D.webp\" \/>\n\t<meta property=\"og:image:width\" content=\"1512\" \/>\n\t<meta property=\"og:image:height\" content=\"1512\" \/>\n\t<meta property=\"og:image:type\" content=\"image\/webp\" \/>\n<meta name=\"twitter:card\" content=\"summary_large_image\" \/>\n<meta name=\"twitter:description\" content=\"Notre foulard \u00e0 corde en bambou lavande est doux, frais et l\u00e9ger. Une alternative \u00e9l\u00e9gante et confortable \u00e0 la perruque. Fabriqu\u00e9 au Qu\u00e9bec.\" \/>\n<meta name=\"twitter:label1\" content=\"Price\" \/>\n\t<meta name=\"twitter:data1\" content=\"42.99&nbsp;&#036;\" \/>\n\t<meta name=\"twitter:label2\" content=\"Availability\" \/>\n\t<meta name=\"twitter:data2\" content=\"In stock\" \/>\n<script type=\"application\/ld+json\" class=\"yoast-schema-graph\">{\"@context\":\"https:\/\/schema.org\",\"@graph\":[{\"@type\":\"WebPage\",\"@id\":\"https:\/\/sibelle.ca\/en\/product\/twist-cap-blue-flowers\/\",\"url\":\"https:\/\/sibelle.ca\/en\/product\/twist-cap-blue-flowers\/\",\"name\":\"Twist Cap Blue Flowers - SIBELLE\",\"isPartOf\":{\"@id\":\"https:\/\/sibelle.ca\/en\/#website\"},\"primaryImageOfPage\":{\"@id\":\"https:\/\/sibelle.ca\/en\/product\/twist-cap-blue-flowers\/#primaryimage\"},\"image\":{\"@id\":\"https:\/\/sibelle.ca\/en\/product\/twist-cap-blue-flowers\/#primaryimage\"},\"thumbnailUrl\":\"https:\/\/sibelle.ca\/wp-content\/uploads\/2026\/01\/Sibelle_Cancer_Twist_Cap_Multi_Bleu_2_45D.webp\",\"datePublished\":\"2026-01-20T23:01:08+00:00\",\"dateModified\":\"2026-01-23T14:38:42+00:00\",\"description\":\"Discover our lovely blue flowers twist cap \u2014 a soft, comfortable 2-in-1 cap paired with a removable headband for a unique style. Try it!\",\"breadcrumb\":{\"@id\":\"https:\/\/sibelle.ca\/en\/product\/twist-cap-blue-flowers\/#breadcrumb\"},\"inLanguage\":\"en-US\",\"potentialAction\":[{\"@type\":\"ReadAction\",\"target\":[\"https:\/\/sibelle.ca\/en\/product\/twist-cap-blue-flowers\/\"]}]},{\"@type\":\"ImageObject\",\"inLanguage\":\"en-US\",\"@id\":\"https:\/\/sibelle.ca\/en\/product\/twist-cap-blue-flowers\/#primaryimage\",\"url\":\"https:\/\/sibelle.ca\/wp-content\/uploads\/2026\/01\/Sibelle_Cancer_Twist_Cap_Multi_Bleu_2_45D.webp\",\"contentUrl\":\"https:\/\/sibelle.ca\/wp-content\/uploads\/2026\/01\/Sibelle_Cancer_Twist_Cap_Multi_Bleu_2_45D.webp\",\"width\":1512,\"height\":1512},{\"@type\":\"BreadcrumbList\",\"@id\":\"https:\/\/sibelle.ca\/en\/product\/twist-cap-blue-flowers\/#breadcrumb\",\"itemListElement\":[{\"@type\":\"ListItem\",\"position\":1,\"name\":\"Home\",\"item\":\"https:\/\/sibelle.ca\/en\/\"},{\"@type\":\"ListItem\",\"position\":2,\"name\":\"Boutique sp\u00e9cialis\u00e9e pour les femmes en traitement de chimioth\u00e9rapie\",\"item\":\"https:\/\/sibelle.ca\/boutiquespecialiseefemmestraitementchimiotherapie\/\"},{\"@type\":\"ListItem\",\"position\":3,\"name\":\"Twist Cap Blue Flowers\"}]},{\"@type\":\"WebSite\",\"@id\":\"https:\/\/sibelle.ca\/en\/#website\",\"url\":\"https:\/\/sibelle.ca\/en\/\",\"name\":\"Sibelle\",\"description\":\"Une collection d\u2019essentiels pour aider les femmes \u00e0 faire face au cancer en beaut\u00e9.\",\"publisher\":{\"@id\":\"https:\/\/sibelle.ca\/en\/#organization\"},\"potentialAction\":[{\"@type\":\"SearchAction\",\"target\":{\"@type\":\"EntryPoint\",\"urlTemplate\":\"https:\/\/sibelle.ca\/en\/?s={search_term_string}\"},\"query-input\":{\"@type\":\"PropertyValueSpecification\",\"valueRequired\":true,\"valueName\":\"search_term_string\"}}],\"inLanguage\":\"en-US\"},{\"@type\":\"Organization\",\"@id\":\"https:\/\/sibelle.ca\/en\/#organization\",\"name\":\"Sibelle\",\"url\":\"https:\/\/sibelle.ca\/en\/\",\"logo\":{\"@type\":\"ImageObject\",\"inLanguage\":\"en-US\",\"@id\":\"https:\/\/sibelle.ca\/en\/#\/schema\/logo\/image\/\",\"url\":\"https:\/\/sibelle.ca\/wp-content\/uploads\/2021\/05\/logo.png\",\"contentUrl\":\"https:\/\/sibelle.ca\/wp-content\/uploads\/2021\/05\/logo.png\",\"width\":206,\"height\":30,\"caption\":\"Sibelle\"},\"image\":{\"@id\":\"https:\/\/sibelle.ca\/en\/#\/schema\/logo\/image\/\"},\"sameAs\":[\"https:\/\/www.facebook.com\/jesuissibelle\",\"https:\/\/www.instagram.com\/jesuissibelle.ca\"]}]}<\/script>\n<meta property=\"product:price:amount\" content=\"42.99\" \/>\n<meta property=\"product:price:currency\" content=\"CAD\" \/>\n<meta property=\"og:availability\" content=\"instock\" \/>\n<meta property=\"product:availability\" content=\"instock\" \/>\n<meta property=\"product:condition\" content=\"new\" \/>\n<!-- \/ Yoast SEO Premium plugin. -->","yoast_head_json":{"title":"Twist Cap Blue Flowers - SIBELLE","description":"Discover our lovely blue flowers twist cap \u2014 a soft, comfortable 2-in-1 cap paired with a removable headband for a unique style. Try it!","robots":{"index":"index","follow":"follow","max-snippet":"max-snippet:-1","max-image-preview":"max-image-preview:large","max-video-preview":"max-video-preview:-1"},"canonical":"https:\/\/sibelle.ca\/en\/product\/twist-cap-blue-flowers\/","og_locale":"en_US","og_type":"article","og_title":"Twist Cap Blue Flowers - SIBELLE","og_description":"Notre foulard \u00e0 corde en bambou lavande est doux, frais et l\u00e9ger. Une alternative \u00e9l\u00e9gante et confortable \u00e0 la perruque. Fabriqu\u00e9 au Qu\u00e9bec.","og_url":"https:\/\/sibelle.ca\/en\/product\/twist-cap-blue-flowers\/","og_site_name":"SIBELLE","article_publisher":"https:\/\/www.facebook.com\/jesuissibelle","article_modified_time":"2026-01-23T14:38:42+00:00","og_image":[{"width":1512,"height":1512,"url":"https:\/\/sibelle.ca\/wp-content\/uploads\/2026\/01\/Sibelle_Cancer_Twist_Cap_Multi_Bleu_2_45D.webp","type":"image\/webp"}],"twitter_card":"summary_large_image","twitter_description":"Notre foulard \u00e0 corde en bambou lavande est doux, frais et l\u00e9ger. Une alternative \u00e9l\u00e9gante et confortable \u00e0 la perruque. Fabriqu\u00e9 au Qu\u00e9bec.","twitter_misc":{"Price":"42.99&nbsp;&#36;","Availability":"In stock"},"schema":{"@context":"https:\/\/schema.org","@graph":[{"@type":"WebPage","@id":"https:\/\/sibelle.ca\/en\/product\/twist-cap-blue-flowers\/","url":"https:\/\/sibelle.ca\/en\/product\/twist-cap-blue-flowers\/","name":"Twist Cap Blue Flowers - SIBELLE","isPartOf":{"@id":"https:\/\/sibelle.ca\/en\/#website"},"primaryImageOfPage":{"@id":"https:\/\/sibelle.ca\/en\/product\/twist-cap-blue-flowers\/#primaryimage"},"image":{"@id":"https:\/\/sibelle.ca\/en\/product\/twist-cap-blue-flowers\/#primaryimage"},"thumbnailUrl":"https:\/\/sibelle.ca\/wp-content\/uploads\/2026\/01\/Sibelle_Cancer_Twist_Cap_Multi_Bleu_2_45D.webp","datePublished":"2026-01-20T23:01:08+00:00","dateModified":"2026-01-23T14:38:42+00:00","description":"Discover our lovely blue flowers twist cap \u2014 a soft, comfortable 2-in-1 cap paired with a removable headband for a unique style. Try it!","breadcrumb":{"@id":"https:\/\/sibelle.ca\/en\/product\/twist-cap-blue-flowers\/#breadcrumb"},"inLanguage":"en-US","potentialAction":[{"@type":"ReadAction","target":["https:\/\/sibelle.ca\/en\/product\/twist-cap-blue-flowers\/"]}]},{"@type":"ImageObject","inLanguage":"en-US","@id":"https:\/\/sibelle.ca\/en\/product\/twist-cap-blue-flowers\/#primaryimage","url":"https:\/\/sibelle.ca\/wp-content\/uploads\/2026\/01\/Sibelle_Cancer_Twist_Cap_Multi_Bleu_2_45D.webp","contentUrl":"https:\/\/sibelle.ca\/wp-content\/uploads\/2026\/01\/Sibelle_Cancer_Twist_Cap_Multi_Bleu_2_45D.webp","width":1512,"height":1512},{"@type":"BreadcrumbList","@id":"https:\/\/sibelle.ca\/en\/product\/twist-cap-blue-flowers\/#breadcrumb","itemListElement":[{"@type":"ListItem","position":1,"name":"Home","item":"https:\/\/sibelle.ca\/en\/"},{"@type":"ListItem","position":2,"name":"Boutique sp\u00e9cialis\u00e9e pour les femmes en traitement de chimioth\u00e9rapie","item":"https:\/\/sibelle.ca\/boutiquespecialiseefemmestraitementchimiotherapie\/"},{"@type":"ListItem","position":3,"name":"Twist Cap Blue Flowers"}]},{"@type":"WebSite","@id":"https:\/\/sibelle.ca\/en\/#website","url":"https:\/\/sibelle.ca\/en\/","name":"Sibelle","description":"Une collection d\u2019essentiels pour aider les femmes \u00e0 faire face au cancer en beaut\u00e9.","publisher":{"@id":"https:\/\/sibelle.ca\/en\/#organization"},"potentialAction":[{"@type":"SearchAction","target":{"@type":"EntryPoint","urlTemplate":"https:\/\/sibelle.ca\/en\/?s={search_term_string}"},"query-input":{"@type":"PropertyValueSpecification","valueRequired":true,"valueName":"search_term_string"}}],"inLanguage":"en-US"},{"@type":"Organization","@id":"https:\/\/sibelle.ca\/en\/#organization","name":"Sibelle","url":"https:\/\/sibelle.ca\/en\/","logo":{"@type":"ImageObject","inLanguage":"en-US","@id":"https:\/\/sibelle.ca\/en\/#\/schema\/logo\/image\/","url":"https:\/\/sibelle.ca\/wp-content\/uploads\/2021\/05\/logo.png","contentUrl":"https:\/\/sibelle.ca\/wp-content\/uploads\/2021\/05\/logo.png","width":206,"height":30,"caption":"Sibelle"},"image":{"@id":"https:\/\/sibelle.ca\/en\/#\/schema\/logo\/image\/"},"sameAs":["https:\/\/www.facebook.com\/jesuissibelle","https:\/\/www.instagram.com\/jesuissibelle.ca"]}]},"product_price_amount":"42.99","product_price_currency":"CAD","og_availability":"instock","product_availability":"instock","product_condition":"new"},"_links":{"self":[{"href":"https:\/\/sibelle.ca\/en\/wp-json\/wp\/v2\/product\/10399","targetHints":{"allow":["GET"]}}],"collection":[{"href":"https:\/\/sibelle.ca\/en\/wp-json\/wp\/v2\/product"}],"about":[{"href":"https:\/\/sibelle.ca\/en\/wp-json\/wp\/v2\/types\/product"}],"wp:featuredmedia":[{"embeddable":true,"href":"https:\/\/sibelle.ca\/en\/wp-json\/wp\/v2\/media\/10349"}],"wp:attachment":[{"href":"https:\/\/sibelle.ca\/en\/wp-json\/wp\/v2\/media?parent=10399"}],"wp:term":[{"taxonomy":"product_brand","embeddable":true,"href":"https:\/\/sibelle.ca\/en\/wp-json\/wp\/v2\/product_brand?post=10399"},{"taxonomy":"product_cat","embeddable":true,"href":"https:\/\/sibelle.ca\/en\/wp-json\/wp\/v2\/product_cat?post=10399"},{"taxonomy":"product_tag","embeddable":true,"href":"https:\/\/sibelle.ca\/en\/wp-json\/wp\/v2\/product_tag?post=10399"},{"taxonomy":"giftcard-category","embeddable":true,"href":"https:\/\/sibelle.ca\/en\/wp-json\/wp\/v2\/giftcard-category?post=10399"}],"curies":[{"name":"wp","href":"https:\/\/api.w.org\/{rel}","templated":true}]}}