{"id":1425,"date":"2021-05-29T17:44:37","date_gmt":"2021-05-29T17:44:37","guid":{"rendered":"https:\/\/sibelle.ca\/product\/foulard-a-corde-ballerine\/"},"modified":"2023-07-02T17:20:08","modified_gmt":"2023-07-02T17:20:08","slug":"girl-chemo-scarf-with-ties-ballerina","status":"publish","type":"product","link":"https:\/\/sibelle.ca\/en\/product\/girl-chemo-scarf-with-ties-ballerina\/","title":{"rendered":"Chemo Scarf with Ties | Ballerina"},"content":{"rendered":"","protected":false},"excerpt":{"rendered":"<p><strong><span class=\"Y2IQFc\" lang=\"en\">Sibelle preformed chemo scarf for ready-to-style hair extensions.<\/span><\/strong><\/p>\n<p class=\"tw-data-text tw-text-large tw-ta\" dir=\"ltr\" data-placeholder=\"Traduction\"><span class=\"Y2IQFc\" lang=\"en\">Specially designed to meet the needs of girls facing hair loss, we added connectors inside our scarves to make it easy to add hair extensions. Perfect for girls undergoing chemotherapy treatment or suffering from hair problems. An elastic at the base of the occipital ensures the maintenance and position of the scarf. No nasty surprises. They do not move or slip.\u00a0<\/span><\/p>\n<p class=\"tw-data-text tw-text-large tw-ta\" dir=\"ltr\" data-placeholder=\"Traduction\"><strong><span class=\"Y2IQFc\" lang=\"en\">Change style in seconds! <\/span><\/strong><\/p>\n<p class=\"tw-data-text tw-text-large tw-ta\" dir=\"ltr\" data-placeholder=\"Traduction\"><span class=\"Y2IQFc\" lang=\"en\">Short haircut. Long hair. Blonde or brunette. Our connectors allow you to interchange easily &#8220;hair extensions and scarves&#8221; to create the look you want.\u00a0<\/span><\/p>\n<p class=\"tw-data-text tw-text-large tw-ta\" dir=\"ltr\" data-placeholder=\"Traduction\"><strong><span class=\"Y2IQFc\" lang=\"en\">Can be worn with or without hair extensions. <\/span><\/strong><\/p>\n<ul>\n<li><span class=\"Y2IQFc\" lang=\"en\">Preformed chemo scarf with ties<\/span><\/li>\n<li><span class=\"Y2IQFc\" lang=\"en\">Soft and comfortable<\/span><\/li>\n<li>One size fits all<\/li>\n<li>Made in Canada<\/li>\n<\/ul>\n","protected":false},"featured_media":563,"template":"","meta":[],"product_brand":[],"product_cat":[213,97],"product_tag":[],"giftcard-category":[],"class_list":{"0":"post-1425","1":"product","2":"type-product","3":"status-publish","4":"has-post-thumbnail","6":"product_cat-scarves-and-beanies","7":"product_cat-chemo-scarves-for-girls","9":"first","10":"outofstock","11":"taxable","12":"shipping-taxable","13":"purchasable","14":"product-type-simple"},"yoast_head":"<!-- This site is optimized with the Yoast SEO Premium plugin v22.6 (Yoast SEO v26.2) - https:\/\/yoast.com\/wordpress\/plugins\/seo\/ -->\n<title>Chemo Scarf with Ties | Ballerina - SIBELLE<\/title>\n<meta name=\"description\" content=\"Chemo scarf for girls with cancer or hair lost problems. Specially designed to add ready-to-style hair extensions. Made in Canada.\" \/>\n<meta name=\"robots\" content=\"index, follow, max-snippet:-1, max-image-preview:large, max-video-preview:-1\" \/>\n<link rel=\"canonical\" href=\"https:\/\/sibelle.ca\/en\/product\/girl-chemo-scarf-with-ties-ballerina\/\" \/>\n<meta property=\"og:locale\" content=\"en_US\" \/>\n<meta property=\"og:type\" content=\"article\" \/>\n<meta property=\"og:title\" content=\"Chemo Scarf with Ties | Ballerina - SIBELLE\" \/>\n<meta property=\"og:description\" content=\"Chemo scarf for girls with cancer or hair lost problems. Specially designed to add ready-to-style hair extensions. Made in Canada.\" \/>\n<meta property=\"og:url\" content=\"https:\/\/sibelle.ca\/en\/product\/girl-chemo-scarf-with-ties-ballerina\/\" \/>\n<meta property=\"og:site_name\" content=\"SIBELLE\" \/>\n<meta property=\"article:publisher\" content=\"https:\/\/www.facebook.com\/jesuissibelle\" \/>\n<meta property=\"article:modified_time\" content=\"2023-07-02T17:20:08+00:00\" \/>\n<meta property=\"og:image\" content=\"https:\/\/sibelle.ca\/wp-content\/uploads\/2021\/05\/foulard-\u2026-corde-ballerine-45d_1500.png\" \/>\n\t<meta property=\"og:image:width\" content=\"1500\" \/>\n\t<meta property=\"og:image:height\" content=\"1500\" \/>\n\t<meta property=\"og:image:type\" content=\"image\/png\" \/>\n<meta name=\"twitter:card\" content=\"summary_large_image\" \/>\n<meta name=\"twitter:label1\" content=\"Price\" \/>\n\t<meta name=\"twitter:data1\" content=\"34.99&nbsp;&#036;\" \/>\n\t<meta name=\"twitter:label2\" content=\"Availability\" \/>\n\t<meta name=\"twitter:data2\" content=\"Out of stock\" \/>\n<script type=\"application\/ld+json\" class=\"yoast-schema-graph\">{\"@context\":\"https:\/\/schema.org\",\"@graph\":[{\"@type\":\"WebPage\",\"@id\":\"https:\/\/sibelle.ca\/en\/product\/girl-chemo-scarf-with-ties-ballerina\/\",\"url\":\"https:\/\/sibelle.ca\/en\/product\/girl-chemo-scarf-with-ties-ballerina\/\",\"name\":\"Chemo Scarf with Ties | Ballerina - SIBELLE\",\"isPartOf\":{\"@id\":\"https:\/\/sibelle.ca\/en\/#website\"},\"primaryImageOfPage\":{\"@id\":\"https:\/\/sibelle.ca\/en\/product\/girl-chemo-scarf-with-ties-ballerina\/#primaryimage\"},\"image\":{\"@id\":\"https:\/\/sibelle.ca\/en\/product\/girl-chemo-scarf-with-ties-ballerina\/#primaryimage\"},\"thumbnailUrl\":\"https:\/\/sibelle.ca\/wp-content\/uploads\/2021\/05\/foulard-\u2026-corde-ballerine-45d_1500.png\",\"datePublished\":\"2021-05-29T17:44:37+00:00\",\"dateModified\":\"2023-07-02T17:20:08+00:00\",\"description\":\"Chemo scarf for girls with cancer or hair lost problems. Specially designed to add ready-to-style hair extensions. Made in Canada.\",\"breadcrumb\":{\"@id\":\"https:\/\/sibelle.ca\/en\/product\/girl-chemo-scarf-with-ties-ballerina\/#breadcrumb\"},\"inLanguage\":\"en-US\",\"potentialAction\":[{\"@type\":\"ReadAction\",\"target\":[\"https:\/\/sibelle.ca\/en\/product\/girl-chemo-scarf-with-ties-ballerina\/\"]}]},{\"@type\":\"ImageObject\",\"inLanguage\":\"en-US\",\"@id\":\"https:\/\/sibelle.ca\/en\/product\/girl-chemo-scarf-with-ties-ballerina\/#primaryimage\",\"url\":\"https:\/\/sibelle.ca\/wp-content\/uploads\/2021\/05\/foulard-\u2026-corde-ballerine-45d_1500.png\",\"contentUrl\":\"https:\/\/sibelle.ca\/wp-content\/uploads\/2021\/05\/foulard-\u2026-corde-ballerine-45d_1500.png\",\"width\":1500,\"height\":1500,\"caption\":\"Foulard chimio fillette cancer\"},{\"@type\":\"BreadcrumbList\",\"@id\":\"https:\/\/sibelle.ca\/en\/product\/girl-chemo-scarf-with-ties-ballerina\/#breadcrumb\",\"itemListElement\":[{\"@type\":\"ListItem\",\"position\":1,\"name\":\"Home\",\"item\":\"https:\/\/sibelle.ca\/en\/\"},{\"@type\":\"ListItem\",\"position\":2,\"name\":\"Boutique sp\u00e9cialis\u00e9e pour les femmes en traitement de chimioth\u00e9rapie\",\"item\":\"https:\/\/sibelle.ca\/boutiquespecialiseefemmestraitementchimiotherapie\/\"},{\"@type\":\"ListItem\",\"position\":3,\"name\":\"Chemo Scarf with Ties | Ballerina\"}]},{\"@type\":\"WebSite\",\"@id\":\"https:\/\/sibelle.ca\/en\/#website\",\"url\":\"https:\/\/sibelle.ca\/en\/\",\"name\":\"Sibelle\",\"description\":\"Une collection d\u2019essentiels pour aider les femmes \u00e0 faire face au cancer en beaut\u00e9.\",\"publisher\":{\"@id\":\"https:\/\/sibelle.ca\/en\/#organization\"},\"potentialAction\":[{\"@type\":\"SearchAction\",\"target\":{\"@type\":\"EntryPoint\",\"urlTemplate\":\"https:\/\/sibelle.ca\/en\/?s={search_term_string}\"},\"query-input\":{\"@type\":\"PropertyValueSpecification\",\"valueRequired\":true,\"valueName\":\"search_term_string\"}}],\"inLanguage\":\"en-US\"},{\"@type\":\"Organization\",\"@id\":\"https:\/\/sibelle.ca\/en\/#organization\",\"name\":\"Sibelle\",\"url\":\"https:\/\/sibelle.ca\/en\/\",\"logo\":{\"@type\":\"ImageObject\",\"inLanguage\":\"en-US\",\"@id\":\"https:\/\/sibelle.ca\/en\/#\/schema\/logo\/image\/\",\"url\":\"https:\/\/sibelle.ca\/wp-content\/uploads\/2021\/05\/logo.png\",\"contentUrl\":\"https:\/\/sibelle.ca\/wp-content\/uploads\/2021\/05\/logo.png\",\"width\":206,\"height\":30,\"caption\":\"Sibelle\"},\"image\":{\"@id\":\"https:\/\/sibelle.ca\/en\/#\/schema\/logo\/image\/\"},\"sameAs\":[\"https:\/\/www.facebook.com\/jesuissibelle\",\"https:\/\/www.instagram.com\/jesuissibelle.ca\"]}]}<\/script>\n<meta property=\"product:price:amount\" content=\"34.99\" \/>\n<meta property=\"product:price:currency\" content=\"CAD\" \/>\n<meta property=\"og:availability\" content=\"out of stock\" \/>\n<meta property=\"product:availability\" content=\"out of stock\" \/>\n<meta property=\"product:condition\" content=\"new\" \/>\n<!-- \/ Yoast SEO Premium plugin. -->","yoast_head_json":{"title":"Chemo Scarf with Ties | Ballerina - SIBELLE","description":"Chemo scarf for girls with cancer or hair lost problems. Specially designed to add ready-to-style hair extensions. Made in Canada.","robots":{"index":"index","follow":"follow","max-snippet":"max-snippet:-1","max-image-preview":"max-image-preview:large","max-video-preview":"max-video-preview:-1"},"canonical":"https:\/\/sibelle.ca\/en\/product\/girl-chemo-scarf-with-ties-ballerina\/","og_locale":"en_US","og_type":"article","og_title":"Chemo Scarf with Ties | Ballerina - SIBELLE","og_description":"Chemo scarf for girls with cancer or hair lost problems. Specially designed to add ready-to-style hair extensions. Made in Canada.","og_url":"https:\/\/sibelle.ca\/en\/product\/girl-chemo-scarf-with-ties-ballerina\/","og_site_name":"SIBELLE","article_publisher":"https:\/\/www.facebook.com\/jesuissibelle","article_modified_time":"2023-07-02T17:20:08+00:00","og_image":[{"width":1500,"height":1500,"url":"https:\/\/sibelle.ca\/wp-content\/uploads\/2021\/05\/foulard-\u2026-corde-ballerine-45d_1500.png","type":"image\/png"}],"twitter_card":"summary_large_image","twitter_misc":{"Price":"34.99&nbsp;&#36;","Availability":"Out of stock"},"schema":{"@context":"https:\/\/schema.org","@graph":[{"@type":"WebPage","@id":"https:\/\/sibelle.ca\/en\/product\/girl-chemo-scarf-with-ties-ballerina\/","url":"https:\/\/sibelle.ca\/en\/product\/girl-chemo-scarf-with-ties-ballerina\/","name":"Chemo Scarf with Ties | Ballerina - SIBELLE","isPartOf":{"@id":"https:\/\/sibelle.ca\/en\/#website"},"primaryImageOfPage":{"@id":"https:\/\/sibelle.ca\/en\/product\/girl-chemo-scarf-with-ties-ballerina\/#primaryimage"},"image":{"@id":"https:\/\/sibelle.ca\/en\/product\/girl-chemo-scarf-with-ties-ballerina\/#primaryimage"},"thumbnailUrl":"https:\/\/sibelle.ca\/wp-content\/uploads\/2021\/05\/foulard-\u2026-corde-ballerine-45d_1500.png","datePublished":"2021-05-29T17:44:37+00:00","dateModified":"2023-07-02T17:20:08+00:00","description":"Chemo scarf for girls with cancer or hair lost problems. Specially designed to add ready-to-style hair extensions. Made in Canada.","breadcrumb":{"@id":"https:\/\/sibelle.ca\/en\/product\/girl-chemo-scarf-with-ties-ballerina\/#breadcrumb"},"inLanguage":"en-US","potentialAction":[{"@type":"ReadAction","target":["https:\/\/sibelle.ca\/en\/product\/girl-chemo-scarf-with-ties-ballerina\/"]}]},{"@type":"ImageObject","inLanguage":"en-US","@id":"https:\/\/sibelle.ca\/en\/product\/girl-chemo-scarf-with-ties-ballerina\/#primaryimage","url":"https:\/\/sibelle.ca\/wp-content\/uploads\/2021\/05\/foulard-\u2026-corde-ballerine-45d_1500.png","contentUrl":"https:\/\/sibelle.ca\/wp-content\/uploads\/2021\/05\/foulard-\u2026-corde-ballerine-45d_1500.png","width":1500,"height":1500,"caption":"Foulard chimio fillette cancer"},{"@type":"BreadcrumbList","@id":"https:\/\/sibelle.ca\/en\/product\/girl-chemo-scarf-with-ties-ballerina\/#breadcrumb","itemListElement":[{"@type":"ListItem","position":1,"name":"Home","item":"https:\/\/sibelle.ca\/en\/"},{"@type":"ListItem","position":2,"name":"Boutique sp\u00e9cialis\u00e9e pour les femmes en traitement de chimioth\u00e9rapie","item":"https:\/\/sibelle.ca\/boutiquespecialiseefemmestraitementchimiotherapie\/"},{"@type":"ListItem","position":3,"name":"Chemo Scarf with Ties | Ballerina"}]},{"@type":"WebSite","@id":"https:\/\/sibelle.ca\/en\/#website","url":"https:\/\/sibelle.ca\/en\/","name":"Sibelle","description":"Une collection d\u2019essentiels pour aider les femmes \u00e0 faire face au cancer en beaut\u00e9.","publisher":{"@id":"https:\/\/sibelle.ca\/en\/#organization"},"potentialAction":[{"@type":"SearchAction","target":{"@type":"EntryPoint","urlTemplate":"https:\/\/sibelle.ca\/en\/?s={search_term_string}"},"query-input":{"@type":"PropertyValueSpecification","valueRequired":true,"valueName":"search_term_string"}}],"inLanguage":"en-US"},{"@type":"Organization","@id":"https:\/\/sibelle.ca\/en\/#organization","name":"Sibelle","url":"https:\/\/sibelle.ca\/en\/","logo":{"@type":"ImageObject","inLanguage":"en-US","@id":"https:\/\/sibelle.ca\/en\/#\/schema\/logo\/image\/","url":"https:\/\/sibelle.ca\/wp-content\/uploads\/2021\/05\/logo.png","contentUrl":"https:\/\/sibelle.ca\/wp-content\/uploads\/2021\/05\/logo.png","width":206,"height":30,"caption":"Sibelle"},"image":{"@id":"https:\/\/sibelle.ca\/en\/#\/schema\/logo\/image\/"},"sameAs":["https:\/\/www.facebook.com\/jesuissibelle","https:\/\/www.instagram.com\/jesuissibelle.ca"]}]},"product_price_amount":"34.99","product_price_currency":"CAD","og_availability":"out of stock","product_availability":"out of stock","product_condition":"new"},"_links":{"self":[{"href":"https:\/\/sibelle.ca\/en\/wp-json\/wp\/v2\/product\/1425","targetHints":{"allow":["GET"]}}],"collection":[{"href":"https:\/\/sibelle.ca\/en\/wp-json\/wp\/v2\/product"}],"about":[{"href":"https:\/\/sibelle.ca\/en\/wp-json\/wp\/v2\/types\/product"}],"wp:featuredmedia":[{"embeddable":true,"href":"https:\/\/sibelle.ca\/en\/wp-json\/wp\/v2\/media\/563"}],"wp:attachment":[{"href":"https:\/\/sibelle.ca\/en\/wp-json\/wp\/v2\/media?parent=1425"}],"wp:term":[{"taxonomy":"product_brand","embeddable":true,"href":"https:\/\/sibelle.ca\/en\/wp-json\/wp\/v2\/product_brand?post=1425"},{"taxonomy":"product_cat","embeddable":true,"href":"https:\/\/sibelle.ca\/en\/wp-json\/wp\/v2\/product_cat?post=1425"},{"taxonomy":"product_tag","embeddable":true,"href":"https:\/\/sibelle.ca\/en\/wp-json\/wp\/v2\/product_tag?post=1425"},{"taxonomy":"giftcard-category","embeddable":true,"href":"https:\/\/sibelle.ca\/en\/wp-json\/wp\/v2\/giftcard-category?post=1425"}],"curies":[{"name":"wp","href":"https:\/\/api.w.org\/{rel}","templated":true}]}}