{"id":1444,"date":"2021-05-27T21:27:49","date_gmt":"2021-05-27T21:27:49","guid":{"rendered":"https:\/\/sibelle.ca\/product\/traceur-ultra-scintillant\/"},"modified":"2023-08-20T17:21:35","modified_gmt":"2023-08-20T17:21:35","slug":"gold-shimmer","status":"publish","type":"product","link":"https:\/\/sibelle.ca\/en\/product\/gold-shimmer\/","title":{"rendered":"Gold Shimmer"},"content":{"rendered":"<p>INGR\u00c9DIENTS:<br \/>\n<span class=\"Y2IQFc\" lang=\"en\"> Water, propylene glycol, mica, calcium aluminum borosilicate, poly(vinyl alcohol), xanthan gum, carbomer, triethanolamine, phenoxyethanol, methanol, methyl acetate. May contain: titanium dioxide, ci 77491, silver, tin oxide.<\/span><\/p>\n<p><strong>Warning:<\/strong> This product contains silver or silver salts.<\/p>\n","protected":false},"excerpt":{"rendered":"<p>100% Vegan. Paraben free.<br \/>\nMade in Canada.<\/p>\n<p>Long-lasting liquid shimmer. Apply to eyes, face and lips. A must have for anyone who loves glamor and bling. To shine every day.<\/p>\n","protected":false},"featured_media":888,"template":"","meta":[],"product_brand":[],"product_cat":[215,99],"product_tag":[],"giftcard-category":[],"class_list":{"0":"post-1444","1":"product","2":"type-product","3":"status-publish","4":"has-post-thumbnail","6":"product_cat-beauty-care","7":"product_cat-makeup","9":"first","10":"instock","11":"sale","12":"taxable","13":"shipping-taxable","14":"purchasable","15":"product-type-simple"},"yoast_head":"<!-- This site is optimized with the Yoast SEO Premium plugin v22.6 (Yoast SEO v26.2) - https:\/\/yoast.com\/wordpress\/plugins\/seo\/ -->\n<title>Gold Shimmer - SIBELLE<\/title>\n<meta name=\"description\" content=\"Long-lasting liquid shimmer. A must have for anyone who loves glamor and bling. To shine every day. 100% Vegan. Paraben free.\" \/>\n<meta name=\"robots\" content=\"index, follow, max-snippet:-1, max-image-preview:large, max-video-preview:-1\" \/>\n<link rel=\"canonical\" href=\"https:\/\/sibelle.ca\/en\/product\/gold-shimmer\/\" \/>\n<meta property=\"og:locale\" content=\"en_US\" \/>\n<meta property=\"og:type\" content=\"article\" \/>\n<meta property=\"og:title\" content=\"Gold Shimmer - SIBELLE\" \/>\n<meta property=\"og:description\" content=\"Long-lasting liquid shimmer. A must have for anyone who loves glamor and bling. To shine every day. 100% Vegan. Paraben free.\" \/>\n<meta property=\"og:url\" content=\"https:\/\/sibelle.ca\/en\/product\/gold-shimmer\/\" \/>\n<meta property=\"og:site_name\" content=\"SIBELLE\" \/>\n<meta property=\"article:publisher\" content=\"https:\/\/www.facebook.com\/jesuissibelle\" \/>\n<meta property=\"article:modified_time\" content=\"2023-08-20T17:21:35+00:00\" \/>\n<meta property=\"og:image\" content=\"https:\/\/sibelle.ca\/wp-content\/uploads\/2021\/05\/schimmer-gold_r_1500dyrcut.png\" \/>\n\t<meta property=\"og:image:width\" content=\"1500\" \/>\n\t<meta property=\"og:image:height\" content=\"1500\" \/>\n\t<meta property=\"og:image:type\" content=\"image\/png\" \/>\n<meta name=\"twitter:card\" content=\"summary_large_image\" \/>\n<meta name=\"twitter:label1\" content=\"Price\" \/>\n\t<meta name=\"twitter:data1\" content=\"14.95&nbsp;&#036;\" \/>\n\t<meta name=\"twitter:label2\" content=\"Availability\" \/>\n\t<meta name=\"twitter:data2\" content=\"In stock\" \/>\n<script type=\"application\/ld+json\" class=\"yoast-schema-graph\">{\"@context\":\"https:\/\/schema.org\",\"@graph\":[{\"@type\":\"WebPage\",\"@id\":\"https:\/\/sibelle.ca\/en\/product\/gold-shimmer\/\",\"url\":\"https:\/\/sibelle.ca\/en\/product\/gold-shimmer\/\",\"name\":\"Gold Shimmer - SIBELLE\",\"isPartOf\":{\"@id\":\"https:\/\/sibelle.ca\/en\/#website\"},\"primaryImageOfPage\":{\"@id\":\"https:\/\/sibelle.ca\/en\/product\/gold-shimmer\/#primaryimage\"},\"image\":{\"@id\":\"https:\/\/sibelle.ca\/en\/product\/gold-shimmer\/#primaryimage\"},\"thumbnailUrl\":\"https:\/\/sibelle.ca\/wp-content\/uploads\/2021\/05\/schimmer-gold_r_1500dyrcut.png\",\"datePublished\":\"2021-05-27T21:27:49+00:00\",\"dateModified\":\"2023-08-20T17:21:35+00:00\",\"description\":\"Long-lasting liquid shimmer. A must have for anyone who loves glamor and bling. To shine every day. 100% Vegan. Paraben free.\",\"breadcrumb\":{\"@id\":\"https:\/\/sibelle.ca\/en\/product\/gold-shimmer\/#breadcrumb\"},\"inLanguage\":\"en-US\",\"potentialAction\":[{\"@type\":\"ReadAction\",\"target\":[\"https:\/\/sibelle.ca\/en\/product\/gold-shimmer\/\"]}]},{\"@type\":\"ImageObject\",\"inLanguage\":\"en-US\",\"@id\":\"https:\/\/sibelle.ca\/en\/product\/gold-shimmer\/#primaryimage\",\"url\":\"https:\/\/sibelle.ca\/wp-content\/uploads\/2021\/05\/schimmer-gold_r_1500dyrcut.png\",\"contentUrl\":\"https:\/\/sibelle.ca\/wp-content\/uploads\/2021\/05\/schimmer-gold_r_1500dyrcut.png\",\"width\":1500,\"height\":1500},{\"@type\":\"BreadcrumbList\",\"@id\":\"https:\/\/sibelle.ca\/en\/product\/gold-shimmer\/#breadcrumb\",\"itemListElement\":[{\"@type\":\"ListItem\",\"position\":1,\"name\":\"Home\",\"item\":\"https:\/\/sibelle.ca\/en\/\"},{\"@type\":\"ListItem\",\"position\":2,\"name\":\"Boutique sp\u00e9cialis\u00e9e pour les femmes en traitement de chimioth\u00e9rapie\",\"item\":\"https:\/\/sibelle.ca\/boutiquespecialiseefemmestraitementchimiotherapie\/\"},{\"@type\":\"ListItem\",\"position\":3,\"name\":\"Gold Shimmer\"}]},{\"@type\":\"WebSite\",\"@id\":\"https:\/\/sibelle.ca\/en\/#website\",\"url\":\"https:\/\/sibelle.ca\/en\/\",\"name\":\"Sibelle\",\"description\":\"Une collection d\u2019essentiels pour aider les femmes \u00e0 faire face au cancer en beaut\u00e9.\",\"publisher\":{\"@id\":\"https:\/\/sibelle.ca\/en\/#organization\"},\"potentialAction\":[{\"@type\":\"SearchAction\",\"target\":{\"@type\":\"EntryPoint\",\"urlTemplate\":\"https:\/\/sibelle.ca\/en\/?s={search_term_string}\"},\"query-input\":{\"@type\":\"PropertyValueSpecification\",\"valueRequired\":true,\"valueName\":\"search_term_string\"}}],\"inLanguage\":\"en-US\"},{\"@type\":\"Organization\",\"@id\":\"https:\/\/sibelle.ca\/en\/#organization\",\"name\":\"Sibelle\",\"url\":\"https:\/\/sibelle.ca\/en\/\",\"logo\":{\"@type\":\"ImageObject\",\"inLanguage\":\"en-US\",\"@id\":\"https:\/\/sibelle.ca\/en\/#\/schema\/logo\/image\/\",\"url\":\"https:\/\/sibelle.ca\/wp-content\/uploads\/2021\/05\/logo.png\",\"contentUrl\":\"https:\/\/sibelle.ca\/wp-content\/uploads\/2021\/05\/logo.png\",\"width\":206,\"height\":30,\"caption\":\"Sibelle\"},\"image\":{\"@id\":\"https:\/\/sibelle.ca\/en\/#\/schema\/logo\/image\/\"},\"sameAs\":[\"https:\/\/www.facebook.com\/jesuissibelle\",\"https:\/\/www.instagram.com\/jesuissibelle.ca\"]}]}<\/script>\n<meta property=\"product:price:amount\" content=\"14.95\" \/>\n<meta property=\"product:price:currency\" content=\"CAD\" \/>\n<meta property=\"og:availability\" content=\"instock\" \/>\n<meta property=\"product:availability\" content=\"instock\" \/>\n<meta property=\"product:condition\" content=\"new\" \/>\n<!-- \/ Yoast SEO Premium plugin. -->","yoast_head_json":{"title":"Gold Shimmer - SIBELLE","description":"Long-lasting liquid shimmer. A must have for anyone who loves glamor and bling. To shine every day. 100% Vegan. Paraben free.","robots":{"index":"index","follow":"follow","max-snippet":"max-snippet:-1","max-image-preview":"max-image-preview:large","max-video-preview":"max-video-preview:-1"},"canonical":"https:\/\/sibelle.ca\/en\/product\/gold-shimmer\/","og_locale":"en_US","og_type":"article","og_title":"Gold Shimmer - SIBELLE","og_description":"Long-lasting liquid shimmer. A must have for anyone who loves glamor and bling. To shine every day. 100% Vegan. Paraben free.","og_url":"https:\/\/sibelle.ca\/en\/product\/gold-shimmer\/","og_site_name":"SIBELLE","article_publisher":"https:\/\/www.facebook.com\/jesuissibelle","article_modified_time":"2023-08-20T17:21:35+00:00","og_image":[{"width":1500,"height":1500,"url":"https:\/\/sibelle.ca\/wp-content\/uploads\/2021\/05\/schimmer-gold_r_1500dyrcut.png","type":"image\/png"}],"twitter_card":"summary_large_image","twitter_misc":{"Price":"14.95&nbsp;&#36;","Availability":"In stock"},"schema":{"@context":"https:\/\/schema.org","@graph":[{"@type":"WebPage","@id":"https:\/\/sibelle.ca\/en\/product\/gold-shimmer\/","url":"https:\/\/sibelle.ca\/en\/product\/gold-shimmer\/","name":"Gold Shimmer - SIBELLE","isPartOf":{"@id":"https:\/\/sibelle.ca\/en\/#website"},"primaryImageOfPage":{"@id":"https:\/\/sibelle.ca\/en\/product\/gold-shimmer\/#primaryimage"},"image":{"@id":"https:\/\/sibelle.ca\/en\/product\/gold-shimmer\/#primaryimage"},"thumbnailUrl":"https:\/\/sibelle.ca\/wp-content\/uploads\/2021\/05\/schimmer-gold_r_1500dyrcut.png","datePublished":"2021-05-27T21:27:49+00:00","dateModified":"2023-08-20T17:21:35+00:00","description":"Long-lasting liquid shimmer. A must have for anyone who loves glamor and bling. To shine every day. 100% Vegan. Paraben free.","breadcrumb":{"@id":"https:\/\/sibelle.ca\/en\/product\/gold-shimmer\/#breadcrumb"},"inLanguage":"en-US","potentialAction":[{"@type":"ReadAction","target":["https:\/\/sibelle.ca\/en\/product\/gold-shimmer\/"]}]},{"@type":"ImageObject","inLanguage":"en-US","@id":"https:\/\/sibelle.ca\/en\/product\/gold-shimmer\/#primaryimage","url":"https:\/\/sibelle.ca\/wp-content\/uploads\/2021\/05\/schimmer-gold_r_1500dyrcut.png","contentUrl":"https:\/\/sibelle.ca\/wp-content\/uploads\/2021\/05\/schimmer-gold_r_1500dyrcut.png","width":1500,"height":1500},{"@type":"BreadcrumbList","@id":"https:\/\/sibelle.ca\/en\/product\/gold-shimmer\/#breadcrumb","itemListElement":[{"@type":"ListItem","position":1,"name":"Home","item":"https:\/\/sibelle.ca\/en\/"},{"@type":"ListItem","position":2,"name":"Boutique sp\u00e9cialis\u00e9e pour les femmes en traitement de chimioth\u00e9rapie","item":"https:\/\/sibelle.ca\/boutiquespecialiseefemmestraitementchimiotherapie\/"},{"@type":"ListItem","position":3,"name":"Gold Shimmer"}]},{"@type":"WebSite","@id":"https:\/\/sibelle.ca\/en\/#website","url":"https:\/\/sibelle.ca\/en\/","name":"Sibelle","description":"Une collection d\u2019essentiels pour aider les femmes \u00e0 faire face au cancer en beaut\u00e9.","publisher":{"@id":"https:\/\/sibelle.ca\/en\/#organization"},"potentialAction":[{"@type":"SearchAction","target":{"@type":"EntryPoint","urlTemplate":"https:\/\/sibelle.ca\/en\/?s={search_term_string}"},"query-input":{"@type":"PropertyValueSpecification","valueRequired":true,"valueName":"search_term_string"}}],"inLanguage":"en-US"},{"@type":"Organization","@id":"https:\/\/sibelle.ca\/en\/#organization","name":"Sibelle","url":"https:\/\/sibelle.ca\/en\/","logo":{"@type":"ImageObject","inLanguage":"en-US","@id":"https:\/\/sibelle.ca\/en\/#\/schema\/logo\/image\/","url":"https:\/\/sibelle.ca\/wp-content\/uploads\/2021\/05\/logo.png","contentUrl":"https:\/\/sibelle.ca\/wp-content\/uploads\/2021\/05\/logo.png","width":206,"height":30,"caption":"Sibelle"},"image":{"@id":"https:\/\/sibelle.ca\/en\/#\/schema\/logo\/image\/"},"sameAs":["https:\/\/www.facebook.com\/jesuissibelle","https:\/\/www.instagram.com\/jesuissibelle.ca"]}]},"product_price_amount":"14.95","product_price_currency":"CAD","og_availability":"instock","product_availability":"instock","product_condition":"new"},"_links":{"self":[{"href":"https:\/\/sibelle.ca\/en\/wp-json\/wp\/v2\/product\/1444","targetHints":{"allow":["GET"]}}],"collection":[{"href":"https:\/\/sibelle.ca\/en\/wp-json\/wp\/v2\/product"}],"about":[{"href":"https:\/\/sibelle.ca\/en\/wp-json\/wp\/v2\/types\/product"}],"wp:featuredmedia":[{"embeddable":true,"href":"https:\/\/sibelle.ca\/en\/wp-json\/wp\/v2\/media\/888"}],"wp:attachment":[{"href":"https:\/\/sibelle.ca\/en\/wp-json\/wp\/v2\/media?parent=1444"}],"wp:term":[{"taxonomy":"product_brand","embeddable":true,"href":"https:\/\/sibelle.ca\/en\/wp-json\/wp\/v2\/product_brand?post=1444"},{"taxonomy":"product_cat","embeddable":true,"href":"https:\/\/sibelle.ca\/en\/wp-json\/wp\/v2\/product_cat?post=1444"},{"taxonomy":"product_tag","embeddable":true,"href":"https:\/\/sibelle.ca\/en\/wp-json\/wp\/v2\/product_tag?post=1444"},{"taxonomy":"giftcard-category","embeddable":true,"href":"https:\/\/sibelle.ca\/en\/wp-json\/wp\/v2\/giftcard-category?post=1444"}],"curies":[{"name":"wp","href":"https:\/\/api.w.org\/{rel}","templated":true}]}}