{"id":1447,"date":"2021-05-27T21:11:41","date_gmt":"2021-05-27T21:11:41","guid":{"rendered":"https:\/\/sibelle.ca\/product\/gel-mousse-a-sourcils\/"},"modified":"2023-08-20T17:17:51","modified_gmt":"2023-08-20T17:17:51","slug":"brow-fix","status":"publish","type":"product","link":"https:\/\/sibelle.ca\/en\/product\/brow-fix\/","title":{"rendered":"Brow Fix"},"content":{"rendered":"<p class=\"p1\"><span class=\"s1\">This all-in-one formula colors, shapes and seals brows for a natural look. Ultra-fast drying. Waterproof. For brows that last up to two days.<\/span><\/p>\n<p class=\"p1\"><span class=\"s1\">Specially designed to help create fuller brows from scratch, this versatile formula colors, defines and sets brows in one step. It is waterproof and adheres to skin and hair to give even the most sparse brows a full look. No other product required.<\/span><\/p>\n<p class=\"p1\"><span class=\"s1\">BENEFITS:<br \/>\n<\/span><span class=\"s1\">Infused with argan oil to help stimulate blood circulation and promote healthy hair growth. Contains antioxidants that protect the skin from environmental aggressors and leave it firm and smooth.<\/span><\/p>\n<p class=\"p1\"><span class=\"s1\">APPLICATION:<br \/>\n<\/span><span class=\"s1\">Use a brush. Apply the mousse gel to the eyebrows until you get the desired effect. Wait a few seconds to allow each coat to dry slightly before applying another coat for a fuller effect.<\/span><\/p>\n<p class=\"p1\"><span class=\"s1\">INGREDIENTS:<br \/>\n<\/span><span class=\"s1\">Isododecane, isononyl isononanoate, cyclopentasiloxane, ozokerite, acrylate copolymer, kaolin, synthetic wax, silica, polyisobutylene, alpha-tocopheryl acetate, butylhydroxytoluene, caprylyl glycol, phenoxyethanol, hexylene glycol. [May Contain (+\/-): Titanium Dioxide (CI 77891), Iron Oxides (CI 77491, CI 77492, CI 77499).]<\/span><\/p>\n","protected":false},"excerpt":{"rendered":"<p>100 % Vegan. Paraben and gluten free.<\/p>\n<p>This all-in-one formula colors, shapes and seals brows for a natural look.<br \/>\nUltra-fast drying. Waterproof. For eyebrows that last up for two days.<\/p>\n","protected":false},"featured_media":878,"template":"","meta":[],"product_brand":[],"product_cat":[215,99],"product_tag":[],"giftcard-category":[],"class_list":{"0":"post-1447","1":"product","2":"type-product","3":"status-publish","4":"has-post-thumbnail","6":"product_cat-beauty-care","7":"product_cat-makeup","9":"first","10":"instock","11":"taxable","12":"shipping-taxable","13":"purchasable","14":"product-type-simple"},"yoast_head":"<!-- This site is optimized with the Yoast SEO Premium plugin v22.6 (Yoast SEO v26.2) - https:\/\/yoast.com\/wordpress\/plugins\/seo\/ -->\n<title>Brow Fix - SIBELLE<\/title>\n<meta name=\"description\" content=\"This all-in-one formula colors, shapes and seals brows for a natural look. Ultra-fast drying. Waterproof. For brows that last up to two days.\" \/>\n<meta name=\"robots\" content=\"index, follow, max-snippet:-1, max-image-preview:large, max-video-preview:-1\" \/>\n<link rel=\"canonical\" href=\"https:\/\/sibelle.ca\/en\/product\/brow-fix\/\" \/>\n<meta property=\"og:locale\" content=\"en_US\" \/>\n<meta property=\"og:type\" content=\"article\" \/>\n<meta property=\"og:title\" content=\"Brow Fix - SIBELLE\" \/>\n<meta property=\"og:description\" content=\"This all-in-one formula colors, shapes and seals brows for a natural look. Ultra-fast drying. Waterproof. For brows that last up to two days.\" \/>\n<meta property=\"og:url\" content=\"https:\/\/sibelle.ca\/en\/product\/brow-fix\/\" \/>\n<meta property=\"og:site_name\" content=\"SIBELLE\" \/>\n<meta property=\"article:publisher\" content=\"https:\/\/www.facebook.com\/jesuissibelle\" \/>\n<meta property=\"article:modified_time\" content=\"2023-08-20T17:17:51+00:00\" \/>\n<meta property=\"og:image\" content=\"https:\/\/sibelle.ca\/wp-content\/uploads\/2021\/05\/sourcils_r_1500.dyrcut.png\" \/>\n\t<meta property=\"og:image:width\" content=\"1500\" \/>\n\t<meta property=\"og:image:height\" content=\"1500\" \/>\n\t<meta property=\"og:image:type\" content=\"image\/png\" \/>\n<meta name=\"twitter:card\" content=\"summary_large_image\" \/>\n<meta name=\"twitter:label1\" content=\"Price\" \/>\n\t<meta name=\"twitter:data1\" content=\"29.99&nbsp;&#036;\" \/>\n\t<meta name=\"twitter:label2\" content=\"Availability\" \/>\n\t<meta name=\"twitter:data2\" content=\"In stock\" \/>\n<script type=\"application\/ld+json\" class=\"yoast-schema-graph\">{\"@context\":\"https:\/\/schema.org\",\"@graph\":[{\"@type\":\"WebPage\",\"@id\":\"https:\/\/sibelle.ca\/en\/product\/brow-fix\/\",\"url\":\"https:\/\/sibelle.ca\/en\/product\/brow-fix\/\",\"name\":\"Brow Fix - SIBELLE\",\"isPartOf\":{\"@id\":\"https:\/\/sibelle.ca\/en\/#website\"},\"primaryImageOfPage\":{\"@id\":\"https:\/\/sibelle.ca\/en\/product\/brow-fix\/#primaryimage\"},\"image\":{\"@id\":\"https:\/\/sibelle.ca\/en\/product\/brow-fix\/#primaryimage\"},\"thumbnailUrl\":\"https:\/\/sibelle.ca\/wp-content\/uploads\/2021\/05\/sourcils_r_1500.dyrcut.png\",\"datePublished\":\"2021-05-27T21:11:41+00:00\",\"dateModified\":\"2023-08-20T17:17:51+00:00\",\"description\":\"This all-in-one formula colors, shapes and seals brows for a natural look. Ultra-fast drying. Waterproof. For brows that last up to two days.\",\"breadcrumb\":{\"@id\":\"https:\/\/sibelle.ca\/en\/product\/brow-fix\/#breadcrumb\"},\"inLanguage\":\"en-US\",\"potentialAction\":[{\"@type\":\"ReadAction\",\"target\":[\"https:\/\/sibelle.ca\/en\/product\/brow-fix\/\"]}]},{\"@type\":\"ImageObject\",\"inLanguage\":\"en-US\",\"@id\":\"https:\/\/sibelle.ca\/en\/product\/brow-fix\/#primaryimage\",\"url\":\"https:\/\/sibelle.ca\/wp-content\/uploads\/2021\/05\/sourcils_r_1500.dyrcut.png\",\"contentUrl\":\"https:\/\/sibelle.ca\/wp-content\/uploads\/2021\/05\/sourcils_r_1500.dyrcut.png\",\"width\":1500,\"height\":1500},{\"@type\":\"BreadcrumbList\",\"@id\":\"https:\/\/sibelle.ca\/en\/product\/brow-fix\/#breadcrumb\",\"itemListElement\":[{\"@type\":\"ListItem\",\"position\":1,\"name\":\"Home\",\"item\":\"https:\/\/sibelle.ca\/en\/\"},{\"@type\":\"ListItem\",\"position\":2,\"name\":\"Boutique sp\u00e9cialis\u00e9e pour les femmes en traitement de chimioth\u00e9rapie\",\"item\":\"https:\/\/sibelle.ca\/boutiquespecialiseefemmestraitementchimiotherapie\/\"},{\"@type\":\"ListItem\",\"position\":3,\"name\":\"Brow Fix\"}]},{\"@type\":\"WebSite\",\"@id\":\"https:\/\/sibelle.ca\/en\/#website\",\"url\":\"https:\/\/sibelle.ca\/en\/\",\"name\":\"Sibelle\",\"description\":\"Une collection d\u2019essentiels pour aider les femmes \u00e0 faire face au cancer en beaut\u00e9.\",\"publisher\":{\"@id\":\"https:\/\/sibelle.ca\/en\/#organization\"},\"potentialAction\":[{\"@type\":\"SearchAction\",\"target\":{\"@type\":\"EntryPoint\",\"urlTemplate\":\"https:\/\/sibelle.ca\/en\/?s={search_term_string}\"},\"query-input\":{\"@type\":\"PropertyValueSpecification\",\"valueRequired\":true,\"valueName\":\"search_term_string\"}}],\"inLanguage\":\"en-US\"},{\"@type\":\"Organization\",\"@id\":\"https:\/\/sibelle.ca\/en\/#organization\",\"name\":\"Sibelle\",\"url\":\"https:\/\/sibelle.ca\/en\/\",\"logo\":{\"@type\":\"ImageObject\",\"inLanguage\":\"en-US\",\"@id\":\"https:\/\/sibelle.ca\/en\/#\/schema\/logo\/image\/\",\"url\":\"https:\/\/sibelle.ca\/wp-content\/uploads\/2021\/05\/logo.png\",\"contentUrl\":\"https:\/\/sibelle.ca\/wp-content\/uploads\/2021\/05\/logo.png\",\"width\":206,\"height\":30,\"caption\":\"Sibelle\"},\"image\":{\"@id\":\"https:\/\/sibelle.ca\/en\/#\/schema\/logo\/image\/\"},\"sameAs\":[\"https:\/\/www.facebook.com\/jesuissibelle\",\"https:\/\/www.instagram.com\/jesuissibelle.ca\"]}]}<\/script>\n<meta property=\"product:price:amount\" content=\"29.99\" \/>\n<meta property=\"product:price:currency\" content=\"CAD\" \/>\n<meta property=\"og:availability\" content=\"instock\" \/>\n<meta property=\"product:availability\" content=\"instock\" \/>\n<meta property=\"product:condition\" content=\"new\" \/>\n<!-- \/ Yoast SEO Premium plugin. -->","yoast_head_json":{"title":"Brow Fix - SIBELLE","description":"This all-in-one formula colors, shapes and seals brows for a natural look. Ultra-fast drying. Waterproof. For brows that last up to two days.","robots":{"index":"index","follow":"follow","max-snippet":"max-snippet:-1","max-image-preview":"max-image-preview:large","max-video-preview":"max-video-preview:-1"},"canonical":"https:\/\/sibelle.ca\/en\/product\/brow-fix\/","og_locale":"en_US","og_type":"article","og_title":"Brow Fix - SIBELLE","og_description":"This all-in-one formula colors, shapes and seals brows for a natural look. Ultra-fast drying. Waterproof. For brows that last up to two days.","og_url":"https:\/\/sibelle.ca\/en\/product\/brow-fix\/","og_site_name":"SIBELLE","article_publisher":"https:\/\/www.facebook.com\/jesuissibelle","article_modified_time":"2023-08-20T17:17:51+00:00","og_image":[{"width":1500,"height":1500,"url":"https:\/\/sibelle.ca\/wp-content\/uploads\/2021\/05\/sourcils_r_1500.dyrcut.png","type":"image\/png"}],"twitter_card":"summary_large_image","twitter_misc":{"Price":"29.99&nbsp;&#36;","Availability":"In stock"},"schema":{"@context":"https:\/\/schema.org","@graph":[{"@type":"WebPage","@id":"https:\/\/sibelle.ca\/en\/product\/brow-fix\/","url":"https:\/\/sibelle.ca\/en\/product\/brow-fix\/","name":"Brow Fix - SIBELLE","isPartOf":{"@id":"https:\/\/sibelle.ca\/en\/#website"},"primaryImageOfPage":{"@id":"https:\/\/sibelle.ca\/en\/product\/brow-fix\/#primaryimage"},"image":{"@id":"https:\/\/sibelle.ca\/en\/product\/brow-fix\/#primaryimage"},"thumbnailUrl":"https:\/\/sibelle.ca\/wp-content\/uploads\/2021\/05\/sourcils_r_1500.dyrcut.png","datePublished":"2021-05-27T21:11:41+00:00","dateModified":"2023-08-20T17:17:51+00:00","description":"This all-in-one formula colors, shapes and seals brows for a natural look. Ultra-fast drying. Waterproof. For brows that last up to two days.","breadcrumb":{"@id":"https:\/\/sibelle.ca\/en\/product\/brow-fix\/#breadcrumb"},"inLanguage":"en-US","potentialAction":[{"@type":"ReadAction","target":["https:\/\/sibelle.ca\/en\/product\/brow-fix\/"]}]},{"@type":"ImageObject","inLanguage":"en-US","@id":"https:\/\/sibelle.ca\/en\/product\/brow-fix\/#primaryimage","url":"https:\/\/sibelle.ca\/wp-content\/uploads\/2021\/05\/sourcils_r_1500.dyrcut.png","contentUrl":"https:\/\/sibelle.ca\/wp-content\/uploads\/2021\/05\/sourcils_r_1500.dyrcut.png","width":1500,"height":1500},{"@type":"BreadcrumbList","@id":"https:\/\/sibelle.ca\/en\/product\/brow-fix\/#breadcrumb","itemListElement":[{"@type":"ListItem","position":1,"name":"Home","item":"https:\/\/sibelle.ca\/en\/"},{"@type":"ListItem","position":2,"name":"Boutique sp\u00e9cialis\u00e9e pour les femmes en traitement de chimioth\u00e9rapie","item":"https:\/\/sibelle.ca\/boutiquespecialiseefemmestraitementchimiotherapie\/"},{"@type":"ListItem","position":3,"name":"Brow Fix"}]},{"@type":"WebSite","@id":"https:\/\/sibelle.ca\/en\/#website","url":"https:\/\/sibelle.ca\/en\/","name":"Sibelle","description":"Une collection d\u2019essentiels pour aider les femmes \u00e0 faire face au cancer en beaut\u00e9.","publisher":{"@id":"https:\/\/sibelle.ca\/en\/#organization"},"potentialAction":[{"@type":"SearchAction","target":{"@type":"EntryPoint","urlTemplate":"https:\/\/sibelle.ca\/en\/?s={search_term_string}"},"query-input":{"@type":"PropertyValueSpecification","valueRequired":true,"valueName":"search_term_string"}}],"inLanguage":"en-US"},{"@type":"Organization","@id":"https:\/\/sibelle.ca\/en\/#organization","name":"Sibelle","url":"https:\/\/sibelle.ca\/en\/","logo":{"@type":"ImageObject","inLanguage":"en-US","@id":"https:\/\/sibelle.ca\/en\/#\/schema\/logo\/image\/","url":"https:\/\/sibelle.ca\/wp-content\/uploads\/2021\/05\/logo.png","contentUrl":"https:\/\/sibelle.ca\/wp-content\/uploads\/2021\/05\/logo.png","width":206,"height":30,"caption":"Sibelle"},"image":{"@id":"https:\/\/sibelle.ca\/en\/#\/schema\/logo\/image\/"},"sameAs":["https:\/\/www.facebook.com\/jesuissibelle","https:\/\/www.instagram.com\/jesuissibelle.ca"]}]},"product_price_amount":"29.99","product_price_currency":"CAD","og_availability":"instock","product_availability":"instock","product_condition":"new"},"_links":{"self":[{"href":"https:\/\/sibelle.ca\/en\/wp-json\/wp\/v2\/product\/1447","targetHints":{"allow":["GET"]}}],"collection":[{"href":"https:\/\/sibelle.ca\/en\/wp-json\/wp\/v2\/product"}],"about":[{"href":"https:\/\/sibelle.ca\/en\/wp-json\/wp\/v2\/types\/product"}],"wp:featuredmedia":[{"embeddable":true,"href":"https:\/\/sibelle.ca\/en\/wp-json\/wp\/v2\/media\/878"}],"wp:attachment":[{"href":"https:\/\/sibelle.ca\/en\/wp-json\/wp\/v2\/media?parent=1447"}],"wp:term":[{"taxonomy":"product_brand","embeddable":true,"href":"https:\/\/sibelle.ca\/en\/wp-json\/wp\/v2\/product_brand?post=1447"},{"taxonomy":"product_cat","embeddable":true,"href":"https:\/\/sibelle.ca\/en\/wp-json\/wp\/v2\/product_cat?post=1447"},{"taxonomy":"product_tag","embeddable":true,"href":"https:\/\/sibelle.ca\/en\/wp-json\/wp\/v2\/product_tag?post=1447"},{"taxonomy":"giftcard-category","embeddable":true,"href":"https:\/\/sibelle.ca\/en\/wp-json\/wp\/v2\/giftcard-category?post=1447"}],"curies":[{"name":"wp","href":"https:\/\/api.w.org\/{rel}","templated":true}]}}