{"id":1448,"date":"2021-05-27T21:07:34","date_gmt":"2021-05-27T21:07:34","guid":{"rendered":"https:\/\/sibelle.ca\/product\/eyeliner-noir\/"},"modified":"2023-08-20T17:16:49","modified_gmt":"2023-08-20T17:16:49","slug":"black-eyeliner","status":"publish","type":"product","link":"https:\/\/sibelle.ca\/en\/product\/black-eyeliner\/","title":{"rendered":"Black Eyeliner"},"content":{"rendered":"<p class=\"p1\"><span class=\"s1\">An intensely pigmented, easy-to-apply liquid liner to create defined lines that stay put for as long as you want. This eyeliner glides easily on the skin to instantly create precise lines with intense color and a luminous finish. Its creamy texture allows it to be applied quickly.<\/span><\/p>\n<p class=\"p1\"><span class=\"s1\">APPLICATION:<br \/>\nDraw a line from the inner corner of the upper eyelid to the outer corner, thickening the line slightly as you go.<\/span><\/p>\n<p class=\"p1\"><span class=\"s1\">INDREDIENTS:<br \/>\nWater, Styrene\/Acrylates Copolymer, Propylene Glycol, Vegetable Black, Acrylates\/Octylacrylamide Copolymer, Bis-PEG\/PPG-16\/16 Dimethicone, Caprylic\/Capric Triglyceride, Magnesium Aluminum Silicate, PPG-26-Buteth- 26, PEG-40 hydrogenated castor oil, (aminomethyl)propanol, phenoxyethanol, glyceryl laurate, xanthan gum, potassium sorbate, disodium EDTA, citric acid, iron oxide (CI 77499).<\/span><\/p>\n","protected":false},"excerpt":{"rendered":"<p>100% Vegan. Paraben, alcohol and gluten free. Made in Canada<\/p>\n<p>Easy to apply, its water-resistant formula dries quickly and provides long-lasting hold.<br \/>\nA favorite of professionals.<\/p>\n","protected":false},"featured_media":459,"template":"","meta":[],"product_brand":[],"product_cat":[215,99],"product_tag":[],"giftcard-category":[],"class_list":{"0":"post-1448","1":"product","2":"type-product","3":"status-publish","4":"has-post-thumbnail","6":"product_cat-beauty-care","7":"product_cat-makeup","9":"first","10":"instock","11":"sale","12":"taxable","13":"shipping-taxable","14":"purchasable","15":"product-type-simple"},"yoast_head":"<!-- This site is optimized with the Yoast SEO Premium plugin v22.6 (Yoast SEO v26.2) - https:\/\/yoast.com\/wordpress\/plugins\/seo\/ -->\n<title>Black Eyeliner - SIBELLE<\/title>\n<meta name=\"description\" content=\"100% Vegan. Paraben, alcohol and gluten free. Easy to apply, it&#039;s a favorite of professionals. Fast shipping. Shop Now.\" \/>\n<meta name=\"robots\" content=\"index, follow, max-snippet:-1, max-image-preview:large, max-video-preview:-1\" \/>\n<link rel=\"canonical\" href=\"https:\/\/sibelle.ca\/en\/product\/black-eyeliner\/\" \/>\n<meta property=\"og:locale\" content=\"en_US\" \/>\n<meta property=\"og:type\" content=\"article\" \/>\n<meta property=\"og:title\" content=\"Black Eyeliner - SIBELLE\" \/>\n<meta property=\"og:description\" content=\"100% Vegan. Paraben, alcohol and gluten free. Easy to apply, it&#039;s a favorite of professionals. Fast shipping. Shop Now.\" \/>\n<meta property=\"og:url\" content=\"https:\/\/sibelle.ca\/en\/product\/black-eyeliner\/\" \/>\n<meta property=\"og:site_name\" content=\"SIBELLE\" \/>\n<meta property=\"article:publisher\" content=\"https:\/\/www.facebook.com\/jesuissibelle\" \/>\n<meta property=\"article:modified_time\" content=\"2023-08-20T17:16:49+00:00\" \/>\n<meta property=\"og:image\" content=\"https:\/\/sibelle.ca\/wp-content\/uploads\/2021\/05\/eye-liner-ferm_r_1500.png\" \/>\n\t<meta property=\"og:image:width\" content=\"1500\" \/>\n\t<meta property=\"og:image:height\" content=\"1500\" \/>\n\t<meta property=\"og:image:type\" content=\"image\/png\" \/>\n<meta name=\"twitter:card\" content=\"summary_large_image\" \/>\n<meta name=\"twitter:label1\" content=\"Price\" \/>\n\t<meta name=\"twitter:data1\" content=\"14.95&nbsp;&#036;\" \/>\n\t<meta name=\"twitter:label2\" content=\"Availability\" \/>\n\t<meta name=\"twitter:data2\" content=\"In stock\" \/>\n<script type=\"application\/ld+json\" class=\"yoast-schema-graph\">{\"@context\":\"https:\/\/schema.org\",\"@graph\":[{\"@type\":\"WebPage\",\"@id\":\"https:\/\/sibelle.ca\/en\/product\/black-eyeliner\/\",\"url\":\"https:\/\/sibelle.ca\/en\/product\/black-eyeliner\/\",\"name\":\"Black Eyeliner - SIBELLE\",\"isPartOf\":{\"@id\":\"https:\/\/sibelle.ca\/en\/#website\"},\"primaryImageOfPage\":{\"@id\":\"https:\/\/sibelle.ca\/en\/product\/black-eyeliner\/#primaryimage\"},\"image\":{\"@id\":\"https:\/\/sibelle.ca\/en\/product\/black-eyeliner\/#primaryimage\"},\"thumbnailUrl\":\"https:\/\/sibelle.ca\/wp-content\/uploads\/2021\/05\/eye-liner-ferm_r_1500.png\",\"datePublished\":\"2021-05-27T21:07:34+00:00\",\"dateModified\":\"2023-08-20T17:16:49+00:00\",\"description\":\"100% Vegan. Paraben, alcohol and gluten free. Easy to apply, it's a favorite of professionals. Fast shipping. Shop Now.\",\"breadcrumb\":{\"@id\":\"https:\/\/sibelle.ca\/en\/product\/black-eyeliner\/#breadcrumb\"},\"inLanguage\":\"en-US\",\"potentialAction\":[{\"@type\":\"ReadAction\",\"target\":[\"https:\/\/sibelle.ca\/en\/product\/black-eyeliner\/\"]}]},{\"@type\":\"ImageObject\",\"inLanguage\":\"en-US\",\"@id\":\"https:\/\/sibelle.ca\/en\/product\/black-eyeliner\/#primaryimage\",\"url\":\"https:\/\/sibelle.ca\/wp-content\/uploads\/2021\/05\/eye-liner-ferm_r_1500.png\",\"contentUrl\":\"https:\/\/sibelle.ca\/wp-content\/uploads\/2021\/05\/eye-liner-ferm_r_1500.png\",\"width\":1500,\"height\":1500},{\"@type\":\"BreadcrumbList\",\"@id\":\"https:\/\/sibelle.ca\/en\/product\/black-eyeliner\/#breadcrumb\",\"itemListElement\":[{\"@type\":\"ListItem\",\"position\":1,\"name\":\"Home\",\"item\":\"https:\/\/sibelle.ca\/en\/\"},{\"@type\":\"ListItem\",\"position\":2,\"name\":\"Boutique sp\u00e9cialis\u00e9e pour les femmes en traitement de chimioth\u00e9rapie\",\"item\":\"https:\/\/sibelle.ca\/boutiquespecialiseefemmestraitementchimiotherapie\/\"},{\"@type\":\"ListItem\",\"position\":3,\"name\":\"Black Eyeliner\"}]},{\"@type\":\"WebSite\",\"@id\":\"https:\/\/sibelle.ca\/en\/#website\",\"url\":\"https:\/\/sibelle.ca\/en\/\",\"name\":\"Sibelle\",\"description\":\"Une collection d\u2019essentiels pour aider les femmes \u00e0 faire face au cancer en beaut\u00e9.\",\"publisher\":{\"@id\":\"https:\/\/sibelle.ca\/en\/#organization\"},\"potentialAction\":[{\"@type\":\"SearchAction\",\"target\":{\"@type\":\"EntryPoint\",\"urlTemplate\":\"https:\/\/sibelle.ca\/en\/?s={search_term_string}\"},\"query-input\":{\"@type\":\"PropertyValueSpecification\",\"valueRequired\":true,\"valueName\":\"search_term_string\"}}],\"inLanguage\":\"en-US\"},{\"@type\":\"Organization\",\"@id\":\"https:\/\/sibelle.ca\/en\/#organization\",\"name\":\"Sibelle\",\"url\":\"https:\/\/sibelle.ca\/en\/\",\"logo\":{\"@type\":\"ImageObject\",\"inLanguage\":\"en-US\",\"@id\":\"https:\/\/sibelle.ca\/en\/#\/schema\/logo\/image\/\",\"url\":\"https:\/\/sibelle.ca\/wp-content\/uploads\/2021\/05\/logo.png\",\"contentUrl\":\"https:\/\/sibelle.ca\/wp-content\/uploads\/2021\/05\/logo.png\",\"width\":206,\"height\":30,\"caption\":\"Sibelle\"},\"image\":{\"@id\":\"https:\/\/sibelle.ca\/en\/#\/schema\/logo\/image\/\"},\"sameAs\":[\"https:\/\/www.facebook.com\/jesuissibelle\",\"https:\/\/www.instagram.com\/jesuissibelle.ca\"]}]}<\/script>\n<meta property=\"product:price:amount\" content=\"14.95\" \/>\n<meta property=\"product:price:currency\" content=\"CAD\" \/>\n<meta property=\"og:availability\" content=\"instock\" \/>\n<meta property=\"product:availability\" content=\"instock\" \/>\n<meta property=\"product:condition\" content=\"new\" \/>\n<!-- \/ Yoast SEO Premium plugin. -->","yoast_head_json":{"title":"Black Eyeliner - SIBELLE","description":"100% Vegan. Paraben, alcohol and gluten free. Easy to apply, it's a favorite of professionals. Fast shipping. Shop Now.","robots":{"index":"index","follow":"follow","max-snippet":"max-snippet:-1","max-image-preview":"max-image-preview:large","max-video-preview":"max-video-preview:-1"},"canonical":"https:\/\/sibelle.ca\/en\/product\/black-eyeliner\/","og_locale":"en_US","og_type":"article","og_title":"Black Eyeliner - SIBELLE","og_description":"100% Vegan. Paraben, alcohol and gluten free. Easy to apply, it's a favorite of professionals. Fast shipping. Shop Now.","og_url":"https:\/\/sibelle.ca\/en\/product\/black-eyeliner\/","og_site_name":"SIBELLE","article_publisher":"https:\/\/www.facebook.com\/jesuissibelle","article_modified_time":"2023-08-20T17:16:49+00:00","og_image":[{"width":1500,"height":1500,"url":"https:\/\/sibelle.ca\/wp-content\/uploads\/2021\/05\/eye-liner-ferm_r_1500.png","type":"image\/png"}],"twitter_card":"summary_large_image","twitter_misc":{"Price":"14.95&nbsp;&#36;","Availability":"In stock"},"schema":{"@context":"https:\/\/schema.org","@graph":[{"@type":"WebPage","@id":"https:\/\/sibelle.ca\/en\/product\/black-eyeliner\/","url":"https:\/\/sibelle.ca\/en\/product\/black-eyeliner\/","name":"Black Eyeliner - SIBELLE","isPartOf":{"@id":"https:\/\/sibelle.ca\/en\/#website"},"primaryImageOfPage":{"@id":"https:\/\/sibelle.ca\/en\/product\/black-eyeliner\/#primaryimage"},"image":{"@id":"https:\/\/sibelle.ca\/en\/product\/black-eyeliner\/#primaryimage"},"thumbnailUrl":"https:\/\/sibelle.ca\/wp-content\/uploads\/2021\/05\/eye-liner-ferm_r_1500.png","datePublished":"2021-05-27T21:07:34+00:00","dateModified":"2023-08-20T17:16:49+00:00","description":"100% Vegan. Paraben, alcohol and gluten free. Easy to apply, it's a favorite of professionals. Fast shipping. Shop Now.","breadcrumb":{"@id":"https:\/\/sibelle.ca\/en\/product\/black-eyeliner\/#breadcrumb"},"inLanguage":"en-US","potentialAction":[{"@type":"ReadAction","target":["https:\/\/sibelle.ca\/en\/product\/black-eyeliner\/"]}]},{"@type":"ImageObject","inLanguage":"en-US","@id":"https:\/\/sibelle.ca\/en\/product\/black-eyeliner\/#primaryimage","url":"https:\/\/sibelle.ca\/wp-content\/uploads\/2021\/05\/eye-liner-ferm_r_1500.png","contentUrl":"https:\/\/sibelle.ca\/wp-content\/uploads\/2021\/05\/eye-liner-ferm_r_1500.png","width":1500,"height":1500},{"@type":"BreadcrumbList","@id":"https:\/\/sibelle.ca\/en\/product\/black-eyeliner\/#breadcrumb","itemListElement":[{"@type":"ListItem","position":1,"name":"Home","item":"https:\/\/sibelle.ca\/en\/"},{"@type":"ListItem","position":2,"name":"Boutique sp\u00e9cialis\u00e9e pour les femmes en traitement de chimioth\u00e9rapie","item":"https:\/\/sibelle.ca\/boutiquespecialiseefemmestraitementchimiotherapie\/"},{"@type":"ListItem","position":3,"name":"Black Eyeliner"}]},{"@type":"WebSite","@id":"https:\/\/sibelle.ca\/en\/#website","url":"https:\/\/sibelle.ca\/en\/","name":"Sibelle","description":"Une collection d\u2019essentiels pour aider les femmes \u00e0 faire face au cancer en beaut\u00e9.","publisher":{"@id":"https:\/\/sibelle.ca\/en\/#organization"},"potentialAction":[{"@type":"SearchAction","target":{"@type":"EntryPoint","urlTemplate":"https:\/\/sibelle.ca\/en\/?s={search_term_string}"},"query-input":{"@type":"PropertyValueSpecification","valueRequired":true,"valueName":"search_term_string"}}],"inLanguage":"en-US"},{"@type":"Organization","@id":"https:\/\/sibelle.ca\/en\/#organization","name":"Sibelle","url":"https:\/\/sibelle.ca\/en\/","logo":{"@type":"ImageObject","inLanguage":"en-US","@id":"https:\/\/sibelle.ca\/en\/#\/schema\/logo\/image\/","url":"https:\/\/sibelle.ca\/wp-content\/uploads\/2021\/05\/logo.png","contentUrl":"https:\/\/sibelle.ca\/wp-content\/uploads\/2021\/05\/logo.png","width":206,"height":30,"caption":"Sibelle"},"image":{"@id":"https:\/\/sibelle.ca\/en\/#\/schema\/logo\/image\/"},"sameAs":["https:\/\/www.facebook.com\/jesuissibelle","https:\/\/www.instagram.com\/jesuissibelle.ca"]}]},"product_price_amount":"14.95","product_price_currency":"CAD","og_availability":"instock","product_availability":"instock","product_condition":"new"},"_links":{"self":[{"href":"https:\/\/sibelle.ca\/en\/wp-json\/wp\/v2\/product\/1448","targetHints":{"allow":["GET"]}}],"collection":[{"href":"https:\/\/sibelle.ca\/en\/wp-json\/wp\/v2\/product"}],"about":[{"href":"https:\/\/sibelle.ca\/en\/wp-json\/wp\/v2\/types\/product"}],"wp:featuredmedia":[{"embeddable":true,"href":"https:\/\/sibelle.ca\/en\/wp-json\/wp\/v2\/media\/459"}],"wp:attachment":[{"href":"https:\/\/sibelle.ca\/en\/wp-json\/wp\/v2\/media?parent=1448"}],"wp:term":[{"taxonomy":"product_brand","embeddable":true,"href":"https:\/\/sibelle.ca\/en\/wp-json\/wp\/v2\/product_brand?post=1448"},{"taxonomy":"product_cat","embeddable":true,"href":"https:\/\/sibelle.ca\/en\/wp-json\/wp\/v2\/product_cat?post=1448"},{"taxonomy":"product_tag","embeddable":true,"href":"https:\/\/sibelle.ca\/en\/wp-json\/wp\/v2\/product_tag?post=1448"},{"taxonomy":"giftcard-category","embeddable":true,"href":"https:\/\/sibelle.ca\/en\/wp-json\/wp\/v2\/giftcard-category?post=1448"}],"curies":[{"name":"wp","href":"https:\/\/api.w.org\/{rel}","templated":true}]}}