{"id":1449,"date":"2021-05-27T21:04:33","date_gmt":"2021-05-27T21:04:33","guid":{"rendered":"https:\/\/sibelle.ca\/product\/rouge-a-levres-longue-duree-kiss-me\/"},"modified":"2023-08-20T17:22:42","modified_gmt":"2023-08-20T17:22:42","slug":"kiss-me-liquid-lipstick","status":"publish","type":"product","link":"https:\/\/sibelle.ca\/en\/product\/kiss-me-liquid-lipstick\/","title":{"rendered":"Kiss Me Liquid Lipstick"},"content":{"rendered":"<p id=\"tw-target-text\" class=\"tw-data-text tw-text-large tw-ta\" dir=\"ltr\" data-placeholder=\"Translation\"><span class=\"Y2IQFc\" lang=\"en\">Upon application, its creamy texture becomes silky and light. Its light liquid texture increases the intensity of your makeup with its long-lasting matte and satin finish. Matte. Waterproof. Its creamy formula is infused with essential fatty acids and antioxidants to deeply hydrate lips and help protect skin from environmental aggressors to make it appear fuller and younger. <\/span><\/p>\n<p class=\"tw-data-text tw-text-large tw-ta\" dir=\"ltr\" data-placeholder=\"Translation\"><span class=\"Y2IQFc\" lang=\"en\">\u221a Avocado Oil: It penetrates deep into the skin to create a pleasant sensation and nourish the lips.<br \/>\n\u221a Grapeseed Oil: It is rich in antioxidants, vitamin E and linoleic acid, agents that soothe, nourish and repair the skin. Vitamin E keeps the skin firm and smooth.<br \/>\n\u221a Jojoba Oil: Forms a barrier that effectively locks in moisture to keep lips soft and supple.<br \/>\n\u221a Sweet almond oil: It prevents chapping by eliminating dead cells and leaving the lips well hydrated.<br \/>\n\u221a Vitamin E: A powerful antioxidant that helps nourish and protect skin from free radical damage. <\/span><\/p>\n<p class=\"tw-data-text tw-text-large tw-ta\" dir=\"ltr\" data-placeholder=\"Translation\"><span class=\"Y2IQFc\" lang=\"en\"> INGREDIENTS:<br \/>\nIsododecane, octyldodecanol, polymethylsilsesquioxane, C24-28 alkyldimethylsiloxy trimethylsiloxysilicate, cyclohexasiloxane, mica, kaolin, disteardimonium hectorite, synthetic beeswax, silica, phenoxyethanol, glyceryl laurate, aroma (flavor), glyceryl behenate, glycerol acetate Alpha-Tocopheryl, Propylene Carbonate, Persea Gratissima (Avocado) Oil, Simmondsia Chinensis (Jojoba) Seed Oil, Prunus Amygdalus Dulcis (Sweet Almond) Oil, Vitis Vinifera (Grape) Seed Oil. May Contain [+\/-]: Titanium Dioxide (CI 77891), Iron Oxides (CI 77491, CI 77492, CI 77499), Color Lake Red 33 (CI 17200), Color Lake Red 7 (CI 15850), Color Lake Yellow 5 (CI 19140), Dye Red 21 (CI 45380), Dye Lake Red 28 (CI 45410), Dye Lake Blue 1 (CI 42090), Dye Carmine (CI 75470), Dye Manganese Violet (CI 77742).<\/span><\/p>\n","protected":false},"excerpt":{"rendered":"<p>Paraben and gluten free. Made in Canada.<\/p>\n<p>Its creamy formula is infused with essential acids and antioxidants to deeply hydrate lips. Matte. Waterproof.<\/p>\n","protected":false},"featured_media":441,"template":"","meta":[],"product_brand":[],"product_cat":[215,99],"product_tag":[],"giftcard-category":[],"class_list":{"0":"post-1449","1":"product","2":"type-product","3":"status-publish","4":"has-post-thumbnail","6":"product_cat-beauty-care","7":"product_cat-makeup","9":"first","10":"outofstock","11":"sale","12":"taxable","13":"shipping-taxable","14":"purchasable","15":"product-type-simple"},"yoast_head":"<!-- This site is optimized with the Yoast SEO Premium plugin v22.6 (Yoast SEO v26.2) - https:\/\/yoast.com\/wordpress\/plugins\/seo\/ -->\n<title>Kiss Me Liquid Lipstick - SIBELLE<\/title>\n<meta name=\"description\" content=\"Its creamy formula is infused with essential acids and antioxidants to deeply hydrate lips. Matte. Waterproof. Paraben and gluten free.\" \/>\n<meta name=\"robots\" content=\"index, follow, max-snippet:-1, max-image-preview:large, max-video-preview:-1\" \/>\n<link rel=\"canonical\" href=\"https:\/\/sibelle.ca\/en\/product\/kiss-me-liquid-lipstick\/\" \/>\n<meta property=\"og:locale\" content=\"en_US\" \/>\n<meta property=\"og:type\" content=\"article\" \/>\n<meta property=\"og:title\" content=\"Kiss Me Liquid Lipstick - SIBELLE\" \/>\n<meta property=\"og:description\" content=\"Its creamy formula is infused with essential acids and antioxidants to deeply hydrate lips. Matte. Waterproof. Paraben and gluten free.\" \/>\n<meta property=\"og:url\" content=\"https:\/\/sibelle.ca\/en\/product\/kiss-me-liquid-lipstick\/\" \/>\n<meta property=\"og:site_name\" content=\"SIBELLE\" \/>\n<meta property=\"article:publisher\" content=\"https:\/\/www.facebook.com\/jesuissibelle\" \/>\n<meta property=\"article:modified_time\" content=\"2023-08-20T17:22:42+00:00\" \/>\n<meta property=\"og:image\" content=\"https:\/\/sibelle.ca\/wp-content\/uploads\/2021\/05\/rougelevres-kiss-me-ferm_r_1500.png\" \/>\n\t<meta property=\"og:image:width\" content=\"1500\" \/>\n\t<meta property=\"og:image:height\" content=\"1500\" \/>\n\t<meta property=\"og:image:type\" content=\"image\/png\" \/>\n<meta name=\"twitter:card\" content=\"summary_large_image\" \/>\n<meta name=\"twitter:label1\" content=\"Price\" \/>\n\t<meta name=\"twitter:data1\" content=\"14.95&nbsp;&#036;\" \/>\n\t<meta name=\"twitter:label2\" content=\"Availability\" \/>\n\t<meta name=\"twitter:data2\" content=\"Out of stock\" \/>\n<script type=\"application\/ld+json\" class=\"yoast-schema-graph\">{\"@context\":\"https:\/\/schema.org\",\"@graph\":[{\"@type\":\"WebPage\",\"@id\":\"https:\/\/sibelle.ca\/en\/product\/kiss-me-liquid-lipstick\/\",\"url\":\"https:\/\/sibelle.ca\/en\/product\/kiss-me-liquid-lipstick\/\",\"name\":\"Kiss Me Liquid Lipstick - SIBELLE\",\"isPartOf\":{\"@id\":\"https:\/\/sibelle.ca\/en\/#website\"},\"primaryImageOfPage\":{\"@id\":\"https:\/\/sibelle.ca\/en\/product\/kiss-me-liquid-lipstick\/#primaryimage\"},\"image\":{\"@id\":\"https:\/\/sibelle.ca\/en\/product\/kiss-me-liquid-lipstick\/#primaryimage\"},\"thumbnailUrl\":\"https:\/\/sibelle.ca\/wp-content\/uploads\/2021\/05\/rougelevres-kiss-me-ferm_r_1500.png\",\"datePublished\":\"2021-05-27T21:04:33+00:00\",\"dateModified\":\"2023-08-20T17:22:42+00:00\",\"description\":\"Its creamy formula is infused with essential acids and antioxidants to deeply hydrate lips. Matte. Waterproof. Paraben and gluten free.\",\"breadcrumb\":{\"@id\":\"https:\/\/sibelle.ca\/en\/product\/kiss-me-liquid-lipstick\/#breadcrumb\"},\"inLanguage\":\"en-US\",\"potentialAction\":[{\"@type\":\"ReadAction\",\"target\":[\"https:\/\/sibelle.ca\/en\/product\/kiss-me-liquid-lipstick\/\"]}]},{\"@type\":\"ImageObject\",\"inLanguage\":\"en-US\",\"@id\":\"https:\/\/sibelle.ca\/en\/product\/kiss-me-liquid-lipstick\/#primaryimage\",\"url\":\"https:\/\/sibelle.ca\/wp-content\/uploads\/2021\/05\/rougelevres-kiss-me-ferm_r_1500.png\",\"contentUrl\":\"https:\/\/sibelle.ca\/wp-content\/uploads\/2021\/05\/rougelevres-kiss-me-ferm_r_1500.png\",\"width\":1500,\"height\":1500},{\"@type\":\"BreadcrumbList\",\"@id\":\"https:\/\/sibelle.ca\/en\/product\/kiss-me-liquid-lipstick\/#breadcrumb\",\"itemListElement\":[{\"@type\":\"ListItem\",\"position\":1,\"name\":\"Home\",\"item\":\"https:\/\/sibelle.ca\/en\/\"},{\"@type\":\"ListItem\",\"position\":2,\"name\":\"Boutique sp\u00e9cialis\u00e9e pour les femmes en traitement de chimioth\u00e9rapie\",\"item\":\"https:\/\/sibelle.ca\/boutiquespecialiseefemmestraitementchimiotherapie\/\"},{\"@type\":\"ListItem\",\"position\":3,\"name\":\"Kiss Me Liquid Lipstick\"}]},{\"@type\":\"WebSite\",\"@id\":\"https:\/\/sibelle.ca\/en\/#website\",\"url\":\"https:\/\/sibelle.ca\/en\/\",\"name\":\"Sibelle\",\"description\":\"Une collection d\u2019essentiels pour aider les femmes \u00e0 faire face au cancer en beaut\u00e9.\",\"publisher\":{\"@id\":\"https:\/\/sibelle.ca\/en\/#organization\"},\"potentialAction\":[{\"@type\":\"SearchAction\",\"target\":{\"@type\":\"EntryPoint\",\"urlTemplate\":\"https:\/\/sibelle.ca\/en\/?s={search_term_string}\"},\"query-input\":{\"@type\":\"PropertyValueSpecification\",\"valueRequired\":true,\"valueName\":\"search_term_string\"}}],\"inLanguage\":\"en-US\"},{\"@type\":\"Organization\",\"@id\":\"https:\/\/sibelle.ca\/en\/#organization\",\"name\":\"Sibelle\",\"url\":\"https:\/\/sibelle.ca\/en\/\",\"logo\":{\"@type\":\"ImageObject\",\"inLanguage\":\"en-US\",\"@id\":\"https:\/\/sibelle.ca\/en\/#\/schema\/logo\/image\/\",\"url\":\"https:\/\/sibelle.ca\/wp-content\/uploads\/2021\/05\/logo.png\",\"contentUrl\":\"https:\/\/sibelle.ca\/wp-content\/uploads\/2021\/05\/logo.png\",\"width\":206,\"height\":30,\"caption\":\"Sibelle\"},\"image\":{\"@id\":\"https:\/\/sibelle.ca\/en\/#\/schema\/logo\/image\/\"},\"sameAs\":[\"https:\/\/www.facebook.com\/jesuissibelle\",\"https:\/\/www.instagram.com\/jesuissibelle.ca\"]}]}<\/script>\n<meta property=\"product:price:amount\" content=\"14.95\" \/>\n<meta property=\"product:price:currency\" content=\"CAD\" \/>\n<meta property=\"og:availability\" content=\"out of stock\" \/>\n<meta property=\"product:availability\" content=\"out of stock\" \/>\n<meta property=\"product:condition\" content=\"new\" \/>\n<!-- \/ Yoast SEO Premium plugin. -->","yoast_head_json":{"title":"Kiss Me Liquid Lipstick - SIBELLE","description":"Its creamy formula is infused with essential acids and antioxidants to deeply hydrate lips. Matte. Waterproof. Paraben and gluten free.","robots":{"index":"index","follow":"follow","max-snippet":"max-snippet:-1","max-image-preview":"max-image-preview:large","max-video-preview":"max-video-preview:-1"},"canonical":"https:\/\/sibelle.ca\/en\/product\/kiss-me-liquid-lipstick\/","og_locale":"en_US","og_type":"article","og_title":"Kiss Me Liquid Lipstick - SIBELLE","og_description":"Its creamy formula is infused with essential acids and antioxidants to deeply hydrate lips. Matte. Waterproof. Paraben and gluten free.","og_url":"https:\/\/sibelle.ca\/en\/product\/kiss-me-liquid-lipstick\/","og_site_name":"SIBELLE","article_publisher":"https:\/\/www.facebook.com\/jesuissibelle","article_modified_time":"2023-08-20T17:22:42+00:00","og_image":[{"width":1500,"height":1500,"url":"https:\/\/sibelle.ca\/wp-content\/uploads\/2021\/05\/rougelevres-kiss-me-ferm_r_1500.png","type":"image\/png"}],"twitter_card":"summary_large_image","twitter_misc":{"Price":"14.95&nbsp;&#36;","Availability":"Out of stock"},"schema":{"@context":"https:\/\/schema.org","@graph":[{"@type":"WebPage","@id":"https:\/\/sibelle.ca\/en\/product\/kiss-me-liquid-lipstick\/","url":"https:\/\/sibelle.ca\/en\/product\/kiss-me-liquid-lipstick\/","name":"Kiss Me Liquid Lipstick - SIBELLE","isPartOf":{"@id":"https:\/\/sibelle.ca\/en\/#website"},"primaryImageOfPage":{"@id":"https:\/\/sibelle.ca\/en\/product\/kiss-me-liquid-lipstick\/#primaryimage"},"image":{"@id":"https:\/\/sibelle.ca\/en\/product\/kiss-me-liquid-lipstick\/#primaryimage"},"thumbnailUrl":"https:\/\/sibelle.ca\/wp-content\/uploads\/2021\/05\/rougelevres-kiss-me-ferm_r_1500.png","datePublished":"2021-05-27T21:04:33+00:00","dateModified":"2023-08-20T17:22:42+00:00","description":"Its creamy formula is infused with essential acids and antioxidants to deeply hydrate lips. Matte. Waterproof. Paraben and gluten free.","breadcrumb":{"@id":"https:\/\/sibelle.ca\/en\/product\/kiss-me-liquid-lipstick\/#breadcrumb"},"inLanguage":"en-US","potentialAction":[{"@type":"ReadAction","target":["https:\/\/sibelle.ca\/en\/product\/kiss-me-liquid-lipstick\/"]}]},{"@type":"ImageObject","inLanguage":"en-US","@id":"https:\/\/sibelle.ca\/en\/product\/kiss-me-liquid-lipstick\/#primaryimage","url":"https:\/\/sibelle.ca\/wp-content\/uploads\/2021\/05\/rougelevres-kiss-me-ferm_r_1500.png","contentUrl":"https:\/\/sibelle.ca\/wp-content\/uploads\/2021\/05\/rougelevres-kiss-me-ferm_r_1500.png","width":1500,"height":1500},{"@type":"BreadcrumbList","@id":"https:\/\/sibelle.ca\/en\/product\/kiss-me-liquid-lipstick\/#breadcrumb","itemListElement":[{"@type":"ListItem","position":1,"name":"Home","item":"https:\/\/sibelle.ca\/en\/"},{"@type":"ListItem","position":2,"name":"Boutique sp\u00e9cialis\u00e9e pour les femmes en traitement de chimioth\u00e9rapie","item":"https:\/\/sibelle.ca\/boutiquespecialiseefemmestraitementchimiotherapie\/"},{"@type":"ListItem","position":3,"name":"Kiss Me Liquid Lipstick"}]},{"@type":"WebSite","@id":"https:\/\/sibelle.ca\/en\/#website","url":"https:\/\/sibelle.ca\/en\/","name":"Sibelle","description":"Une collection d\u2019essentiels pour aider les femmes \u00e0 faire face au cancer en beaut\u00e9.","publisher":{"@id":"https:\/\/sibelle.ca\/en\/#organization"},"potentialAction":[{"@type":"SearchAction","target":{"@type":"EntryPoint","urlTemplate":"https:\/\/sibelle.ca\/en\/?s={search_term_string}"},"query-input":{"@type":"PropertyValueSpecification","valueRequired":true,"valueName":"search_term_string"}}],"inLanguage":"en-US"},{"@type":"Organization","@id":"https:\/\/sibelle.ca\/en\/#organization","name":"Sibelle","url":"https:\/\/sibelle.ca\/en\/","logo":{"@type":"ImageObject","inLanguage":"en-US","@id":"https:\/\/sibelle.ca\/en\/#\/schema\/logo\/image\/","url":"https:\/\/sibelle.ca\/wp-content\/uploads\/2021\/05\/logo.png","contentUrl":"https:\/\/sibelle.ca\/wp-content\/uploads\/2021\/05\/logo.png","width":206,"height":30,"caption":"Sibelle"},"image":{"@id":"https:\/\/sibelle.ca\/en\/#\/schema\/logo\/image\/"},"sameAs":["https:\/\/www.facebook.com\/jesuissibelle","https:\/\/www.instagram.com\/jesuissibelle.ca"]}]},"product_price_amount":"14.95","product_price_currency":"CAD","og_availability":"out of stock","product_availability":"out of stock","product_condition":"new"},"_links":{"self":[{"href":"https:\/\/sibelle.ca\/en\/wp-json\/wp\/v2\/product\/1449","targetHints":{"allow":["GET"]}}],"collection":[{"href":"https:\/\/sibelle.ca\/en\/wp-json\/wp\/v2\/product"}],"about":[{"href":"https:\/\/sibelle.ca\/en\/wp-json\/wp\/v2\/types\/product"}],"wp:featuredmedia":[{"embeddable":true,"href":"https:\/\/sibelle.ca\/en\/wp-json\/wp\/v2\/media\/441"}],"wp:attachment":[{"href":"https:\/\/sibelle.ca\/en\/wp-json\/wp\/v2\/media?parent=1449"}],"wp:term":[{"taxonomy":"product_brand","embeddable":true,"href":"https:\/\/sibelle.ca\/en\/wp-json\/wp\/v2\/product_brand?post=1449"},{"taxonomy":"product_cat","embeddable":true,"href":"https:\/\/sibelle.ca\/en\/wp-json\/wp\/v2\/product_cat?post=1449"},{"taxonomy":"product_tag","embeddable":true,"href":"https:\/\/sibelle.ca\/en\/wp-json\/wp\/v2\/product_tag?post=1449"},{"taxonomy":"giftcard-category","embeddable":true,"href":"https:\/\/sibelle.ca\/en\/wp-json\/wp\/v2\/giftcard-category?post=1449"}],"curies":[{"name":"wp","href":"https:\/\/api.w.org\/{rel}","templated":true}]}}