{"id":5244,"date":"2022-05-10T00:46:16","date_gmt":"2022-05-10T00:46:16","guid":{"rendered":"https:\/\/sibelle.ca\/?post_type=product&#038;p=5244"},"modified":"2023-11-05T19:54:06","modified_gmt":"2023-11-05T19:54:06","slug":"olive-oil-unscented-soap","status":"publish","type":"product","link":"https:\/\/sibelle.ca\/en\/product\/olive-oil-unscented-soap\/","title":{"rendered":"Olive Oil Unscented Soap"},"content":{"rendered":"<p>Formulated minimally, it is composed of 70% organic extra virgin olive oil, and its cold saponification process preserves its softening and nourishing properties.<\/p>\n<p>From Base Botanique, this soap is designed to pleasantly melt with each use, producing a rich, creamy, and nourishing lather.<\/p>\n<ul>\n<li>Natural, organic, and eco-friendly product<\/li>\n<li>No SLS or SLSA, parabens, or synthetic fragrances<\/li>\n<li>Weight: +\/- 145g Soap bar size: 2.5&#8243; x 2.5&#8243; x 1.5&#8221;<\/li>\n<\/ul>\n<p><strong>Ingredients:<\/strong><\/p>\n<p>Olive Oil*, Water, Coconut Oil*, Sodium Hydroxide, Castor Oil*<br \/>\n*Organic ingredients<\/p>\n<pre id=\"tw-target-text\" class=\"tw-data-text tw-text-large tw-ta\" dir=\"ltr\" data-placeholder=\"Translation\"><\/pre>\n<pre id=\"tw-target-text\" class=\"tw-data-text tw-text-large tw-ta\" dir=\"ltr\" data-placeholder=\"Translation\"><\/pre>\n","protected":false},"excerpt":{"rendered":"<p id=\"tw-target-text\" class=\"tw-data-text tw-text-large tw-ta\" dir=\"ltr\" data-placeholder=\"Translation\"><span class=\"Y2IQFc\" lang=\"en\">Handmade, this vegan olive oil soap is unscented, gentle and perfectly suited to the sensitive skin of women undergoing cancer treatments.\u00a0<\/span><\/p>\n","protected":false},"featured_media":7955,"template":"","meta":[],"product_brand":[],"product_cat":[215,217],"product_tag":[],"giftcard-category":[],"class_list":{"0":"post-5244","1":"product","2":"type-product","3":"status-publish","4":"has-post-thumbnail","6":"product_cat-beauty-care","7":"product_cat-skin-care","9":"first","10":"instock","11":"taxable","12":"shipping-taxable","13":"purchasable","14":"product-type-simple"},"yoast_head":"<!-- This site is optimized with the Yoast SEO Premium plugin v22.6 (Yoast SEO v26.2) - https:\/\/yoast.com\/wordpress\/plugins\/seo\/ -->\n<title>Olive Oil Unscented Soap - SIBELLE<\/title>\n<meta name=\"description\" content=\"This vegan olive oil soap is unscented, gentle and perfectly suited to the sensitive skin of women undergoing cancer treatments.\u00a0Order Now.\" \/>\n<meta name=\"robots\" content=\"index, follow, max-snippet:-1, max-image-preview:large, max-video-preview:-1\" \/>\n<link rel=\"canonical\" href=\"https:\/\/sibelle.ca\/en\/product\/olive-oil-unscented-soap\/\" \/>\n<meta property=\"og:locale\" content=\"en_US\" \/>\n<meta property=\"og:type\" content=\"article\" \/>\n<meta property=\"og:title\" content=\"Olive Oil Unscented Soap - SIBELLE\" \/>\n<meta property=\"og:description\" content=\"This vegan olive oil soap is unscented, gentle and perfectly suited to the sensitive skin of women undergoing cancer treatments.\u00a0Order Now.\" \/>\n<meta property=\"og:url\" content=\"https:\/\/sibelle.ca\/en\/product\/olive-oil-unscented-soap\/\" \/>\n<meta property=\"og:site_name\" content=\"SIBELLE\" \/>\n<meta property=\"article:publisher\" content=\"https:\/\/www.facebook.com\/jesuissibelle\" \/>\n<meta property=\"article:modified_time\" content=\"2023-11-05T19:54:06+00:00\" \/>\n<meta property=\"og:image\" content=\"https:\/\/sibelle.ca\/wp-content\/uploads\/2022\/05\/DSC_0115.jpeg\" \/>\n\t<meta property=\"og:image:width\" content=\"500\" \/>\n\t<meta property=\"og:image:height\" content=\"500\" \/>\n\t<meta property=\"og:image:type\" content=\"image\/jpeg\" \/>\n<meta name=\"twitter:card\" content=\"summary_large_image\" \/>\n<meta name=\"twitter:label1\" content=\"Price\" \/>\n\t<meta name=\"twitter:data1\" content=\"12.99&nbsp;&#036;\" \/>\n\t<meta name=\"twitter:label2\" content=\"Availability\" \/>\n\t<meta name=\"twitter:data2\" content=\"In stock\" \/>\n<script type=\"application\/ld+json\" class=\"yoast-schema-graph\">{\"@context\":\"https:\/\/schema.org\",\"@graph\":[{\"@type\":\"WebPage\",\"@id\":\"https:\/\/sibelle.ca\/en\/product\/olive-oil-unscented-soap\/\",\"url\":\"https:\/\/sibelle.ca\/en\/product\/olive-oil-unscented-soap\/\",\"name\":\"Olive Oil Unscented Soap - SIBELLE\",\"isPartOf\":{\"@id\":\"https:\/\/sibelle.ca\/en\/#website\"},\"primaryImageOfPage\":{\"@id\":\"https:\/\/sibelle.ca\/en\/product\/olive-oil-unscented-soap\/#primaryimage\"},\"image\":{\"@id\":\"https:\/\/sibelle.ca\/en\/product\/olive-oil-unscented-soap\/#primaryimage\"},\"thumbnailUrl\":\"https:\/\/sibelle.ca\/wp-content\/uploads\/2022\/05\/DSC_0115.jpeg\",\"datePublished\":\"2022-05-10T00:46:16+00:00\",\"dateModified\":\"2023-11-05T19:54:06+00:00\",\"description\":\"This vegan olive oil soap is unscented, gentle and perfectly suited to the sensitive skin of women undergoing cancer treatments.\u00a0Order Now.\",\"breadcrumb\":{\"@id\":\"https:\/\/sibelle.ca\/en\/product\/olive-oil-unscented-soap\/#breadcrumb\"},\"inLanguage\":\"en-US\",\"potentialAction\":[{\"@type\":\"ReadAction\",\"target\":[\"https:\/\/sibelle.ca\/en\/product\/olive-oil-unscented-soap\/\"]}]},{\"@type\":\"ImageObject\",\"inLanguage\":\"en-US\",\"@id\":\"https:\/\/sibelle.ca\/en\/product\/olive-oil-unscented-soap\/#primaryimage\",\"url\":\"https:\/\/sibelle.ca\/wp-content\/uploads\/2022\/05\/DSC_0115.jpeg\",\"contentUrl\":\"https:\/\/sibelle.ca\/wp-content\/uploads\/2022\/05\/DSC_0115.jpeg\",\"width\":500,\"height\":500,\"caption\":\"Savon non-parfum\u00e9 \u00e0 l'huile d'olive\"},{\"@type\":\"BreadcrumbList\",\"@id\":\"https:\/\/sibelle.ca\/en\/product\/olive-oil-unscented-soap\/#breadcrumb\",\"itemListElement\":[{\"@type\":\"ListItem\",\"position\":1,\"name\":\"Home\",\"item\":\"https:\/\/sibelle.ca\/en\/\"},{\"@type\":\"ListItem\",\"position\":2,\"name\":\"Boutique sp\u00e9cialis\u00e9e pour les femmes en traitement de chimioth\u00e9rapie\",\"item\":\"https:\/\/sibelle.ca\/boutiquespecialiseefemmestraitementchimiotherapie\/\"},{\"@type\":\"ListItem\",\"position\":3,\"name\":\"Olive Oil Unscented Soap\"}]},{\"@type\":\"WebSite\",\"@id\":\"https:\/\/sibelle.ca\/en\/#website\",\"url\":\"https:\/\/sibelle.ca\/en\/\",\"name\":\"Sibelle\",\"description\":\"Une collection d\u2019essentiels pour aider les femmes \u00e0 faire face au cancer en beaut\u00e9.\",\"publisher\":{\"@id\":\"https:\/\/sibelle.ca\/en\/#organization\"},\"potentialAction\":[{\"@type\":\"SearchAction\",\"target\":{\"@type\":\"EntryPoint\",\"urlTemplate\":\"https:\/\/sibelle.ca\/en\/?s={search_term_string}\"},\"query-input\":{\"@type\":\"PropertyValueSpecification\",\"valueRequired\":true,\"valueName\":\"search_term_string\"}}],\"inLanguage\":\"en-US\"},{\"@type\":\"Organization\",\"@id\":\"https:\/\/sibelle.ca\/en\/#organization\",\"name\":\"Sibelle\",\"url\":\"https:\/\/sibelle.ca\/en\/\",\"logo\":{\"@type\":\"ImageObject\",\"inLanguage\":\"en-US\",\"@id\":\"https:\/\/sibelle.ca\/en\/#\/schema\/logo\/image\/\",\"url\":\"https:\/\/sibelle.ca\/wp-content\/uploads\/2021\/05\/logo.png\",\"contentUrl\":\"https:\/\/sibelle.ca\/wp-content\/uploads\/2021\/05\/logo.png\",\"width\":206,\"height\":30,\"caption\":\"Sibelle\"},\"image\":{\"@id\":\"https:\/\/sibelle.ca\/en\/#\/schema\/logo\/image\/\"},\"sameAs\":[\"https:\/\/www.facebook.com\/jesuissibelle\",\"https:\/\/www.instagram.com\/jesuissibelle.ca\"]}]}<\/script>\n<meta property=\"product:price:amount\" content=\"12.99\" \/>\n<meta property=\"product:price:currency\" content=\"CAD\" \/>\n<meta property=\"og:availability\" content=\"instock\" \/>\n<meta property=\"product:availability\" content=\"instock\" \/>\n<meta property=\"product:condition\" content=\"new\" \/>\n<!-- \/ Yoast SEO Premium plugin. -->","yoast_head_json":{"title":"Olive Oil Unscented Soap - SIBELLE","description":"This vegan olive oil soap is unscented, gentle and perfectly suited to the sensitive skin of women undergoing cancer treatments.\u00a0Order Now.","robots":{"index":"index","follow":"follow","max-snippet":"max-snippet:-1","max-image-preview":"max-image-preview:large","max-video-preview":"max-video-preview:-1"},"canonical":"https:\/\/sibelle.ca\/en\/product\/olive-oil-unscented-soap\/","og_locale":"en_US","og_type":"article","og_title":"Olive Oil Unscented Soap - SIBELLE","og_description":"This vegan olive oil soap is unscented, gentle and perfectly suited to the sensitive skin of women undergoing cancer treatments.\u00a0Order Now.","og_url":"https:\/\/sibelle.ca\/en\/product\/olive-oil-unscented-soap\/","og_site_name":"SIBELLE","article_publisher":"https:\/\/www.facebook.com\/jesuissibelle","article_modified_time":"2023-11-05T19:54:06+00:00","og_image":[{"width":500,"height":500,"url":"https:\/\/sibelle.ca\/wp-content\/uploads\/2022\/05\/DSC_0115.jpeg","type":"image\/jpeg"}],"twitter_card":"summary_large_image","twitter_misc":{"Price":"12.99&nbsp;&#36;","Availability":"In stock"},"schema":{"@context":"https:\/\/schema.org","@graph":[{"@type":"WebPage","@id":"https:\/\/sibelle.ca\/en\/product\/olive-oil-unscented-soap\/","url":"https:\/\/sibelle.ca\/en\/product\/olive-oil-unscented-soap\/","name":"Olive Oil Unscented Soap - SIBELLE","isPartOf":{"@id":"https:\/\/sibelle.ca\/en\/#website"},"primaryImageOfPage":{"@id":"https:\/\/sibelle.ca\/en\/product\/olive-oil-unscented-soap\/#primaryimage"},"image":{"@id":"https:\/\/sibelle.ca\/en\/product\/olive-oil-unscented-soap\/#primaryimage"},"thumbnailUrl":"https:\/\/sibelle.ca\/wp-content\/uploads\/2022\/05\/DSC_0115.jpeg","datePublished":"2022-05-10T00:46:16+00:00","dateModified":"2023-11-05T19:54:06+00:00","description":"This vegan olive oil soap is unscented, gentle and perfectly suited to the sensitive skin of women undergoing cancer treatments.\u00a0Order Now.","breadcrumb":{"@id":"https:\/\/sibelle.ca\/en\/product\/olive-oil-unscented-soap\/#breadcrumb"},"inLanguage":"en-US","potentialAction":[{"@type":"ReadAction","target":["https:\/\/sibelle.ca\/en\/product\/olive-oil-unscented-soap\/"]}]},{"@type":"ImageObject","inLanguage":"en-US","@id":"https:\/\/sibelle.ca\/en\/product\/olive-oil-unscented-soap\/#primaryimage","url":"https:\/\/sibelle.ca\/wp-content\/uploads\/2022\/05\/DSC_0115.jpeg","contentUrl":"https:\/\/sibelle.ca\/wp-content\/uploads\/2022\/05\/DSC_0115.jpeg","width":500,"height":500,"caption":"Savon non-parfum\u00e9 \u00e0 l'huile d'olive"},{"@type":"BreadcrumbList","@id":"https:\/\/sibelle.ca\/en\/product\/olive-oil-unscented-soap\/#breadcrumb","itemListElement":[{"@type":"ListItem","position":1,"name":"Home","item":"https:\/\/sibelle.ca\/en\/"},{"@type":"ListItem","position":2,"name":"Boutique sp\u00e9cialis\u00e9e pour les femmes en traitement de chimioth\u00e9rapie","item":"https:\/\/sibelle.ca\/boutiquespecialiseefemmestraitementchimiotherapie\/"},{"@type":"ListItem","position":3,"name":"Olive Oil Unscented Soap"}]},{"@type":"WebSite","@id":"https:\/\/sibelle.ca\/en\/#website","url":"https:\/\/sibelle.ca\/en\/","name":"Sibelle","description":"Une collection d\u2019essentiels pour aider les femmes \u00e0 faire face au cancer en beaut\u00e9.","publisher":{"@id":"https:\/\/sibelle.ca\/en\/#organization"},"potentialAction":[{"@type":"SearchAction","target":{"@type":"EntryPoint","urlTemplate":"https:\/\/sibelle.ca\/en\/?s={search_term_string}"},"query-input":{"@type":"PropertyValueSpecification","valueRequired":true,"valueName":"search_term_string"}}],"inLanguage":"en-US"},{"@type":"Organization","@id":"https:\/\/sibelle.ca\/en\/#organization","name":"Sibelle","url":"https:\/\/sibelle.ca\/en\/","logo":{"@type":"ImageObject","inLanguage":"en-US","@id":"https:\/\/sibelle.ca\/en\/#\/schema\/logo\/image\/","url":"https:\/\/sibelle.ca\/wp-content\/uploads\/2021\/05\/logo.png","contentUrl":"https:\/\/sibelle.ca\/wp-content\/uploads\/2021\/05\/logo.png","width":206,"height":30,"caption":"Sibelle"},"image":{"@id":"https:\/\/sibelle.ca\/en\/#\/schema\/logo\/image\/"},"sameAs":["https:\/\/www.facebook.com\/jesuissibelle","https:\/\/www.instagram.com\/jesuissibelle.ca"]}]},"product_price_amount":"12.99","product_price_currency":"CAD","og_availability":"instock","product_availability":"instock","product_condition":"new"},"_links":{"self":[{"href":"https:\/\/sibelle.ca\/en\/wp-json\/wp\/v2\/product\/5244","targetHints":{"allow":["GET"]}}],"collection":[{"href":"https:\/\/sibelle.ca\/en\/wp-json\/wp\/v2\/product"}],"about":[{"href":"https:\/\/sibelle.ca\/en\/wp-json\/wp\/v2\/types\/product"}],"wp:featuredmedia":[{"embeddable":true,"href":"https:\/\/sibelle.ca\/en\/wp-json\/wp\/v2\/media\/7955"}],"wp:attachment":[{"href":"https:\/\/sibelle.ca\/en\/wp-json\/wp\/v2\/media?parent=5244"}],"wp:term":[{"taxonomy":"product_brand","embeddable":true,"href":"https:\/\/sibelle.ca\/en\/wp-json\/wp\/v2\/product_brand?post=5244"},{"taxonomy":"product_cat","embeddable":true,"href":"https:\/\/sibelle.ca\/en\/wp-json\/wp\/v2\/product_cat?post=5244"},{"taxonomy":"product_tag","embeddable":true,"href":"https:\/\/sibelle.ca\/en\/wp-json\/wp\/v2\/product_tag?post=5244"},{"taxonomy":"giftcard-category","embeddable":true,"href":"https:\/\/sibelle.ca\/en\/wp-json\/wp\/v2\/giftcard-category?post=5244"}],"curies":[{"name":"wp","href":"https:\/\/api.w.org\/{rel}","templated":true}]}}