{"id":5320,"date":"2022-05-12T00:11:26","date_gmt":"2022-05-12T00:11:26","guid":{"rendered":"https:\/\/sibelle.ca\/?post_type=product&#038;p=5320"},"modified":"2025-07-16T14:27:50","modified_gmt":"2025-07-16T14:27:50","slug":"women-chemo-scarf-with-elastic-pink-knit","status":"publish","type":"product","link":"https:\/\/sibelle.ca\/en\/product\/women-chemo-scarf-with-elastic-pink-knit\/","title":{"rendered":"Chemo Scarf with Elastic |  Pink Knit"},"content":{"rendered":"<p><strong>Why women love Sibelle\u2019s chemo scarves?<\/strong><\/p>\n<p>Our clients love our knit chemo scarves with ties<strong>\u00a0<\/strong>because they are so comfortable!<\/p>\n<ul>\n<li>Stylish and easy to adjust<\/li>\n<li>Soft, comfortable, and breathable<\/li>\n<li>Provides full head coverage<\/li>\n<li>Designed to stay in place<\/li>\n<li>Made in Canada<\/li>\n<\/ul>\n<p><strong>An elegant and comfortable alternative to wigs.<\/strong><\/p>\n","protected":false},"excerpt":{"rendered":"<p class=\"tw-data-text tw-text-large tw-ta\" dir=\"ltr\" data-placeholder=\"Traduction\"><span class=\"Y2IQFc\" lang=\"en\">Our pink knit chemo sacrf with elastic is specially designed to meet the needs of women facing hair loss. We added connectors inside our scarves to make it easy to add hair extensions. Perfect for women undergoing chemotherapy treatment or suffering from hair problems. An elastic at the base of the occipital ensures the maintenance and position of the scarf. No nasty surprises. They do not move or slip.\u00a0<\/span><\/p>\n<ul>\n<li>Preformed<\/li>\n<li>Stretchable<\/li>\n<li>One size<\/li>\n<\/ul>\n<pre id=\"tw-target-text\" class=\"tw-data-text tw-text-large XcVN5d tw-ta\" dir=\"ltr\" data-placeholder=\"Traduction\"><\/pre>\n","protected":false},"featured_media":5308,"template":"","meta":[],"product_brand":[],"product_cat":[213,92,95],"product_tag":[],"giftcard-category":[],"class_list":{"0":"post-5320","1":"product","2":"type-product","3":"status-publish","4":"has-post-thumbnail","6":"product_cat-scarves-and-beanies","7":"product_cat-hair-replacement","8":"product_cat-chemo-scarves","10":"first","11":"outofstock","12":"sale","13":"taxable","14":"shipping-taxable","15":"purchasable","16":"product-type-simple"},"yoast_head":"<!-- This site is optimized with the Yoast SEO Premium plugin v22.6 (Yoast SEO v26.2) - https:\/\/yoast.com\/wordpress\/plugins\/seo\/ -->\n<title>Chemo Scarf with Elastic | Pink Knit - SIBELLE<\/title>\n<meta name=\"description\" content=\"Chemo scarf for women with cancer or hair lost problems. Specially designed to add ready-to-style hair extensions. Made in Canada.\" \/>\n<meta name=\"robots\" content=\"index, follow, max-snippet:-1, max-image-preview:large, max-video-preview:-1\" \/>\n<link rel=\"canonical\" href=\"https:\/\/sibelle.ca\/en\/product\/women-chemo-scarf-with-elastic-pink-knit\/\" \/>\n<meta property=\"og:locale\" content=\"en_US\" \/>\n<meta property=\"og:type\" content=\"article\" \/>\n<meta property=\"og:title\" content=\"Chemo Scarf with Elastic | Pink Knit - SIBELLE\" \/>\n<meta property=\"og:description\" content=\"Chemo scarf for women with cancer or hair lost problems. Specially designed to add ready-to-style hair extensions. Made in Canada.\" \/>\n<meta property=\"og:url\" content=\"https:\/\/sibelle.ca\/en\/product\/women-chemo-scarf-with-elastic-pink-knit\/\" \/>\n<meta property=\"og:site_name\" content=\"SIBELLE\" \/>\n<meta property=\"article:publisher\" content=\"https:\/\/www.facebook.com\/jesuissibelle\" \/>\n<meta property=\"article:modified_time\" content=\"2025-07-16T14:27:50+00:00\" \/>\n<meta property=\"og:image\" content=\"https:\/\/sibelle.ca\/wp-content\/uploads\/2022\/05\/Knit-rose-elastique-45-droite-1024x1024.jpg\" \/>\n\t<meta property=\"og:image:width\" content=\"1024\" \/>\n\t<meta property=\"og:image:height\" content=\"1024\" \/>\n\t<meta property=\"og:image:type\" content=\"image\/jpeg\" \/>\n<meta name=\"twitter:card\" content=\"summary_large_image\" \/>\n<meta name=\"twitter:label1\" content=\"Price\" \/>\n\t<meta name=\"twitter:data1\" content=\"39.99&nbsp;&#036;\" \/>\n\t<meta name=\"twitter:label2\" content=\"Availability\" \/>\n\t<meta name=\"twitter:data2\" content=\"Out of stock\" \/>\n<script type=\"application\/ld+json\" class=\"yoast-schema-graph\">{\"@context\":\"https:\/\/schema.org\",\"@graph\":[{\"@type\":\"WebPage\",\"@id\":\"https:\/\/sibelle.ca\/en\/product\/women-chemo-scarf-with-elastic-pink-knit\/\",\"url\":\"https:\/\/sibelle.ca\/en\/product\/women-chemo-scarf-with-elastic-pink-knit\/\",\"name\":\"Chemo Scarf with Elastic | Pink Knit - SIBELLE\",\"isPartOf\":{\"@id\":\"https:\/\/sibelle.ca\/en\/#website\"},\"primaryImageOfPage\":{\"@id\":\"https:\/\/sibelle.ca\/en\/product\/women-chemo-scarf-with-elastic-pink-knit\/#primaryimage\"},\"image\":{\"@id\":\"https:\/\/sibelle.ca\/en\/product\/women-chemo-scarf-with-elastic-pink-knit\/#primaryimage\"},\"thumbnailUrl\":\"https:\/\/sibelle.ca\/wp-content\/uploads\/2022\/05\/Knit-rose-elastique-45-droite.jpg\",\"datePublished\":\"2022-05-12T00:11:26+00:00\",\"dateModified\":\"2025-07-16T14:27:50+00:00\",\"description\":\"Chemo scarf for women with cancer or hair lost problems. Specially designed to add ready-to-style hair extensions. Made in Canada.\",\"breadcrumb\":{\"@id\":\"https:\/\/sibelle.ca\/en\/product\/women-chemo-scarf-with-elastic-pink-knit\/#breadcrumb\"},\"inLanguage\":\"en-US\",\"potentialAction\":[{\"@type\":\"ReadAction\",\"target\":[\"https:\/\/sibelle.ca\/en\/product\/women-chemo-scarf-with-elastic-pink-knit\/\"]}]},{\"@type\":\"ImageObject\",\"inLanguage\":\"en-US\",\"@id\":\"https:\/\/sibelle.ca\/en\/product\/women-chemo-scarf-with-elastic-pink-knit\/#primaryimage\",\"url\":\"https:\/\/sibelle.ca\/wp-content\/uploads\/2022\/05\/Knit-rose-elastique-45-droite.jpg\",\"contentUrl\":\"https:\/\/sibelle.ca\/wp-content\/uploads\/2022\/05\/Knit-rose-elastique-45-droite.jpg\",\"width\":2100,\"height\":2100},{\"@type\":\"BreadcrumbList\",\"@id\":\"https:\/\/sibelle.ca\/en\/product\/women-chemo-scarf-with-elastic-pink-knit\/#breadcrumb\",\"itemListElement\":[{\"@type\":\"ListItem\",\"position\":1,\"name\":\"Home\",\"item\":\"https:\/\/sibelle.ca\/en\/\"},{\"@type\":\"ListItem\",\"position\":2,\"name\":\"Boutique sp\u00e9cialis\u00e9e pour les femmes en traitement de chimioth\u00e9rapie\",\"item\":\"https:\/\/sibelle.ca\/boutiquespecialiseefemmestraitementchimiotherapie\/\"},{\"@type\":\"ListItem\",\"position\":3,\"name\":\"Chemo Scarf with Elastic | Pink Knit\"}]},{\"@type\":\"WebSite\",\"@id\":\"https:\/\/sibelle.ca\/en\/#website\",\"url\":\"https:\/\/sibelle.ca\/en\/\",\"name\":\"Sibelle\",\"description\":\"Une collection d\u2019essentiels pour aider les femmes \u00e0 faire face au cancer en beaut\u00e9.\",\"publisher\":{\"@id\":\"https:\/\/sibelle.ca\/en\/#organization\"},\"potentialAction\":[{\"@type\":\"SearchAction\",\"target\":{\"@type\":\"EntryPoint\",\"urlTemplate\":\"https:\/\/sibelle.ca\/en\/?s={search_term_string}\"},\"query-input\":{\"@type\":\"PropertyValueSpecification\",\"valueRequired\":true,\"valueName\":\"search_term_string\"}}],\"inLanguage\":\"en-US\"},{\"@type\":\"Organization\",\"@id\":\"https:\/\/sibelle.ca\/en\/#organization\",\"name\":\"Sibelle\",\"url\":\"https:\/\/sibelle.ca\/en\/\",\"logo\":{\"@type\":\"ImageObject\",\"inLanguage\":\"en-US\",\"@id\":\"https:\/\/sibelle.ca\/en\/#\/schema\/logo\/image\/\",\"url\":\"https:\/\/sibelle.ca\/wp-content\/uploads\/2021\/05\/logo.png\",\"contentUrl\":\"https:\/\/sibelle.ca\/wp-content\/uploads\/2021\/05\/logo.png\",\"width\":206,\"height\":30,\"caption\":\"Sibelle\"},\"image\":{\"@id\":\"https:\/\/sibelle.ca\/en\/#\/schema\/logo\/image\/\"},\"sameAs\":[\"https:\/\/www.facebook.com\/jesuissibelle\",\"https:\/\/www.instagram.com\/jesuissibelle.ca\"]}]}<\/script>\n<meta property=\"product:price:amount\" content=\"39.99\" \/>\n<meta property=\"product:price:currency\" content=\"CAD\" \/>\n<meta property=\"og:availability\" content=\"out of stock\" \/>\n<meta property=\"product:availability\" content=\"out of stock\" \/>\n<meta property=\"product:condition\" content=\"new\" \/>\n<!-- \/ Yoast SEO Premium plugin. -->","yoast_head_json":{"title":"Chemo Scarf with Elastic | Pink Knit - SIBELLE","description":"Chemo scarf for women with cancer or hair lost problems. Specially designed to add ready-to-style hair extensions. Made in Canada.","robots":{"index":"index","follow":"follow","max-snippet":"max-snippet:-1","max-image-preview":"max-image-preview:large","max-video-preview":"max-video-preview:-1"},"canonical":"https:\/\/sibelle.ca\/en\/product\/women-chemo-scarf-with-elastic-pink-knit\/","og_locale":"en_US","og_type":"article","og_title":"Chemo Scarf with Elastic | Pink Knit - SIBELLE","og_description":"Chemo scarf for women with cancer or hair lost problems. Specially designed to add ready-to-style hair extensions. Made in Canada.","og_url":"https:\/\/sibelle.ca\/en\/product\/women-chemo-scarf-with-elastic-pink-knit\/","og_site_name":"SIBELLE","article_publisher":"https:\/\/www.facebook.com\/jesuissibelle","article_modified_time":"2025-07-16T14:27:50+00:00","og_image":[{"width":1024,"height":1024,"url":"https:\/\/sibelle.ca\/wp-content\/uploads\/2022\/05\/Knit-rose-elastique-45-droite-1024x1024.jpg","type":"image\/jpeg"}],"twitter_card":"summary_large_image","twitter_misc":{"Price":"39.99&nbsp;&#36;","Availability":"Out of stock"},"schema":{"@context":"https:\/\/schema.org","@graph":[{"@type":"WebPage","@id":"https:\/\/sibelle.ca\/en\/product\/women-chemo-scarf-with-elastic-pink-knit\/","url":"https:\/\/sibelle.ca\/en\/product\/women-chemo-scarf-with-elastic-pink-knit\/","name":"Chemo Scarf with Elastic | Pink Knit - SIBELLE","isPartOf":{"@id":"https:\/\/sibelle.ca\/en\/#website"},"primaryImageOfPage":{"@id":"https:\/\/sibelle.ca\/en\/product\/women-chemo-scarf-with-elastic-pink-knit\/#primaryimage"},"image":{"@id":"https:\/\/sibelle.ca\/en\/product\/women-chemo-scarf-with-elastic-pink-knit\/#primaryimage"},"thumbnailUrl":"https:\/\/sibelle.ca\/wp-content\/uploads\/2022\/05\/Knit-rose-elastique-45-droite.jpg","datePublished":"2022-05-12T00:11:26+00:00","dateModified":"2025-07-16T14:27:50+00:00","description":"Chemo scarf for women with cancer or hair lost problems. Specially designed to add ready-to-style hair extensions. Made in Canada.","breadcrumb":{"@id":"https:\/\/sibelle.ca\/en\/product\/women-chemo-scarf-with-elastic-pink-knit\/#breadcrumb"},"inLanguage":"en-US","potentialAction":[{"@type":"ReadAction","target":["https:\/\/sibelle.ca\/en\/product\/women-chemo-scarf-with-elastic-pink-knit\/"]}]},{"@type":"ImageObject","inLanguage":"en-US","@id":"https:\/\/sibelle.ca\/en\/product\/women-chemo-scarf-with-elastic-pink-knit\/#primaryimage","url":"https:\/\/sibelle.ca\/wp-content\/uploads\/2022\/05\/Knit-rose-elastique-45-droite.jpg","contentUrl":"https:\/\/sibelle.ca\/wp-content\/uploads\/2022\/05\/Knit-rose-elastique-45-droite.jpg","width":2100,"height":2100},{"@type":"BreadcrumbList","@id":"https:\/\/sibelle.ca\/en\/product\/women-chemo-scarf-with-elastic-pink-knit\/#breadcrumb","itemListElement":[{"@type":"ListItem","position":1,"name":"Home","item":"https:\/\/sibelle.ca\/en\/"},{"@type":"ListItem","position":2,"name":"Boutique sp\u00e9cialis\u00e9e pour les femmes en traitement de chimioth\u00e9rapie","item":"https:\/\/sibelle.ca\/boutiquespecialiseefemmestraitementchimiotherapie\/"},{"@type":"ListItem","position":3,"name":"Chemo Scarf with Elastic | Pink Knit"}]},{"@type":"WebSite","@id":"https:\/\/sibelle.ca\/en\/#website","url":"https:\/\/sibelle.ca\/en\/","name":"Sibelle","description":"Une collection d\u2019essentiels pour aider les femmes \u00e0 faire face au cancer en beaut\u00e9.","publisher":{"@id":"https:\/\/sibelle.ca\/en\/#organization"},"potentialAction":[{"@type":"SearchAction","target":{"@type":"EntryPoint","urlTemplate":"https:\/\/sibelle.ca\/en\/?s={search_term_string}"},"query-input":{"@type":"PropertyValueSpecification","valueRequired":true,"valueName":"search_term_string"}}],"inLanguage":"en-US"},{"@type":"Organization","@id":"https:\/\/sibelle.ca\/en\/#organization","name":"Sibelle","url":"https:\/\/sibelle.ca\/en\/","logo":{"@type":"ImageObject","inLanguage":"en-US","@id":"https:\/\/sibelle.ca\/en\/#\/schema\/logo\/image\/","url":"https:\/\/sibelle.ca\/wp-content\/uploads\/2021\/05\/logo.png","contentUrl":"https:\/\/sibelle.ca\/wp-content\/uploads\/2021\/05\/logo.png","width":206,"height":30,"caption":"Sibelle"},"image":{"@id":"https:\/\/sibelle.ca\/en\/#\/schema\/logo\/image\/"},"sameAs":["https:\/\/www.facebook.com\/jesuissibelle","https:\/\/www.instagram.com\/jesuissibelle.ca"]}]},"product_price_amount":"39.99","product_price_currency":"CAD","og_availability":"out of stock","product_availability":"out of stock","product_condition":"new"},"_links":{"self":[{"href":"https:\/\/sibelle.ca\/en\/wp-json\/wp\/v2\/product\/5320","targetHints":{"allow":["GET"]}}],"collection":[{"href":"https:\/\/sibelle.ca\/en\/wp-json\/wp\/v2\/product"}],"about":[{"href":"https:\/\/sibelle.ca\/en\/wp-json\/wp\/v2\/types\/product"}],"wp:featuredmedia":[{"embeddable":true,"href":"https:\/\/sibelle.ca\/en\/wp-json\/wp\/v2\/media\/5308"}],"wp:attachment":[{"href":"https:\/\/sibelle.ca\/en\/wp-json\/wp\/v2\/media?parent=5320"}],"wp:term":[{"taxonomy":"product_brand","embeddable":true,"href":"https:\/\/sibelle.ca\/en\/wp-json\/wp\/v2\/product_brand?post=5320"},{"taxonomy":"product_cat","embeddable":true,"href":"https:\/\/sibelle.ca\/en\/wp-json\/wp\/v2\/product_cat?post=5320"},{"taxonomy":"product_tag","embeddable":true,"href":"https:\/\/sibelle.ca\/en\/wp-json\/wp\/v2\/product_tag?post=5320"},{"taxonomy":"giftcard-category","embeddable":true,"href":"https:\/\/sibelle.ca\/en\/wp-json\/wp\/v2\/giftcard-category?post=5320"}],"curies":[{"name":"wp","href":"https:\/\/api.w.org\/{rel}","templated":true}]}}