{"id":7157,"date":"2023-07-02T18:37:52","date_gmt":"2023-07-02T18:37:52","guid":{"rendered":"https:\/\/sibelle.ca\/product\/ensemble-soins-bien-etre\/"},"modified":"2023-08-20T17:01:06","modified_gmt":"2023-08-20T17:01:06","slug":"well-being-care-kit-2","status":"publish","type":"product","link":"https:\/\/sibelle.ca\/en\/product\/well-being-care-kit-2\/","title":{"rendered":"Well-Being Care Kit"},"content":{"rendered":"<p>This care kit is specifically designed to offer renewed well-being to those who have lost their hair following chemotherapy or cranial radiation therapy.<\/p>\n<p>Includes:<\/p>\n<p>(1) Vitascalp Shampoo (250 ml)<br \/>\n(1) Hydrascalp Shampoo (250 ml)<br \/>\n(1) Hydrascalp Lotion (90 ml)<br \/>\n(1) Vitascalp Lotion (90 ml)<\/p>\n","protected":false},"excerpt":{"rendered":"<p id=\"tw-target-text\" class=\"tw-data-text tw-text-large tw-ta\" dir=\"ltr\" data-placeholder=\"Translation\"><span class=\"Y2IQFc\" lang=\"en\">Shampoo and lotion for women dealing with hair loss. <\/span><\/p>\n<p class=\"tw-data-text tw-text-large tw-ta\" dir=\"ltr\" data-placeholder=\"Translation\"><span class=\"Y2IQFc\" lang=\"en\">Non-aggressive natural products.<\/span><\/p>\n","protected":false},"featured_media":5414,"template":"","meta":[],"product_brand":[],"product_cat":[215,216],"product_tag":[],"giftcard-category":[],"class_list":{"0":"post-7157","1":"product","2":"type-product","3":"status-publish","4":"has-post-thumbnail","6":"product_cat-beauty-care","7":"product_cat-hair-care-en-2","9":"first","10":"instock","11":"taxable","12":"shipping-taxable","13":"purchasable","14":"product-type-simple"},"yoast_head":"<!-- This site is optimized with the Yoast SEO Premium plugin v22.6 (Yoast SEO v26.2) - https:\/\/yoast.com\/wordpress\/plugins\/seo\/ -->\n<title>Well-Being Care Kit - SIBELLE<\/title>\n<meta name=\"description\" content=\"Shampoo and lotion specifically designed for women who have lost their hair following their cancer treatments. Quick delivery.\" \/>\n<meta name=\"robots\" content=\"index, follow, max-snippet:-1, max-image-preview:large, max-video-preview:-1\" \/>\n<link rel=\"canonical\" href=\"https:\/\/sibelle.ca\/en\/product\/well-being-care-kit-2\/\" \/>\n<meta property=\"og:locale\" content=\"en_US\" \/>\n<meta property=\"og:type\" content=\"article\" \/>\n<meta property=\"og:title\" content=\"Well-Being Care Kit - SIBELLE\" \/>\n<meta property=\"og:description\" content=\"Shampoo and lotion specifically designed for women who have lost their hair following their cancer treatments. Quick delivery.\" \/>\n<meta property=\"og:url\" content=\"https:\/\/sibelle.ca\/en\/product\/well-being-care-kit-2\/\" \/>\n<meta property=\"og:site_name\" content=\"SIBELLE\" \/>\n<meta property=\"article:publisher\" content=\"https:\/\/www.facebook.com\/jesuissibelle\" \/>\n<meta property=\"article:modified_time\" content=\"2023-08-20T17:01:06+00:00\" \/>\n<meta property=\"og:image\" content=\"https:\/\/sibelle.ca\/wp-content\/uploads\/2021\/05\/Assemblageboiteetproduits_Page_2_695x695-e1654548405906.jpg\" \/>\n\t<meta property=\"og:image:width\" content=\"695\" \/>\n\t<meta property=\"og:image:height\" content=\"695\" \/>\n\t<meta property=\"og:image:type\" content=\"image\/jpeg\" \/>\n<meta name=\"twitter:card\" content=\"summary_large_image\" \/>\n<meta name=\"twitter:label1\" content=\"Price\" \/>\n\t<meta name=\"twitter:data1\" content=\"129.99&nbsp;&#036;\" \/>\n\t<meta name=\"twitter:label2\" content=\"Availability\" \/>\n\t<meta name=\"twitter:data2\" content=\"In stock\" \/>\n<script type=\"application\/ld+json\" class=\"yoast-schema-graph\">{\"@context\":\"https:\/\/schema.org\",\"@graph\":[{\"@type\":\"WebPage\",\"@id\":\"https:\/\/sibelle.ca\/en\/product\/well-being-care-kit-2\/\",\"url\":\"https:\/\/sibelle.ca\/en\/product\/well-being-care-kit-2\/\",\"name\":\"Well-Being Care Kit - SIBELLE\",\"isPartOf\":{\"@id\":\"https:\/\/sibelle.ca\/en\/#website\"},\"primaryImageOfPage\":{\"@id\":\"https:\/\/sibelle.ca\/en\/product\/well-being-care-kit-2\/#primaryimage\"},\"image\":{\"@id\":\"https:\/\/sibelle.ca\/en\/product\/well-being-care-kit-2\/#primaryimage\"},\"thumbnailUrl\":\"https:\/\/sibelle.ca\/wp-content\/uploads\/2021\/05\/Assemblageboiteetproduits_Page_2_695x695-e1654548405906.jpg\",\"datePublished\":\"2023-07-02T18:37:52+00:00\",\"dateModified\":\"2023-08-20T17:01:06+00:00\",\"description\":\"Shampoo and lotion specifically designed for women who have lost their hair following their cancer treatments. Quick delivery.\",\"breadcrumb\":{\"@id\":\"https:\/\/sibelle.ca\/en\/product\/well-being-care-kit-2\/#breadcrumb\"},\"inLanguage\":\"en-US\",\"potentialAction\":[{\"@type\":\"ReadAction\",\"target\":[\"https:\/\/sibelle.ca\/en\/product\/well-being-care-kit-2\/\"]}]},{\"@type\":\"ImageObject\",\"inLanguage\":\"en-US\",\"@id\":\"https:\/\/sibelle.ca\/en\/product\/well-being-care-kit-2\/#primaryimage\",\"url\":\"https:\/\/sibelle.ca\/wp-content\/uploads\/2021\/05\/Assemblageboiteetproduits_Page_2_695x695-e1654548405906.jpg\",\"contentUrl\":\"https:\/\/sibelle.ca\/wp-content\/uploads\/2021\/05\/Assemblageboiteetproduits_Page_2_695x695-e1654548405906.jpg\",\"width\":695,\"height\":695,\"caption\":\"Ensemble bien-\u00eatre\"},{\"@type\":\"BreadcrumbList\",\"@id\":\"https:\/\/sibelle.ca\/en\/product\/well-being-care-kit-2\/#breadcrumb\",\"itemListElement\":[{\"@type\":\"ListItem\",\"position\":1,\"name\":\"Home\",\"item\":\"https:\/\/sibelle.ca\/en\/\"},{\"@type\":\"ListItem\",\"position\":2,\"name\":\"Boutique sp\u00e9cialis\u00e9e pour les femmes en traitement de chimioth\u00e9rapie\",\"item\":\"https:\/\/sibelle.ca\/boutiquespecialiseefemmestraitementchimiotherapie\/\"},{\"@type\":\"ListItem\",\"position\":3,\"name\":\"Well-Being Care Kit\"}]},{\"@type\":\"WebSite\",\"@id\":\"https:\/\/sibelle.ca\/en\/#website\",\"url\":\"https:\/\/sibelle.ca\/en\/\",\"name\":\"Sibelle\",\"description\":\"Une collection d\u2019essentiels pour aider les femmes \u00e0 faire face au cancer en beaut\u00e9.\",\"publisher\":{\"@id\":\"https:\/\/sibelle.ca\/en\/#organization\"},\"potentialAction\":[{\"@type\":\"SearchAction\",\"target\":{\"@type\":\"EntryPoint\",\"urlTemplate\":\"https:\/\/sibelle.ca\/en\/?s={search_term_string}\"},\"query-input\":{\"@type\":\"PropertyValueSpecification\",\"valueRequired\":true,\"valueName\":\"search_term_string\"}}],\"inLanguage\":\"en-US\"},{\"@type\":\"Organization\",\"@id\":\"https:\/\/sibelle.ca\/en\/#organization\",\"name\":\"Sibelle\",\"url\":\"https:\/\/sibelle.ca\/en\/\",\"logo\":{\"@type\":\"ImageObject\",\"inLanguage\":\"en-US\",\"@id\":\"https:\/\/sibelle.ca\/en\/#\/schema\/logo\/image\/\",\"url\":\"https:\/\/sibelle.ca\/wp-content\/uploads\/2021\/05\/logo.png\",\"contentUrl\":\"https:\/\/sibelle.ca\/wp-content\/uploads\/2021\/05\/logo.png\",\"width\":206,\"height\":30,\"caption\":\"Sibelle\"},\"image\":{\"@id\":\"https:\/\/sibelle.ca\/en\/#\/schema\/logo\/image\/\"},\"sameAs\":[\"https:\/\/www.facebook.com\/jesuissibelle\",\"https:\/\/www.instagram.com\/jesuissibelle.ca\"]}]}<\/script>\n<meta property=\"product:price:amount\" content=\"129.99\" \/>\n<meta property=\"product:price:currency\" content=\"CAD\" \/>\n<meta property=\"og:availability\" content=\"instock\" \/>\n<meta property=\"product:availability\" content=\"instock\" \/>\n<meta property=\"product:condition\" content=\"new\" \/>\n<!-- \/ Yoast SEO Premium plugin. -->","yoast_head_json":{"title":"Well-Being Care Kit - SIBELLE","description":"Shampoo and lotion specifically designed for women who have lost their hair following their cancer treatments. Quick delivery.","robots":{"index":"index","follow":"follow","max-snippet":"max-snippet:-1","max-image-preview":"max-image-preview:large","max-video-preview":"max-video-preview:-1"},"canonical":"https:\/\/sibelle.ca\/en\/product\/well-being-care-kit-2\/","og_locale":"en_US","og_type":"article","og_title":"Well-Being Care Kit - SIBELLE","og_description":"Shampoo and lotion specifically designed for women who have lost their hair following their cancer treatments. Quick delivery.","og_url":"https:\/\/sibelle.ca\/en\/product\/well-being-care-kit-2\/","og_site_name":"SIBELLE","article_publisher":"https:\/\/www.facebook.com\/jesuissibelle","article_modified_time":"2023-08-20T17:01:06+00:00","og_image":[{"width":695,"height":695,"url":"https:\/\/sibelle.ca\/wp-content\/uploads\/2021\/05\/Assemblageboiteetproduits_Page_2_695x695-e1654548405906.jpg","type":"image\/jpeg"}],"twitter_card":"summary_large_image","twitter_misc":{"Price":"129.99&nbsp;&#36;","Availability":"In stock"},"schema":{"@context":"https:\/\/schema.org","@graph":[{"@type":"WebPage","@id":"https:\/\/sibelle.ca\/en\/product\/well-being-care-kit-2\/","url":"https:\/\/sibelle.ca\/en\/product\/well-being-care-kit-2\/","name":"Well-Being Care Kit - SIBELLE","isPartOf":{"@id":"https:\/\/sibelle.ca\/en\/#website"},"primaryImageOfPage":{"@id":"https:\/\/sibelle.ca\/en\/product\/well-being-care-kit-2\/#primaryimage"},"image":{"@id":"https:\/\/sibelle.ca\/en\/product\/well-being-care-kit-2\/#primaryimage"},"thumbnailUrl":"https:\/\/sibelle.ca\/wp-content\/uploads\/2021\/05\/Assemblageboiteetproduits_Page_2_695x695-e1654548405906.jpg","datePublished":"2023-07-02T18:37:52+00:00","dateModified":"2023-08-20T17:01:06+00:00","description":"Shampoo and lotion specifically designed for women who have lost their hair following their cancer treatments. Quick delivery.","breadcrumb":{"@id":"https:\/\/sibelle.ca\/en\/product\/well-being-care-kit-2\/#breadcrumb"},"inLanguage":"en-US","potentialAction":[{"@type":"ReadAction","target":["https:\/\/sibelle.ca\/en\/product\/well-being-care-kit-2\/"]}]},{"@type":"ImageObject","inLanguage":"en-US","@id":"https:\/\/sibelle.ca\/en\/product\/well-being-care-kit-2\/#primaryimage","url":"https:\/\/sibelle.ca\/wp-content\/uploads\/2021\/05\/Assemblageboiteetproduits_Page_2_695x695-e1654548405906.jpg","contentUrl":"https:\/\/sibelle.ca\/wp-content\/uploads\/2021\/05\/Assemblageboiteetproduits_Page_2_695x695-e1654548405906.jpg","width":695,"height":695,"caption":"Ensemble bien-\u00eatre"},{"@type":"BreadcrumbList","@id":"https:\/\/sibelle.ca\/en\/product\/well-being-care-kit-2\/#breadcrumb","itemListElement":[{"@type":"ListItem","position":1,"name":"Home","item":"https:\/\/sibelle.ca\/en\/"},{"@type":"ListItem","position":2,"name":"Boutique sp\u00e9cialis\u00e9e pour les femmes en traitement de chimioth\u00e9rapie","item":"https:\/\/sibelle.ca\/boutiquespecialiseefemmestraitementchimiotherapie\/"},{"@type":"ListItem","position":3,"name":"Well-Being Care Kit"}]},{"@type":"WebSite","@id":"https:\/\/sibelle.ca\/en\/#website","url":"https:\/\/sibelle.ca\/en\/","name":"Sibelle","description":"Une collection d\u2019essentiels pour aider les femmes \u00e0 faire face au cancer en beaut\u00e9.","publisher":{"@id":"https:\/\/sibelle.ca\/en\/#organization"},"potentialAction":[{"@type":"SearchAction","target":{"@type":"EntryPoint","urlTemplate":"https:\/\/sibelle.ca\/en\/?s={search_term_string}"},"query-input":{"@type":"PropertyValueSpecification","valueRequired":true,"valueName":"search_term_string"}}],"inLanguage":"en-US"},{"@type":"Organization","@id":"https:\/\/sibelle.ca\/en\/#organization","name":"Sibelle","url":"https:\/\/sibelle.ca\/en\/","logo":{"@type":"ImageObject","inLanguage":"en-US","@id":"https:\/\/sibelle.ca\/en\/#\/schema\/logo\/image\/","url":"https:\/\/sibelle.ca\/wp-content\/uploads\/2021\/05\/logo.png","contentUrl":"https:\/\/sibelle.ca\/wp-content\/uploads\/2021\/05\/logo.png","width":206,"height":30,"caption":"Sibelle"},"image":{"@id":"https:\/\/sibelle.ca\/en\/#\/schema\/logo\/image\/"},"sameAs":["https:\/\/www.facebook.com\/jesuissibelle","https:\/\/www.instagram.com\/jesuissibelle.ca"]}]},"product_price_amount":"129.99","product_price_currency":"CAD","og_availability":"instock","product_availability":"instock","product_condition":"new"},"_links":{"self":[{"href":"https:\/\/sibelle.ca\/en\/wp-json\/wp\/v2\/product\/7157","targetHints":{"allow":["GET"]}}],"collection":[{"href":"https:\/\/sibelle.ca\/en\/wp-json\/wp\/v2\/product"}],"about":[{"href":"https:\/\/sibelle.ca\/en\/wp-json\/wp\/v2\/types\/product"}],"wp:featuredmedia":[{"embeddable":true,"href":"https:\/\/sibelle.ca\/en\/wp-json\/wp\/v2\/media\/5414"}],"wp:attachment":[{"href":"https:\/\/sibelle.ca\/en\/wp-json\/wp\/v2\/media?parent=7157"}],"wp:term":[{"taxonomy":"product_brand","embeddable":true,"href":"https:\/\/sibelle.ca\/en\/wp-json\/wp\/v2\/product_brand?post=7157"},{"taxonomy":"product_cat","embeddable":true,"href":"https:\/\/sibelle.ca\/en\/wp-json\/wp\/v2\/product_cat?post=7157"},{"taxonomy":"product_tag","embeddable":true,"href":"https:\/\/sibelle.ca\/en\/wp-json\/wp\/v2\/product_tag?post=7157"},{"taxonomy":"giftcard-category","embeddable":true,"href":"https:\/\/sibelle.ca\/en\/wp-json\/wp\/v2\/giftcard-category?post=7157"}],"curies":[{"name":"wp","href":"https:\/\/api.w.org\/{rel}","templated":true}]}}