{"id":8004,"date":"2023-11-11T19:14:36","date_gmt":"2023-11-11T19:14:36","guid":{"rendered":"https:\/\/sibelle.ca\/product\/bonnet-en-bambou-lavande\/"},"modified":"2024-07-08T20:08:00","modified_gmt":"2024-07-08T20:08:00","slug":"chemo-cap-slouchy-chemo-beanie-bamboo-lavander","status":"publish","type":"product","link":"https:\/\/sibelle.ca\/en\/product\/chemo-cap-slouchy-chemo-beanie-bamboo-lavander\/","title":{"rendered":"Slouchy Chemo Beanie | Bamboo Lavender"},"content":{"rendered":"<p>Great for lounging at home or going out in style! Our chemo caps will keep your head warm and cozy during and after treatments.<\/p>\n<h4><strong>A great alternative to itchy wigs.<\/strong><\/h4>\n<ul>\n<li>Easy to wear, just slip on and go!<\/li>\n<li>Perfect day or night.<\/li>\n<li>With exceptional comfort and breathability, our <strong>bamboo slouchy beanies<\/strong> can be worn throughout the year. They don&#8217;t stick to the skin during the summer heat. Their full head coverage ensures they won\u2019t slip or let the scalp show.<\/li>\n<li>Elegant finish: Made in Canada with meticulous attention to detail.<\/li>\n<li>Quality fabric: Our <strong>slouchy chemo beanies<\/strong> are made from Oeko Tex certified bamboo rayon, ensuring no harmful chemicals in the fabric and providing exceptional comfort and breathability. The fabric is soothing to the touch, ideal for women undergoing medical treatment for chemotherapy or suffering from alopecia. The colours will not fade.<\/li>\n<li>One size fits all: Complements all face shapes and sizes. Our soft fabric will stretch to accommodate petite to large head sizes.<\/li>\n<\/ul>\n<p>&nbsp;<\/p>\n<h4><strong>Why women love Sibelle\u2019s slouchy beanies:<\/strong><\/h4>\n<p>Our clients love that our stylish <strong>slouchy chemo beanies<\/strong> are easy to wear and offer a soothing feel for their sensitive scalps. Our 95% Bamboo Rayon and 5% Spandex fabric is silky soft yet durable. It is also very breathable, cool, and absorbent.<\/p>\n<ul>\n<li>Stylish and minimalist design<\/li>\n<li>Comfortable fit and very soft<\/li>\n<li>No annoying seams for zero scalp itchiness<\/li>\n<li>Provides full head coverage and designed to stay in place<\/li>\n<li>Available in a variety of colours<\/li>\n<li>Made in Canada<\/li>\n<\/ul>\n<h4><strong><br \/>\nAfter-sale service:<\/strong><\/h4>\n<p>If you are not satisfied with our product, please let us know. We will do our best to resolve your issue quickly and effectively.<\/p>\n<p>&nbsp;<\/p>\n<p>&nbsp;<\/p>\n","protected":false},"excerpt":{"rendered":"<p>Our <strong>lavender bamboo slouchy chemo beanies<\/strong> are soft, lightweight, and comfortable. Specially designed to help women with hair loss maintain their body heat, they provide full head, neck, and ear coverage. They adapt perfectly to your head without exerting uncomfortable pressure. Moreover, they feature no annoying seams to irritate the skin<\/p>\n<p><strong>Easy to wear, they provide a stylish, laid-back, and active look.<\/strong><\/p>\n","protected":false},"featured_media":8003,"template":"","meta":[],"product_brand":[],"product_cat":[213,214],"product_tag":[],"giftcard-category":[],"class_list":{"0":"post-8004","1":"product","2":"type-product","3":"status-publish","4":"has-post-thumbnail","6":"product_cat-scarves-and-beanies","7":"product_cat-slouchy-chemo-beanies-en","9":"first","10":"outofstock","11":"taxable","12":"shipping-taxable","13":"purchasable","14":"product-type-simple"},"yoast_head":"<!-- This site is optimized with the Yoast SEO Premium plugin v22.6 (Yoast SEO v26.2) - https:\/\/yoast.com\/wordpress\/plugins\/seo\/ -->\n<title>Slouchy Chemo Beanie | Bamboo Lavender - SIBELLE<\/title>\n<meta name=\"description\" content=\"Soft, comfortable, and breathable, our lavender bamboo slouchy chemo beanie will keep your head warm and cozy during and after treatments. Shop now.\" \/>\n<meta name=\"robots\" content=\"index, follow, max-snippet:-1, max-image-preview:large, max-video-preview:-1\" \/>\n<link rel=\"canonical\" href=\"https:\/\/sibelle.ca\/en\/product-category\/scarves-and-beanies\/chemo-caps-en\/\" \/>\n<meta property=\"og:locale\" content=\"en_US\" \/>\n<meta property=\"og:type\" content=\"article\" \/>\n<meta property=\"og:title\" content=\"Slouchy Chemo Beanie | Bamboo Lavender - SIBELLE\" \/>\n<meta property=\"og:description\" content=\"Notre bonnet en bambou bleu est doux, frais, l\u00e9ger et confortable. Parfait pour ajouter une touche de confort et de s\u00e9r\u00e9nit\u00e9 \u00e0 vos journ\u00e9e et \u00e0 vos nuits.\u00a0\" \/>\n<meta property=\"og:url\" content=\"https:\/\/sibelle.ca\/en\/product-category\/scarves-and-beanies\/chemo-caps-en\/\" \/>\n<meta property=\"og:site_name\" content=\"SIBELLE\" \/>\n<meta property=\"article:publisher\" content=\"https:\/\/www.facebook.com\/jesuissibelle\" \/>\n<meta property=\"article:modified_time\" content=\"2024-07-08T20:08:00+00:00\" \/>\n<meta property=\"og:image\" content=\"https:\/\/sibelle.ca\/wp-content\/uploads\/2023\/11\/Sibelle-beanie-chimio-bambou-lavande-45-copy.jpg\" \/>\n\t<meta property=\"og:image:width\" content=\"1200\" \/>\n\t<meta property=\"og:image:height\" content=\"1200\" \/>\n\t<meta property=\"og:image:type\" content=\"image\/jpeg\" \/>\n<meta name=\"twitter:card\" content=\"summary_large_image\" \/>\n<meta name=\"twitter:description\" content=\"Notre bonnet en bambou bleu est doux, frais, l\u00e9ger et confortable. Parfait pour ajouter une touche de confort et de s\u00e9r\u00e9nit\u00e9 \u00e0 vos journ\u00e9e et \u00e0 vos nuits.\u00a0\" \/>\n<meta name=\"twitter:label1\" content=\"Price\" \/>\n\t<meta name=\"twitter:data1\" content=\"39.99&nbsp;&#036;\" \/>\n\t<meta name=\"twitter:label2\" content=\"Availability\" \/>\n\t<meta name=\"twitter:data2\" content=\"Out of stock\" \/>\n<script type=\"application\/ld+json\" class=\"yoast-schema-graph\">{\"@context\":\"https:\/\/schema.org\",\"@graph\":[{\"@type\":\"WebPage\",\"@id\":\"https:\/\/sibelle.ca\/en\/product\/chemo-cap-slouchy-chemo-beanie-bamboo-lavander\/\",\"url\":\"https:\/\/sibelle.ca\/en\/product-category\/scarves-and-beanies\/chemo-caps-en\/\",\"name\":\"Slouchy Chemo Beanie | Bamboo Lavender - SIBELLE\",\"isPartOf\":{\"@id\":\"https:\/\/sibelle.ca\/en\/#website\"},\"primaryImageOfPage\":{\"@id\":\"https:\/\/sibelle.ca\/en\/product-category\/scarves-and-beanies\/chemo-caps-en\/#primaryimage\"},\"image\":{\"@id\":\"https:\/\/sibelle.ca\/en\/product-category\/scarves-and-beanies\/chemo-caps-en\/#primaryimage\"},\"thumbnailUrl\":\"https:\/\/sibelle.ca\/wp-content\/uploads\/2023\/11\/Sibelle-beanie-chimio-bambou-lavande-45-copy.jpg\",\"datePublished\":\"2023-11-11T19:14:36+00:00\",\"dateModified\":\"2024-07-08T20:08:00+00:00\",\"description\":\"Soft, comfortable, and breathable, our lavender bamboo slouchy chemo beanie will keep your head warm and cozy during and after treatments. Shop now.\",\"breadcrumb\":{\"@id\":\"https:\/\/sibelle.ca\/en\/product-category\/scarves-and-beanies\/chemo-caps-en\/#breadcrumb\"},\"inLanguage\":\"en-US\",\"potentialAction\":[{\"@type\":\"ReadAction\",\"target\":[\"https:\/\/sibelle.ca\/en\/product-category\/scarves-and-beanies\/chemo-caps-en\/\"]}]},{\"@type\":\"ImageObject\",\"inLanguage\":\"en-US\",\"@id\":\"https:\/\/sibelle.ca\/en\/product-category\/scarves-and-beanies\/chemo-caps-en\/#primaryimage\",\"url\":\"https:\/\/sibelle.ca\/wp-content\/uploads\/2023\/11\/Sibelle-beanie-chimio-bambou-lavande-45-copy.jpg\",\"contentUrl\":\"https:\/\/sibelle.ca\/wp-content\/uploads\/2023\/11\/Sibelle-beanie-chimio-bambou-lavande-45-copy.jpg\",\"width\":1200,\"height\":1200,\"caption\":\"Sibelle lavender chemo slouchy beanie for women cancer patient presented on a mannequin. Side view.\"},{\"@type\":\"BreadcrumbList\",\"@id\":\"https:\/\/sibelle.ca\/en\/product-category\/scarves-and-beanies\/chemo-caps-en\/#breadcrumb\",\"itemListElement\":[{\"@type\":\"ListItem\",\"position\":1,\"name\":\"Home\",\"item\":\"https:\/\/sibelle.ca\/en\/\"},{\"@type\":\"ListItem\",\"position\":2,\"name\":\"Boutique sp\u00e9cialis\u00e9e pour les femmes en traitement de chimioth\u00e9rapie\",\"item\":\"https:\/\/sibelle.ca\/boutiquespecialiseefemmestraitementchimiotherapie\/\"},{\"@type\":\"ListItem\",\"position\":3,\"name\":\"Slouchy Chemo Beanie | Bamboo Lavender\"}]},{\"@type\":\"WebSite\",\"@id\":\"https:\/\/sibelle.ca\/en\/#website\",\"url\":\"https:\/\/sibelle.ca\/en\/\",\"name\":\"Sibelle\",\"description\":\"Une collection d\u2019essentiels pour aider les femmes \u00e0 faire face au cancer en beaut\u00e9.\",\"publisher\":{\"@id\":\"https:\/\/sibelle.ca\/en\/#organization\"},\"potentialAction\":[{\"@type\":\"SearchAction\",\"target\":{\"@type\":\"EntryPoint\",\"urlTemplate\":\"https:\/\/sibelle.ca\/en\/?s={search_term_string}\"},\"query-input\":{\"@type\":\"PropertyValueSpecification\",\"valueRequired\":true,\"valueName\":\"search_term_string\"}}],\"inLanguage\":\"en-US\"},{\"@type\":\"Organization\",\"@id\":\"https:\/\/sibelle.ca\/en\/#organization\",\"name\":\"Sibelle\",\"url\":\"https:\/\/sibelle.ca\/en\/\",\"logo\":{\"@type\":\"ImageObject\",\"inLanguage\":\"en-US\",\"@id\":\"https:\/\/sibelle.ca\/en\/#\/schema\/logo\/image\/\",\"url\":\"https:\/\/sibelle.ca\/wp-content\/uploads\/2021\/05\/logo.png\",\"contentUrl\":\"https:\/\/sibelle.ca\/wp-content\/uploads\/2021\/05\/logo.png\",\"width\":206,\"height\":30,\"caption\":\"Sibelle\"},\"image\":{\"@id\":\"https:\/\/sibelle.ca\/en\/#\/schema\/logo\/image\/\"},\"sameAs\":[\"https:\/\/www.facebook.com\/jesuissibelle\",\"https:\/\/www.instagram.com\/jesuissibelle.ca\"]}]}<\/script>\n<meta property=\"product:price:amount\" content=\"39.99\" \/>\n<meta property=\"product:price:currency\" content=\"CAD\" \/>\n<meta property=\"og:availability\" content=\"out of stock\" \/>\n<meta property=\"product:availability\" content=\"out of stock\" \/>\n<meta property=\"product:retailer_item_id\" content=\"bonnet-bambou-lavande\" \/>\n<meta property=\"product:condition\" content=\"new\" \/>\n<!-- \/ Yoast SEO Premium plugin. -->","yoast_head_json":{"title":"Slouchy Chemo Beanie | Bamboo Lavender - SIBELLE","description":"Soft, comfortable, and breathable, our lavender bamboo slouchy chemo beanie will keep your head warm and cozy during and after treatments. Shop now.","robots":{"index":"index","follow":"follow","max-snippet":"max-snippet:-1","max-image-preview":"max-image-preview:large","max-video-preview":"max-video-preview:-1"},"canonical":"https:\/\/sibelle.ca\/en\/product-category\/scarves-and-beanies\/chemo-caps-en\/","og_locale":"en_US","og_type":"article","og_title":"Slouchy Chemo Beanie | Bamboo Lavender - SIBELLE","og_description":"Notre bonnet en bambou bleu est doux, frais, l\u00e9ger et confortable. Parfait pour ajouter une touche de confort et de s\u00e9r\u00e9nit\u00e9 \u00e0 vos journ\u00e9e et \u00e0 vos nuits.\u00a0","og_url":"https:\/\/sibelle.ca\/en\/product-category\/scarves-and-beanies\/chemo-caps-en\/","og_site_name":"SIBELLE","article_publisher":"https:\/\/www.facebook.com\/jesuissibelle","article_modified_time":"2024-07-08T20:08:00+00:00","og_image":[{"width":1200,"height":1200,"url":"https:\/\/sibelle.ca\/wp-content\/uploads\/2023\/11\/Sibelle-beanie-chimio-bambou-lavande-45-copy.jpg","type":"image\/jpeg"}],"twitter_card":"summary_large_image","twitter_description":"Notre bonnet en bambou bleu est doux, frais, l\u00e9ger et confortable. Parfait pour ajouter une touche de confort et de s\u00e9r\u00e9nit\u00e9 \u00e0 vos journ\u00e9e et \u00e0 vos nuits.\u00a0","twitter_misc":{"Price":"39.99&nbsp;&#36;","Availability":"Out of stock"},"schema":{"@context":"https:\/\/schema.org","@graph":[{"@type":"WebPage","@id":"https:\/\/sibelle.ca\/en\/product\/chemo-cap-slouchy-chemo-beanie-bamboo-lavander\/","url":"https:\/\/sibelle.ca\/en\/product-category\/scarves-and-beanies\/chemo-caps-en\/","name":"Slouchy Chemo Beanie | Bamboo Lavender - SIBELLE","isPartOf":{"@id":"https:\/\/sibelle.ca\/en\/#website"},"primaryImageOfPage":{"@id":"https:\/\/sibelle.ca\/en\/product-category\/scarves-and-beanies\/chemo-caps-en\/#primaryimage"},"image":{"@id":"https:\/\/sibelle.ca\/en\/product-category\/scarves-and-beanies\/chemo-caps-en\/#primaryimage"},"thumbnailUrl":"https:\/\/sibelle.ca\/wp-content\/uploads\/2023\/11\/Sibelle-beanie-chimio-bambou-lavande-45-copy.jpg","datePublished":"2023-11-11T19:14:36+00:00","dateModified":"2024-07-08T20:08:00+00:00","description":"Soft, comfortable, and breathable, our lavender bamboo slouchy chemo beanie will keep your head warm and cozy during and after treatments. Shop now.","breadcrumb":{"@id":"https:\/\/sibelle.ca\/en\/product-category\/scarves-and-beanies\/chemo-caps-en\/#breadcrumb"},"inLanguage":"en-US","potentialAction":[{"@type":"ReadAction","target":["https:\/\/sibelle.ca\/en\/product-category\/scarves-and-beanies\/chemo-caps-en\/"]}]},{"@type":"ImageObject","inLanguage":"en-US","@id":"https:\/\/sibelle.ca\/en\/product-category\/scarves-and-beanies\/chemo-caps-en\/#primaryimage","url":"https:\/\/sibelle.ca\/wp-content\/uploads\/2023\/11\/Sibelle-beanie-chimio-bambou-lavande-45-copy.jpg","contentUrl":"https:\/\/sibelle.ca\/wp-content\/uploads\/2023\/11\/Sibelle-beanie-chimio-bambou-lavande-45-copy.jpg","width":1200,"height":1200,"caption":"Sibelle lavender chemo slouchy beanie for women cancer patient presented on a mannequin. Side view."},{"@type":"BreadcrumbList","@id":"https:\/\/sibelle.ca\/en\/product-category\/scarves-and-beanies\/chemo-caps-en\/#breadcrumb","itemListElement":[{"@type":"ListItem","position":1,"name":"Home","item":"https:\/\/sibelle.ca\/en\/"},{"@type":"ListItem","position":2,"name":"Boutique sp\u00e9cialis\u00e9e pour les femmes en traitement de chimioth\u00e9rapie","item":"https:\/\/sibelle.ca\/boutiquespecialiseefemmestraitementchimiotherapie\/"},{"@type":"ListItem","position":3,"name":"Slouchy Chemo Beanie | Bamboo Lavender"}]},{"@type":"WebSite","@id":"https:\/\/sibelle.ca\/en\/#website","url":"https:\/\/sibelle.ca\/en\/","name":"Sibelle","description":"Une collection d\u2019essentiels pour aider les femmes \u00e0 faire face au cancer en beaut\u00e9.","publisher":{"@id":"https:\/\/sibelle.ca\/en\/#organization"},"potentialAction":[{"@type":"SearchAction","target":{"@type":"EntryPoint","urlTemplate":"https:\/\/sibelle.ca\/en\/?s={search_term_string}"},"query-input":{"@type":"PropertyValueSpecification","valueRequired":true,"valueName":"search_term_string"}}],"inLanguage":"en-US"},{"@type":"Organization","@id":"https:\/\/sibelle.ca\/en\/#organization","name":"Sibelle","url":"https:\/\/sibelle.ca\/en\/","logo":{"@type":"ImageObject","inLanguage":"en-US","@id":"https:\/\/sibelle.ca\/en\/#\/schema\/logo\/image\/","url":"https:\/\/sibelle.ca\/wp-content\/uploads\/2021\/05\/logo.png","contentUrl":"https:\/\/sibelle.ca\/wp-content\/uploads\/2021\/05\/logo.png","width":206,"height":30,"caption":"Sibelle"},"image":{"@id":"https:\/\/sibelle.ca\/en\/#\/schema\/logo\/image\/"},"sameAs":["https:\/\/www.facebook.com\/jesuissibelle","https:\/\/www.instagram.com\/jesuissibelle.ca"]}]},"product_price_amount":"39.99","product_price_currency":"CAD","og_availability":"out of stock","product_availability":"out of stock","product_retailer_item_id":"bonnet-bambou-lavande","product_condition":"new"},"_links":{"self":[{"href":"https:\/\/sibelle.ca\/en\/wp-json\/wp\/v2\/product\/8004","targetHints":{"allow":["GET"]}}],"collection":[{"href":"https:\/\/sibelle.ca\/en\/wp-json\/wp\/v2\/product"}],"about":[{"href":"https:\/\/sibelle.ca\/en\/wp-json\/wp\/v2\/types\/product"}],"wp:featuredmedia":[{"embeddable":true,"href":"https:\/\/sibelle.ca\/en\/wp-json\/wp\/v2\/media\/8003"}],"wp:attachment":[{"href":"https:\/\/sibelle.ca\/en\/wp-json\/wp\/v2\/media?parent=8004"}],"wp:term":[{"taxonomy":"product_brand","embeddable":true,"href":"https:\/\/sibelle.ca\/en\/wp-json\/wp\/v2\/product_brand?post=8004"},{"taxonomy":"product_cat","embeddable":true,"href":"https:\/\/sibelle.ca\/en\/wp-json\/wp\/v2\/product_cat?post=8004"},{"taxonomy":"product_tag","embeddable":true,"href":"https:\/\/sibelle.ca\/en\/wp-json\/wp\/v2\/product_tag?post=8004"},{"taxonomy":"giftcard-category","embeddable":true,"href":"https:\/\/sibelle.ca\/en\/wp-json\/wp\/v2\/giftcard-category?post=8004"}],"curies":[{"name":"wp","href":"https:\/\/api.w.org\/{rel}","templated":true}]}}