{"id":8022,"date":"2023-11-11T19:35:24","date_gmt":"2023-11-11T19:35:24","guid":{"rendered":"https:\/\/sibelle.ca\/product\/foulard-a-corde-en-bambou-bleu-indigo\/"},"modified":"2025-03-14T21:10:39","modified_gmt":"2025-03-14T21:10:39","slug":"bamboo-chemo-scarf-with-ties-indigo-blue","status":"publish","type":"product","link":"https:\/\/sibelle.ca\/en\/product\/bamboo-chemo-scarf-with-ties-indigo-blue\/","title":{"rendered":"Bamboo Chemo Scarf with ties | Indigo-blue"},"content":{"rendered":"<p><strong>Why women love Sibelle\u2019s chemo scarves?<\/strong><\/p>\n<p>Our clients love our bamboo chemo scarves with ties<strong>\u00a0<\/strong>because they are so comfortable!<\/p>\n<ul>\n<li>Stylish and easy to adjust<\/li>\n<li>Soft, comfortable, and breathable<\/li>\n<li>No annoying seams<\/li>\n<li>Provides full head coverage<\/li>\n<li>Designed to stay in place<\/li>\n<li>Made in Canada<\/li>\n<\/ul>\n<p><strong>An elegant and comfortable alternative to wigs.<\/strong><\/p>\n","protected":false},"excerpt":{"rendered":"<p>Our indigo blue bamboo chemo scarf with ties is soft, easy to adjust and comfortable. Its stylish color exudes an elegant and soothing aura, making it perfect for moments of relaxation and self-care.<\/p>\n<ul>\n<li>Preformed<\/li>\n<li>Stretchable<\/li>\n<li>One size<\/li>\n<li>95% Bamboo Rayon and 5% Spandex<\/li>\n<\/ul>\n","protected":false},"featured_media":8652,"template":"","meta":[],"product_brand":[],"product_cat":[213,95],"product_tag":[],"giftcard-category":[],"class_list":{"0":"post-8022","1":"product","2":"type-product","3":"status-publish","4":"has-post-thumbnail","6":"product_cat-scarves-and-beanies","7":"product_cat-chemo-scarves","9":"first","10":"outofstock","11":"taxable","12":"shipping-taxable","13":"purchasable","14":"product-type-simple"},"yoast_head":"<!-- This site is optimized with the Yoast SEO Premium plugin v22.6 (Yoast SEO v26.2) - https:\/\/yoast.com\/wordpress\/plugins\/seo\/ -->\n<title>Bamboo Chemo Scarf with ties | Indigo-blue - SIBELLE<\/title>\n<meta name=\"description\" content=\"Our indigo blue bamboo chemo scarf with ties is soft, easy to adjust and comfortable. An elegant and comfortable alternative to wigs.\" \/>\n<meta name=\"robots\" content=\"index, follow, max-snippet:-1, max-image-preview:large, max-video-preview:-1\" \/>\n<link rel=\"canonical\" href=\"https:\/\/sibelle.ca\/en\/product\/bamboo-chemo-scarf-with-ties-indigo-blue\/\" \/>\n<meta property=\"og:locale\" content=\"en_US\" \/>\n<meta property=\"og:type\" content=\"article\" \/>\n<meta property=\"og:title\" content=\"Bamboo Chemo Scarf with ties | Indigo-blue - SIBELLE\" \/>\n<meta property=\"og:description\" content=\"Notre foulard \u00e0 corde en bambou lavande est doux, frais et l\u00e9ger. Une alternative \u00e9l\u00e9gante et confortable \u00e0 la perruque. Fabriqu\u00e9 au Qu\u00e9bec.\" \/>\n<meta property=\"og:url\" content=\"https:\/\/sibelle.ca\/en\/product\/bamboo-chemo-scarf-with-ties-indigo-blue\/\" \/>\n<meta property=\"og:site_name\" content=\"SIBELLE\" \/>\n<meta property=\"article:publisher\" content=\"https:\/\/www.facebook.com\/jesuissibelle\" \/>\n<meta property=\"article:modified_time\" content=\"2025-03-14T21:10:39+00:00\" \/>\n<meta property=\"og:image\" content=\"https:\/\/sibelle.ca\/wp-content\/uploads\/2023\/11\/Sibelle-Chemo-Scarf-Indigo-Blue-Bamboo-45_1200.webp\" \/>\n\t<meta property=\"og:image:width\" content=\"1200\" \/>\n\t<meta property=\"og:image:height\" content=\"1200\" \/>\n\t<meta property=\"og:image:type\" content=\"image\/webp\" \/>\n<meta name=\"twitter:card\" content=\"summary_large_image\" \/>\n<meta name=\"twitter:description\" content=\"Notre foulard \u00e0 corde en bambou lavande est doux, frais et l\u00e9ger. Une alternative \u00e9l\u00e9gante et confortable \u00e0 la perruque. Fabriqu\u00e9 au Qu\u00e9bec.\" \/>\n<meta name=\"twitter:label1\" content=\"Price\" \/>\n\t<meta name=\"twitter:data1\" content=\"49.99&nbsp;&#036;\" \/>\n\t<meta name=\"twitter:label2\" content=\"Availability\" \/>\n\t<meta name=\"twitter:data2\" content=\"Out of stock\" \/>\n<script type=\"application\/ld+json\" class=\"yoast-schema-graph\">{\"@context\":\"https:\/\/schema.org\",\"@graph\":[{\"@type\":\"WebPage\",\"@id\":\"https:\/\/sibelle.ca\/en\/product\/bamboo-chemo-scarf-with-ties-indigo-blue\/\",\"url\":\"https:\/\/sibelle.ca\/en\/product\/bamboo-chemo-scarf-with-ties-indigo-blue\/\",\"name\":\"Bamboo Chemo Scarf with ties | Indigo-blue - SIBELLE\",\"isPartOf\":{\"@id\":\"https:\/\/sibelle.ca\/en\/#website\"},\"primaryImageOfPage\":{\"@id\":\"https:\/\/sibelle.ca\/en\/product\/bamboo-chemo-scarf-with-ties-indigo-blue\/#primaryimage\"},\"image\":{\"@id\":\"https:\/\/sibelle.ca\/en\/product\/bamboo-chemo-scarf-with-ties-indigo-blue\/#primaryimage\"},\"thumbnailUrl\":\"https:\/\/sibelle.ca\/wp-content\/uploads\/2023\/11\/Sibelle-Chemo-Scarf-Indigo-Blue-Bamboo-45_1200.webp\",\"datePublished\":\"2023-11-11T19:35:24+00:00\",\"dateModified\":\"2025-03-14T21:10:39+00:00\",\"description\":\"Our indigo blue bamboo chemo scarf with ties is soft, easy to adjust and comfortable. An elegant and comfortable alternative to wigs.\",\"breadcrumb\":{\"@id\":\"https:\/\/sibelle.ca\/en\/product\/bamboo-chemo-scarf-with-ties-indigo-blue\/#breadcrumb\"},\"inLanguage\":\"en-US\",\"potentialAction\":[{\"@type\":\"ReadAction\",\"target\":[\"https:\/\/sibelle.ca\/en\/product\/bamboo-chemo-scarf-with-ties-indigo-blue\/\"]}]},{\"@type\":\"ImageObject\",\"inLanguage\":\"en-US\",\"@id\":\"https:\/\/sibelle.ca\/en\/product\/bamboo-chemo-scarf-with-ties-indigo-blue\/#primaryimage\",\"url\":\"https:\/\/sibelle.ca\/wp-content\/uploads\/2023\/11\/Sibelle-Chemo-Scarf-Indigo-Blue-Bamboo-45_1200.webp\",\"contentUrl\":\"https:\/\/sibelle.ca\/wp-content\/uploads\/2023\/11\/Sibelle-Chemo-Scarf-Indigo-Blue-Bamboo-45_1200.webp\",\"width\":1200,\"height\":1200},{\"@type\":\"BreadcrumbList\",\"@id\":\"https:\/\/sibelle.ca\/en\/product\/bamboo-chemo-scarf-with-ties-indigo-blue\/#breadcrumb\",\"itemListElement\":[{\"@type\":\"ListItem\",\"position\":1,\"name\":\"Home\",\"item\":\"https:\/\/sibelle.ca\/en\/\"},{\"@type\":\"ListItem\",\"position\":2,\"name\":\"Boutique sp\u00e9cialis\u00e9e pour les femmes en traitement de chimioth\u00e9rapie\",\"item\":\"https:\/\/sibelle.ca\/boutiquespecialiseefemmestraitementchimiotherapie\/\"},{\"@type\":\"ListItem\",\"position\":3,\"name\":\"Bamboo Chemo Scarf with ties | Indigo-blue\"}]},{\"@type\":\"WebSite\",\"@id\":\"https:\/\/sibelle.ca\/en\/#website\",\"url\":\"https:\/\/sibelle.ca\/en\/\",\"name\":\"Sibelle\",\"description\":\"Une collection d\u2019essentiels pour aider les femmes \u00e0 faire face au cancer en beaut\u00e9.\",\"publisher\":{\"@id\":\"https:\/\/sibelle.ca\/en\/#organization\"},\"potentialAction\":[{\"@type\":\"SearchAction\",\"target\":{\"@type\":\"EntryPoint\",\"urlTemplate\":\"https:\/\/sibelle.ca\/en\/?s={search_term_string}\"},\"query-input\":{\"@type\":\"PropertyValueSpecification\",\"valueRequired\":true,\"valueName\":\"search_term_string\"}}],\"inLanguage\":\"en-US\"},{\"@type\":\"Organization\",\"@id\":\"https:\/\/sibelle.ca\/en\/#organization\",\"name\":\"Sibelle\",\"url\":\"https:\/\/sibelle.ca\/en\/\",\"logo\":{\"@type\":\"ImageObject\",\"inLanguage\":\"en-US\",\"@id\":\"https:\/\/sibelle.ca\/en\/#\/schema\/logo\/image\/\",\"url\":\"https:\/\/sibelle.ca\/wp-content\/uploads\/2021\/05\/logo.png\",\"contentUrl\":\"https:\/\/sibelle.ca\/wp-content\/uploads\/2021\/05\/logo.png\",\"width\":206,\"height\":30,\"caption\":\"Sibelle\"},\"image\":{\"@id\":\"https:\/\/sibelle.ca\/en\/#\/schema\/logo\/image\/\"},\"sameAs\":[\"https:\/\/www.facebook.com\/jesuissibelle\",\"https:\/\/www.instagram.com\/jesuissibelle.ca\"]}]}<\/script>\n<meta property=\"product:price:amount\" content=\"49.99\" \/>\n<meta property=\"product:price:currency\" content=\"CAD\" \/>\n<meta property=\"og:availability\" content=\"out of stock\" \/>\n<meta property=\"product:availability\" content=\"out of stock\" \/>\n<meta property=\"product:retailer_item_id\" content=\"foulard-corde-bambou-bleu-indigo\" \/>\n<meta property=\"product:condition\" content=\"new\" \/>\n<!-- \/ Yoast SEO Premium plugin. -->","yoast_head_json":{"title":"Bamboo Chemo Scarf with ties | Indigo-blue - SIBELLE","description":"Our indigo blue bamboo chemo scarf with ties is soft, easy to adjust and comfortable. An elegant and comfortable alternative to wigs.","robots":{"index":"index","follow":"follow","max-snippet":"max-snippet:-1","max-image-preview":"max-image-preview:large","max-video-preview":"max-video-preview:-1"},"canonical":"https:\/\/sibelle.ca\/en\/product\/bamboo-chemo-scarf-with-ties-indigo-blue\/","og_locale":"en_US","og_type":"article","og_title":"Bamboo Chemo Scarf with ties | Indigo-blue - SIBELLE","og_description":"Notre foulard \u00e0 corde en bambou lavande est doux, frais et l\u00e9ger. Une alternative \u00e9l\u00e9gante et confortable \u00e0 la perruque. Fabriqu\u00e9 au Qu\u00e9bec.","og_url":"https:\/\/sibelle.ca\/en\/product\/bamboo-chemo-scarf-with-ties-indigo-blue\/","og_site_name":"SIBELLE","article_publisher":"https:\/\/www.facebook.com\/jesuissibelle","article_modified_time":"2025-03-14T21:10:39+00:00","og_image":[{"width":1200,"height":1200,"url":"https:\/\/sibelle.ca\/wp-content\/uploads\/2023\/11\/Sibelle-Chemo-Scarf-Indigo-Blue-Bamboo-45_1200.webp","type":"image\/webp"}],"twitter_card":"summary_large_image","twitter_description":"Notre foulard \u00e0 corde en bambou lavande est doux, frais et l\u00e9ger. Une alternative \u00e9l\u00e9gante et confortable \u00e0 la perruque. Fabriqu\u00e9 au Qu\u00e9bec.","twitter_misc":{"Price":"49.99&nbsp;&#36;","Availability":"Out of stock"},"schema":{"@context":"https:\/\/schema.org","@graph":[{"@type":"WebPage","@id":"https:\/\/sibelle.ca\/en\/product\/bamboo-chemo-scarf-with-ties-indigo-blue\/","url":"https:\/\/sibelle.ca\/en\/product\/bamboo-chemo-scarf-with-ties-indigo-blue\/","name":"Bamboo Chemo Scarf with ties | Indigo-blue - SIBELLE","isPartOf":{"@id":"https:\/\/sibelle.ca\/en\/#website"},"primaryImageOfPage":{"@id":"https:\/\/sibelle.ca\/en\/product\/bamboo-chemo-scarf-with-ties-indigo-blue\/#primaryimage"},"image":{"@id":"https:\/\/sibelle.ca\/en\/product\/bamboo-chemo-scarf-with-ties-indigo-blue\/#primaryimage"},"thumbnailUrl":"https:\/\/sibelle.ca\/wp-content\/uploads\/2023\/11\/Sibelle-Chemo-Scarf-Indigo-Blue-Bamboo-45_1200.webp","datePublished":"2023-11-11T19:35:24+00:00","dateModified":"2025-03-14T21:10:39+00:00","description":"Our indigo blue bamboo chemo scarf with ties is soft, easy to adjust and comfortable. An elegant and comfortable alternative to wigs.","breadcrumb":{"@id":"https:\/\/sibelle.ca\/en\/product\/bamboo-chemo-scarf-with-ties-indigo-blue\/#breadcrumb"},"inLanguage":"en-US","potentialAction":[{"@type":"ReadAction","target":["https:\/\/sibelle.ca\/en\/product\/bamboo-chemo-scarf-with-ties-indigo-blue\/"]}]},{"@type":"ImageObject","inLanguage":"en-US","@id":"https:\/\/sibelle.ca\/en\/product\/bamboo-chemo-scarf-with-ties-indigo-blue\/#primaryimage","url":"https:\/\/sibelle.ca\/wp-content\/uploads\/2023\/11\/Sibelle-Chemo-Scarf-Indigo-Blue-Bamboo-45_1200.webp","contentUrl":"https:\/\/sibelle.ca\/wp-content\/uploads\/2023\/11\/Sibelle-Chemo-Scarf-Indigo-Blue-Bamboo-45_1200.webp","width":1200,"height":1200},{"@type":"BreadcrumbList","@id":"https:\/\/sibelle.ca\/en\/product\/bamboo-chemo-scarf-with-ties-indigo-blue\/#breadcrumb","itemListElement":[{"@type":"ListItem","position":1,"name":"Home","item":"https:\/\/sibelle.ca\/en\/"},{"@type":"ListItem","position":2,"name":"Boutique sp\u00e9cialis\u00e9e pour les femmes en traitement de chimioth\u00e9rapie","item":"https:\/\/sibelle.ca\/boutiquespecialiseefemmestraitementchimiotherapie\/"},{"@type":"ListItem","position":3,"name":"Bamboo Chemo Scarf with ties | Indigo-blue"}]},{"@type":"WebSite","@id":"https:\/\/sibelle.ca\/en\/#website","url":"https:\/\/sibelle.ca\/en\/","name":"Sibelle","description":"Une collection d\u2019essentiels pour aider les femmes \u00e0 faire face au cancer en beaut\u00e9.","publisher":{"@id":"https:\/\/sibelle.ca\/en\/#organization"},"potentialAction":[{"@type":"SearchAction","target":{"@type":"EntryPoint","urlTemplate":"https:\/\/sibelle.ca\/en\/?s={search_term_string}"},"query-input":{"@type":"PropertyValueSpecification","valueRequired":true,"valueName":"search_term_string"}}],"inLanguage":"en-US"},{"@type":"Organization","@id":"https:\/\/sibelle.ca\/en\/#organization","name":"Sibelle","url":"https:\/\/sibelle.ca\/en\/","logo":{"@type":"ImageObject","inLanguage":"en-US","@id":"https:\/\/sibelle.ca\/en\/#\/schema\/logo\/image\/","url":"https:\/\/sibelle.ca\/wp-content\/uploads\/2021\/05\/logo.png","contentUrl":"https:\/\/sibelle.ca\/wp-content\/uploads\/2021\/05\/logo.png","width":206,"height":30,"caption":"Sibelle"},"image":{"@id":"https:\/\/sibelle.ca\/en\/#\/schema\/logo\/image\/"},"sameAs":["https:\/\/www.facebook.com\/jesuissibelle","https:\/\/www.instagram.com\/jesuissibelle.ca"]}]},"product_price_amount":"49.99","product_price_currency":"CAD","og_availability":"out of stock","product_availability":"out of stock","product_retailer_item_id":"foulard-corde-bambou-bleu-indigo","product_condition":"new"},"_links":{"self":[{"href":"https:\/\/sibelle.ca\/en\/wp-json\/wp\/v2\/product\/8022","targetHints":{"allow":["GET"]}}],"collection":[{"href":"https:\/\/sibelle.ca\/en\/wp-json\/wp\/v2\/product"}],"about":[{"href":"https:\/\/sibelle.ca\/en\/wp-json\/wp\/v2\/types\/product"}],"wp:featuredmedia":[{"embeddable":true,"href":"https:\/\/sibelle.ca\/en\/wp-json\/wp\/v2\/media\/8652"}],"wp:attachment":[{"href":"https:\/\/sibelle.ca\/en\/wp-json\/wp\/v2\/media?parent=8022"}],"wp:term":[{"taxonomy":"product_brand","embeddable":true,"href":"https:\/\/sibelle.ca\/en\/wp-json\/wp\/v2\/product_brand?post=8022"},{"taxonomy":"product_cat","embeddable":true,"href":"https:\/\/sibelle.ca\/en\/wp-json\/wp\/v2\/product_cat?post=8022"},{"taxonomy":"product_tag","embeddable":true,"href":"https:\/\/sibelle.ca\/en\/wp-json\/wp\/v2\/product_tag?post=8022"},{"taxonomy":"giftcard-category","embeddable":true,"href":"https:\/\/sibelle.ca\/en\/wp-json\/wp\/v2\/giftcard-category?post=8022"}],"curies":[{"name":"wp","href":"https:\/\/api.w.org\/{rel}","templated":true}]}}