{"id":9217,"date":"2023-04-12T12:21:17","date_gmt":"2023-04-12T12:21:17","guid":{"rendered":"https:\/\/sibelle.ca\/product\/beanie-classique-en-tricot-gris\/"},"modified":"2025-03-11T21:17:50","modified_gmt":"2025-03-11T21:17:50","slug":"classic-beanie-gray","status":"publish","type":"product","link":"https:\/\/sibelle.ca\/en\/product\/classic-beanie-gray\/","title":{"rendered":"Classic Beanie Gray"},"content":{"rendered":"<ul>\n<li>Soft and comfortable knit<\/li>\n<li>Folding soft border<\/li>\n<li>Onesize<\/li>\n<li>Made in Canada<\/li>\n<\/ul>\n<p>Our classic gray knit beanie is soft. With its elegant design and timeless color, it is both practical and trendy. A perfect solution for women undergoing chemotherapy treatment or suffering from hair loss problems.<\/p>\n<p>&nbsp;<\/p>\n","protected":false},"excerpt":{"rendered":"<p>Our gray classic beanie is a customer favourite. It offers the perfect combination of style and comfort.<\/p>\n<p><strong>An elegant and comfortable alternative to the wig.<\/strong><\/p>\n","protected":false},"featured_media":4483,"template":"","meta":[],"product_brand":[],"product_cat":[213,94],"product_tag":[],"giftcard-category":[],"class_list":{"0":"post-9217","1":"product","2":"type-product","3":"status-publish","4":"has-post-thumbnail","6":"product_cat-scarves-and-beanies","7":"product_cat-chemo-beanies","9":"first","10":"instock","11":"taxable","12":"shipping-taxable","13":"purchasable","14":"product-type-simple"},"yoast_head":"<!-- This site is optimized with the Yoast SEO Premium plugin v22.6 (Yoast SEO v26.2) - https:\/\/yoast.com\/wordpress\/plugins\/seo\/ -->\n<title>Classic Beanie Gray - SIBELLE<\/title>\n<meta name=\"description\" content=\"Our gray classic beanie is a customer favourite. With its elegant design and timeless color, it is both practical and trendy. Shop now.\" \/>\n<meta name=\"robots\" content=\"index, follow, max-snippet:-1, max-image-preview:large, max-video-preview:-1\" \/>\n<link rel=\"canonical\" href=\"https:\/\/sibelle.ca\/en\/product-category\/scarves-and-beanies\/chemo-beanies\/\" \/>\n<meta property=\"og:locale\" content=\"en_US\" \/>\n<meta property=\"og:type\" content=\"article\" \/>\n<meta property=\"og:title\" content=\"Classic Beanie Gray - SIBELLE\" \/>\n<meta property=\"og:description\" content=\"Our gray classic beanie is a customer favourite. With its elegant design and timeless color, it is both practical and trendy. Shop now.\" \/>\n<meta property=\"og:url\" content=\"https:\/\/sibelle.ca\/en\/product-category\/scarves-and-beanies\/chemo-beanies\/\" \/>\n<meta property=\"og:site_name\" content=\"SIBELLE\" \/>\n<meta property=\"article:publisher\" content=\"https:\/\/www.facebook.com\/jesuissibelle\" \/>\n<meta property=\"article:modified_time\" content=\"2025-03-11T21:17:50+00:00\" \/>\n<meta property=\"og:image\" content=\"https:\/\/sibelle.ca\/wp-content\/uploads\/2021\/11\/beanie-gris-45-droite_1500.jpg\" \/>\n\t<meta property=\"og:image:width\" content=\"1500\" \/>\n\t<meta property=\"og:image:height\" content=\"1500\" \/>\n\t<meta property=\"og:image:type\" content=\"image\/jpeg\" \/>\n<meta name=\"twitter:card\" content=\"summary_large_image\" \/>\n<meta name=\"twitter:label1\" content=\"Price\" \/>\n\t<meta name=\"twitter:data1\" content=\"34.99&nbsp;&#036;\" \/>\n\t<meta name=\"twitter:label2\" content=\"Availability\" \/>\n\t<meta name=\"twitter:data2\" content=\"In stock\" \/>\n<script type=\"application\/ld+json\" class=\"yoast-schema-graph\">{\"@context\":\"https:\/\/schema.org\",\"@graph\":[{\"@type\":\"WebPage\",\"@id\":\"https:\/\/sibelle.ca\/en\/product\/classic-beanie-gray\/\",\"url\":\"https:\/\/sibelle.ca\/en\/product-category\/scarves-and-beanies\/chemo-beanies\/\",\"name\":\"Classic Beanie Gray - SIBELLE\",\"isPartOf\":{\"@id\":\"https:\/\/sibelle.ca\/en\/#website\"},\"primaryImageOfPage\":{\"@id\":\"https:\/\/sibelle.ca\/en\/product-category\/scarves-and-beanies\/chemo-beanies\/#primaryimage\"},\"image\":{\"@id\":\"https:\/\/sibelle.ca\/en\/product-category\/scarves-and-beanies\/chemo-beanies\/#primaryimage\"},\"thumbnailUrl\":\"https:\/\/sibelle.ca\/wp-content\/uploads\/2021\/11\/beanie-gris-45-droite_1500.jpg\",\"datePublished\":\"2023-04-12T12:21:17+00:00\",\"dateModified\":\"2025-03-11T21:17:50+00:00\",\"description\":\"Our gray classic beanie is a customer favourite. With its elegant design and timeless color, it is both practical and trendy. Shop now.\",\"breadcrumb\":{\"@id\":\"https:\/\/sibelle.ca\/en\/product-category\/scarves-and-beanies\/chemo-beanies\/#breadcrumb\"},\"inLanguage\":\"en-US\",\"potentialAction\":[{\"@type\":\"ReadAction\",\"target\":[\"https:\/\/sibelle.ca\/en\/product-category\/scarves-and-beanies\/chemo-beanies\/\"]}]},{\"@type\":\"ImageObject\",\"inLanguage\":\"en-US\",\"@id\":\"https:\/\/sibelle.ca\/en\/product-category\/scarves-and-beanies\/chemo-beanies\/#primaryimage\",\"url\":\"https:\/\/sibelle.ca\/wp-content\/uploads\/2021\/11\/beanie-gris-45-droite_1500.jpg\",\"contentUrl\":\"https:\/\/sibelle.ca\/wp-content\/uploads\/2021\/11\/beanie-gris-45-droite_1500.jpg\",\"width\":1500,\"height\":1500,\"caption\":\"Beanie classique Sibelle. Tricot gris. Vue de profil.\"},{\"@type\":\"BreadcrumbList\",\"@id\":\"https:\/\/sibelle.ca\/en\/product-category\/scarves-and-beanies\/chemo-beanies\/#breadcrumb\",\"itemListElement\":[{\"@type\":\"ListItem\",\"position\":1,\"name\":\"Home\",\"item\":\"https:\/\/sibelle.ca\/en\/\"},{\"@type\":\"ListItem\",\"position\":2,\"name\":\"Boutique sp\u00e9cialis\u00e9e pour les femmes en traitement de chimioth\u00e9rapie\",\"item\":\"https:\/\/sibelle.ca\/boutiquespecialiseefemmestraitementchimiotherapie\/\"},{\"@type\":\"ListItem\",\"position\":3,\"name\":\"Classic Beanie Gray\"}]},{\"@type\":\"WebSite\",\"@id\":\"https:\/\/sibelle.ca\/en\/#website\",\"url\":\"https:\/\/sibelle.ca\/en\/\",\"name\":\"Sibelle\",\"description\":\"Une collection d\u2019essentiels pour aider les femmes \u00e0 faire face au cancer en beaut\u00e9.\",\"publisher\":{\"@id\":\"https:\/\/sibelle.ca\/en\/#organization\"},\"potentialAction\":[{\"@type\":\"SearchAction\",\"target\":{\"@type\":\"EntryPoint\",\"urlTemplate\":\"https:\/\/sibelle.ca\/en\/?s={search_term_string}\"},\"query-input\":{\"@type\":\"PropertyValueSpecification\",\"valueRequired\":true,\"valueName\":\"search_term_string\"}}],\"inLanguage\":\"en-US\"},{\"@type\":\"Organization\",\"@id\":\"https:\/\/sibelle.ca\/en\/#organization\",\"name\":\"Sibelle\",\"url\":\"https:\/\/sibelle.ca\/en\/\",\"logo\":{\"@type\":\"ImageObject\",\"inLanguage\":\"en-US\",\"@id\":\"https:\/\/sibelle.ca\/en\/#\/schema\/logo\/image\/\",\"url\":\"https:\/\/sibelle.ca\/wp-content\/uploads\/2021\/05\/logo.png\",\"contentUrl\":\"https:\/\/sibelle.ca\/wp-content\/uploads\/2021\/05\/logo.png\",\"width\":206,\"height\":30,\"caption\":\"Sibelle\"},\"image\":{\"@id\":\"https:\/\/sibelle.ca\/en\/#\/schema\/logo\/image\/\"},\"sameAs\":[\"https:\/\/www.facebook.com\/jesuissibelle\",\"https:\/\/www.instagram.com\/jesuissibelle.ca\"]}]}<\/script>\n<meta property=\"product:price:amount\" content=\"34.99\" \/>\n<meta property=\"product:price:currency\" content=\"CAD\" \/>\n<meta property=\"og:availability\" content=\"instock\" \/>\n<meta property=\"product:availability\" content=\"instock\" \/>\n<meta property=\"product:retailer_item_id\" content=\"beanie-classique-tricot-gris\" \/>\n<meta property=\"product:condition\" content=\"new\" \/>\n<!-- \/ Yoast SEO Premium plugin. -->","yoast_head_json":{"title":"Classic Beanie Gray - SIBELLE","description":"Our gray classic beanie is a customer favourite. With its elegant design and timeless color, it is both practical and trendy. Shop now.","robots":{"index":"index","follow":"follow","max-snippet":"max-snippet:-1","max-image-preview":"max-image-preview:large","max-video-preview":"max-video-preview:-1"},"canonical":"https:\/\/sibelle.ca\/en\/product-category\/scarves-and-beanies\/chemo-beanies\/","og_locale":"en_US","og_type":"article","og_title":"Classic Beanie Gray - SIBELLE","og_description":"Our gray classic beanie is a customer favourite. With its elegant design and timeless color, it is both practical and trendy. Shop now.","og_url":"https:\/\/sibelle.ca\/en\/product-category\/scarves-and-beanies\/chemo-beanies\/","og_site_name":"SIBELLE","article_publisher":"https:\/\/www.facebook.com\/jesuissibelle","article_modified_time":"2025-03-11T21:17:50+00:00","og_image":[{"width":1500,"height":1500,"url":"https:\/\/sibelle.ca\/wp-content\/uploads\/2021\/11\/beanie-gris-45-droite_1500.jpg","type":"image\/jpeg"}],"twitter_card":"summary_large_image","twitter_misc":{"Price":"34.99&nbsp;&#36;","Availability":"In stock"},"schema":{"@context":"https:\/\/schema.org","@graph":[{"@type":"WebPage","@id":"https:\/\/sibelle.ca\/en\/product\/classic-beanie-gray\/","url":"https:\/\/sibelle.ca\/en\/product-category\/scarves-and-beanies\/chemo-beanies\/","name":"Classic Beanie Gray - SIBELLE","isPartOf":{"@id":"https:\/\/sibelle.ca\/en\/#website"},"primaryImageOfPage":{"@id":"https:\/\/sibelle.ca\/en\/product-category\/scarves-and-beanies\/chemo-beanies\/#primaryimage"},"image":{"@id":"https:\/\/sibelle.ca\/en\/product-category\/scarves-and-beanies\/chemo-beanies\/#primaryimage"},"thumbnailUrl":"https:\/\/sibelle.ca\/wp-content\/uploads\/2021\/11\/beanie-gris-45-droite_1500.jpg","datePublished":"2023-04-12T12:21:17+00:00","dateModified":"2025-03-11T21:17:50+00:00","description":"Our gray classic beanie is a customer favourite. With its elegant design and timeless color, it is both practical and trendy. Shop now.","breadcrumb":{"@id":"https:\/\/sibelle.ca\/en\/product-category\/scarves-and-beanies\/chemo-beanies\/#breadcrumb"},"inLanguage":"en-US","potentialAction":[{"@type":"ReadAction","target":["https:\/\/sibelle.ca\/en\/product-category\/scarves-and-beanies\/chemo-beanies\/"]}]},{"@type":"ImageObject","inLanguage":"en-US","@id":"https:\/\/sibelle.ca\/en\/product-category\/scarves-and-beanies\/chemo-beanies\/#primaryimage","url":"https:\/\/sibelle.ca\/wp-content\/uploads\/2021\/11\/beanie-gris-45-droite_1500.jpg","contentUrl":"https:\/\/sibelle.ca\/wp-content\/uploads\/2021\/11\/beanie-gris-45-droite_1500.jpg","width":1500,"height":1500,"caption":"Beanie classique Sibelle. Tricot gris. Vue de profil."},{"@type":"BreadcrumbList","@id":"https:\/\/sibelle.ca\/en\/product-category\/scarves-and-beanies\/chemo-beanies\/#breadcrumb","itemListElement":[{"@type":"ListItem","position":1,"name":"Home","item":"https:\/\/sibelle.ca\/en\/"},{"@type":"ListItem","position":2,"name":"Boutique sp\u00e9cialis\u00e9e pour les femmes en traitement de chimioth\u00e9rapie","item":"https:\/\/sibelle.ca\/boutiquespecialiseefemmestraitementchimiotherapie\/"},{"@type":"ListItem","position":3,"name":"Classic Beanie Gray"}]},{"@type":"WebSite","@id":"https:\/\/sibelle.ca\/en\/#website","url":"https:\/\/sibelle.ca\/en\/","name":"Sibelle","description":"Une collection d\u2019essentiels pour aider les femmes \u00e0 faire face au cancer en beaut\u00e9.","publisher":{"@id":"https:\/\/sibelle.ca\/en\/#organization"},"potentialAction":[{"@type":"SearchAction","target":{"@type":"EntryPoint","urlTemplate":"https:\/\/sibelle.ca\/en\/?s={search_term_string}"},"query-input":{"@type":"PropertyValueSpecification","valueRequired":true,"valueName":"search_term_string"}}],"inLanguage":"en-US"},{"@type":"Organization","@id":"https:\/\/sibelle.ca\/en\/#organization","name":"Sibelle","url":"https:\/\/sibelle.ca\/en\/","logo":{"@type":"ImageObject","inLanguage":"en-US","@id":"https:\/\/sibelle.ca\/en\/#\/schema\/logo\/image\/","url":"https:\/\/sibelle.ca\/wp-content\/uploads\/2021\/05\/logo.png","contentUrl":"https:\/\/sibelle.ca\/wp-content\/uploads\/2021\/05\/logo.png","width":206,"height":30,"caption":"Sibelle"},"image":{"@id":"https:\/\/sibelle.ca\/en\/#\/schema\/logo\/image\/"},"sameAs":["https:\/\/www.facebook.com\/jesuissibelle","https:\/\/www.instagram.com\/jesuissibelle.ca"]}]},"product_price_amount":"34.99","product_price_currency":"CAD","og_availability":"instock","product_availability":"instock","product_retailer_item_id":"beanie-classique-tricot-gris","product_condition":"new"},"_links":{"self":[{"href":"https:\/\/sibelle.ca\/en\/wp-json\/wp\/v2\/product\/9217","targetHints":{"allow":["GET"]}}],"collection":[{"href":"https:\/\/sibelle.ca\/en\/wp-json\/wp\/v2\/product"}],"about":[{"href":"https:\/\/sibelle.ca\/en\/wp-json\/wp\/v2\/types\/product"}],"wp:featuredmedia":[{"embeddable":true,"href":"https:\/\/sibelle.ca\/en\/wp-json\/wp\/v2\/media\/4483"}],"wp:attachment":[{"href":"https:\/\/sibelle.ca\/en\/wp-json\/wp\/v2\/media?parent=9217"}],"wp:term":[{"taxonomy":"product_brand","embeddable":true,"href":"https:\/\/sibelle.ca\/en\/wp-json\/wp\/v2\/product_brand?post=9217"},{"taxonomy":"product_cat","embeddable":true,"href":"https:\/\/sibelle.ca\/en\/wp-json\/wp\/v2\/product_cat?post=9217"},{"taxonomy":"product_tag","embeddable":true,"href":"https:\/\/sibelle.ca\/en\/wp-json\/wp\/v2\/product_tag?post=9217"},{"taxonomy":"giftcard-category","embeddable":true,"href":"https:\/\/sibelle.ca\/en\/wp-json\/wp\/v2\/giftcard-category?post=9217"}],"curies":[{"name":"wp","href":"https:\/\/api.w.org\/{rel}","templated":true}]}}