{"id":9288,"date":"2025-03-27T18:26:50","date_gmt":"2025-03-27T18:26:50","guid":{"rendered":"https:\/\/sibelle.ca\/product\/bonnet-en-bambou-bleu-gris\/"},"modified":"2025-03-29T20:52:01","modified_gmt":"2025-03-29T20:52:01","slug":"slouchy-chemo-beanie-bamboo-blue-gray","status":"publish","type":"product","link":"https:\/\/sibelle.ca\/en\/product\/slouchy-chemo-beanie-bamboo-blue-gray\/","title":{"rendered":"Slouchy Chemo Beanie Bamboo Blue-Gray"},"content":{"rendered":"<p>Great for lounging at home or going out in style! Our chemo beanies will keep your head warm and cozy during and after treatments.<\/p>\n<h4><strong>A great alternative to itchy wigs.<\/strong><\/h4>\n<ul>\n<li>Easy to wear, just slip on and go!<\/li>\n<li>Perfect day or night.<\/li>\n<li>Stylish and minimalist design<\/li>\n<li>Comfortable fit and very soft<\/li>\n<li>Made in Canada with meticulous attention to detail.<\/li>\n<\/ul>\n<p>Our slouchy chemo beanies are made from Oeko Tex certified bamboo rayon, ensuring no harmful chemicals in the fabric and providing exceptional comfort and breathability. The fabric is soothing to the touch, ideal for women undergoing medical treatment for chemotherapy or suffering from alopecia. The colours will not fade.<\/p>\n<p>One size fits all: Our soft fabric will stretch to accommodate petite to large head sizes.<\/p>\n<h4><strong>Why women love Sibelle\u2019s slouchy beanies:<\/strong><\/h4>\n<p>Our clients love that our stylish slouchy chemo beanies because they are easy to wear and offer exceptional comfort and breathability. Our bamboo slouchy beanies can be worn throughout the year. They don\u2019t stick to the skin during the summer heat and they provide full head coverage. They won\u2019t slip or let the scalp show.<\/p>\n<p>&nbsp;<\/p>\n<p>&nbsp;<\/p>\n","protected":false},"excerpt":{"rendered":"<p>Our gray-blue bamboo slouchy chemo beanie is soft, lightweight, and comfortable. Specially designed to help women with hair loss maintain their body heat, it provides full head, neck, and ear coverage. It adapts perfectly to your head without exerting uncomfortable pressure. Moreover, it features no annoying seams to irritate the skin. Its delicate color will soothe you all day long.<\/p>\n<p><strong>Easy to wear, our blue-gray slouchy beanie provides a stylish, laid-back, and active look.<\/strong><\/p>\n","protected":false},"featured_media":9278,"template":"","meta":[],"product_brand":[],"product_cat":[213,214,94],"product_tag":[],"giftcard-category":[],"class_list":{"0":"post-9288","1":"product","2":"type-product","3":"status-publish","4":"has-post-thumbnail","6":"product_cat-scarves-and-beanies","7":"product_cat-slouchy-chemo-beanies-en","8":"product_cat-chemo-beanies","10":"first","11":"instock","12":"taxable","13":"shipping-taxable","14":"purchasable","15":"product-type-simple"},"yoast_head":"<!-- This site is optimized with the Yoast SEO Premium plugin v22.6 (Yoast SEO v26.2) - https:\/\/yoast.com\/wordpress\/plugins\/seo\/ -->\n<title>Slouchy Chemo Beanie Bamboo Blue-Gray - SIBELLE<\/title>\n<meta name=\"description\" content=\"Our blue-gray bamboo slouchy chemo beanie is soft, cool, and lightweight. A perfect combination of comfort and style. A must-have. Shop now!\" \/>\n<meta name=\"robots\" content=\"index, follow, max-snippet:-1, max-image-preview:large, max-video-preview:-1\" \/>\n<link rel=\"canonical\" href=\"https:\/\/sibelle.ca\/en\/product-category\/scarves-and-beanies\/slouchy-chemo-beanies-en\/\" \/>\n<meta property=\"og:locale\" content=\"en_US\" \/>\n<meta property=\"og:type\" content=\"article\" \/>\n<meta property=\"og:title\" content=\"Slouchy Chemo Beanie Bamboo Blue-Gray - SIBELLE\" \/>\n<meta property=\"og:description\" content=\"Notre bonnet en bambou gris est doux, frais, l\u00e9ger et confortable. Un bonnet passe-partout. C&#039;est notre coup de coeur de la saison.\" \/>\n<meta property=\"og:url\" content=\"https:\/\/sibelle.ca\/en\/product-category\/scarves-and-beanies\/slouchy-chemo-beanies-en\/\" \/>\n<meta property=\"og:site_name\" content=\"SIBELLE\" \/>\n<meta property=\"article:publisher\" content=\"https:\/\/www.facebook.com\/jesuissibelle\" \/>\n<meta property=\"article:modified_time\" content=\"2025-03-29T20:52:01+00:00\" \/>\n<meta property=\"og:image\" content=\"https:\/\/sibelle.ca\/wp-content\/uploads\/2023\/04\/beanie-bleu-gris_45D.webp\" \/>\n\t<meta property=\"og:image:width\" content=\"2100\" \/>\n\t<meta property=\"og:image:height\" content=\"2100\" \/>\n\t<meta property=\"og:image:type\" content=\"image\/webp\" \/>\n<meta name=\"twitter:card\" content=\"summary_large_image\" \/>\n<meta name=\"twitter:description\" content=\"Notre bonnet en bambou gris est doux, frais, l\u00e9ger et confortable. Un bonnet passe-partout. C&#039;est notre coup de coeur de la saison.\" \/>\n<meta name=\"twitter:label1\" content=\"Price\" \/>\n\t<meta name=\"twitter:data1\" content=\"39.99&nbsp;&#036;\" \/>\n\t<meta name=\"twitter:label2\" content=\"Availability\" \/>\n\t<meta name=\"twitter:data2\" content=\"In stock\" \/>\n<script type=\"application\/ld+json\" class=\"yoast-schema-graph\">{\"@context\":\"https:\/\/schema.org\",\"@graph\":[{\"@type\":\"WebPage\",\"@id\":\"https:\/\/sibelle.ca\/en\/product\/slouchy-chemo-beanie-bamboo-blue-gray\/\",\"url\":\"https:\/\/sibelle.ca\/en\/product-category\/scarves-and-beanies\/slouchy-chemo-beanies-en\/\",\"name\":\"Slouchy Chemo Beanie Bamboo Blue-Gray - SIBELLE\",\"isPartOf\":{\"@id\":\"https:\/\/sibelle.ca\/en\/#website\"},\"primaryImageOfPage\":{\"@id\":\"https:\/\/sibelle.ca\/en\/product-category\/scarves-and-beanies\/slouchy-chemo-beanies-en\/#primaryimage\"},\"image\":{\"@id\":\"https:\/\/sibelle.ca\/en\/product-category\/scarves-and-beanies\/slouchy-chemo-beanies-en\/#primaryimage\"},\"thumbnailUrl\":\"https:\/\/sibelle.ca\/wp-content\/uploads\/2023\/04\/beanie-bleu-gris_45D.webp\",\"datePublished\":\"2025-03-27T18:26:50+00:00\",\"dateModified\":\"2025-03-29T20:52:01+00:00\",\"description\":\"Our blue-gray bamboo slouchy chemo beanie is soft, cool, and lightweight. A perfect combination of comfort and style. A must-have. Shop now!\",\"breadcrumb\":{\"@id\":\"https:\/\/sibelle.ca\/en\/product-category\/scarves-and-beanies\/slouchy-chemo-beanies-en\/#breadcrumb\"},\"inLanguage\":\"en-US\",\"potentialAction\":[{\"@type\":\"ReadAction\",\"target\":[\"https:\/\/sibelle.ca\/en\/product-category\/scarves-and-beanies\/slouchy-chemo-beanies-en\/\"]}]},{\"@type\":\"ImageObject\",\"inLanguage\":\"en-US\",\"@id\":\"https:\/\/sibelle.ca\/en\/product-category\/scarves-and-beanies\/slouchy-chemo-beanies-en\/#primaryimage\",\"url\":\"https:\/\/sibelle.ca\/wp-content\/uploads\/2023\/04\/beanie-bleu-gris_45D.webp\",\"contentUrl\":\"https:\/\/sibelle.ca\/wp-content\/uploads\/2023\/04\/beanie-bleu-gris_45D.webp\",\"width\":2100,\"height\":2100},{\"@type\":\"BreadcrumbList\",\"@id\":\"https:\/\/sibelle.ca\/en\/product-category\/scarves-and-beanies\/slouchy-chemo-beanies-en\/#breadcrumb\",\"itemListElement\":[{\"@type\":\"ListItem\",\"position\":1,\"name\":\"Home\",\"item\":\"https:\/\/sibelle.ca\/en\/\"},{\"@type\":\"ListItem\",\"position\":2,\"name\":\"Boutique sp\u00e9cialis\u00e9e pour les femmes en traitement de chimioth\u00e9rapie\",\"item\":\"https:\/\/sibelle.ca\/boutiquespecialiseefemmestraitementchimiotherapie\/\"},{\"@type\":\"ListItem\",\"position\":3,\"name\":\"Slouchy Chemo Beanie Bamboo Blue-Gray\"}]},{\"@type\":\"WebSite\",\"@id\":\"https:\/\/sibelle.ca\/en\/#website\",\"url\":\"https:\/\/sibelle.ca\/en\/\",\"name\":\"Sibelle\",\"description\":\"Une collection d\u2019essentiels pour aider les femmes \u00e0 faire face au cancer en beaut\u00e9.\",\"publisher\":{\"@id\":\"https:\/\/sibelle.ca\/en\/#organization\"},\"potentialAction\":[{\"@type\":\"SearchAction\",\"target\":{\"@type\":\"EntryPoint\",\"urlTemplate\":\"https:\/\/sibelle.ca\/en\/?s={search_term_string}\"},\"query-input\":{\"@type\":\"PropertyValueSpecification\",\"valueRequired\":true,\"valueName\":\"search_term_string\"}}],\"inLanguage\":\"en-US\"},{\"@type\":\"Organization\",\"@id\":\"https:\/\/sibelle.ca\/en\/#organization\",\"name\":\"Sibelle\",\"url\":\"https:\/\/sibelle.ca\/en\/\",\"logo\":{\"@type\":\"ImageObject\",\"inLanguage\":\"en-US\",\"@id\":\"https:\/\/sibelle.ca\/en\/#\/schema\/logo\/image\/\",\"url\":\"https:\/\/sibelle.ca\/wp-content\/uploads\/2021\/05\/logo.png\",\"contentUrl\":\"https:\/\/sibelle.ca\/wp-content\/uploads\/2021\/05\/logo.png\",\"width\":206,\"height\":30,\"caption\":\"Sibelle\"},\"image\":{\"@id\":\"https:\/\/sibelle.ca\/en\/#\/schema\/logo\/image\/\"},\"sameAs\":[\"https:\/\/www.facebook.com\/jesuissibelle\",\"https:\/\/www.instagram.com\/jesuissibelle.ca\"]}]}<\/script>\n<meta property=\"product:price:amount\" content=\"39.99\" \/>\n<meta property=\"product:price:currency\" content=\"CAD\" \/>\n<meta property=\"og:availability\" content=\"instock\" \/>\n<meta property=\"product:availability\" content=\"instock\" \/>\n<meta property=\"product:retailer_item_id\" content=\"bonnet-bambou-bleu-gris\" \/>\n<meta property=\"product:condition\" content=\"new\" \/>\n<!-- \/ Yoast SEO Premium plugin. -->","yoast_head_json":{"title":"Slouchy Chemo Beanie Bamboo Blue-Gray - SIBELLE","description":"Our blue-gray bamboo slouchy chemo beanie is soft, cool, and lightweight. A perfect combination of comfort and style. A must-have. Shop now!","robots":{"index":"index","follow":"follow","max-snippet":"max-snippet:-1","max-image-preview":"max-image-preview:large","max-video-preview":"max-video-preview:-1"},"canonical":"https:\/\/sibelle.ca\/en\/product-category\/scarves-and-beanies\/slouchy-chemo-beanies-en\/","og_locale":"en_US","og_type":"article","og_title":"Slouchy Chemo Beanie Bamboo Blue-Gray - SIBELLE","og_description":"Notre bonnet en bambou gris est doux, frais, l\u00e9ger et confortable. Un bonnet passe-partout. C'est notre coup de coeur de la saison.","og_url":"https:\/\/sibelle.ca\/en\/product-category\/scarves-and-beanies\/slouchy-chemo-beanies-en\/","og_site_name":"SIBELLE","article_publisher":"https:\/\/www.facebook.com\/jesuissibelle","article_modified_time":"2025-03-29T20:52:01+00:00","og_image":[{"width":2100,"height":2100,"url":"https:\/\/sibelle.ca\/wp-content\/uploads\/2023\/04\/beanie-bleu-gris_45D.webp","type":"image\/webp"}],"twitter_card":"summary_large_image","twitter_description":"Notre bonnet en bambou gris est doux, frais, l\u00e9ger et confortable. Un bonnet passe-partout. C'est notre coup de coeur de la saison.","twitter_misc":{"Price":"39.99&nbsp;&#36;","Availability":"In stock"},"schema":{"@context":"https:\/\/schema.org","@graph":[{"@type":"WebPage","@id":"https:\/\/sibelle.ca\/en\/product\/slouchy-chemo-beanie-bamboo-blue-gray\/","url":"https:\/\/sibelle.ca\/en\/product-category\/scarves-and-beanies\/slouchy-chemo-beanies-en\/","name":"Slouchy Chemo Beanie Bamboo Blue-Gray - SIBELLE","isPartOf":{"@id":"https:\/\/sibelle.ca\/en\/#website"},"primaryImageOfPage":{"@id":"https:\/\/sibelle.ca\/en\/product-category\/scarves-and-beanies\/slouchy-chemo-beanies-en\/#primaryimage"},"image":{"@id":"https:\/\/sibelle.ca\/en\/product-category\/scarves-and-beanies\/slouchy-chemo-beanies-en\/#primaryimage"},"thumbnailUrl":"https:\/\/sibelle.ca\/wp-content\/uploads\/2023\/04\/beanie-bleu-gris_45D.webp","datePublished":"2025-03-27T18:26:50+00:00","dateModified":"2025-03-29T20:52:01+00:00","description":"Our blue-gray bamboo slouchy chemo beanie is soft, cool, and lightweight. A perfect combination of comfort and style. A must-have. Shop now!","breadcrumb":{"@id":"https:\/\/sibelle.ca\/en\/product-category\/scarves-and-beanies\/slouchy-chemo-beanies-en\/#breadcrumb"},"inLanguage":"en-US","potentialAction":[{"@type":"ReadAction","target":["https:\/\/sibelle.ca\/en\/product-category\/scarves-and-beanies\/slouchy-chemo-beanies-en\/"]}]},{"@type":"ImageObject","inLanguage":"en-US","@id":"https:\/\/sibelle.ca\/en\/product-category\/scarves-and-beanies\/slouchy-chemo-beanies-en\/#primaryimage","url":"https:\/\/sibelle.ca\/wp-content\/uploads\/2023\/04\/beanie-bleu-gris_45D.webp","contentUrl":"https:\/\/sibelle.ca\/wp-content\/uploads\/2023\/04\/beanie-bleu-gris_45D.webp","width":2100,"height":2100},{"@type":"BreadcrumbList","@id":"https:\/\/sibelle.ca\/en\/product-category\/scarves-and-beanies\/slouchy-chemo-beanies-en\/#breadcrumb","itemListElement":[{"@type":"ListItem","position":1,"name":"Home","item":"https:\/\/sibelle.ca\/en\/"},{"@type":"ListItem","position":2,"name":"Boutique sp\u00e9cialis\u00e9e pour les femmes en traitement de chimioth\u00e9rapie","item":"https:\/\/sibelle.ca\/boutiquespecialiseefemmestraitementchimiotherapie\/"},{"@type":"ListItem","position":3,"name":"Slouchy Chemo Beanie Bamboo Blue-Gray"}]},{"@type":"WebSite","@id":"https:\/\/sibelle.ca\/en\/#website","url":"https:\/\/sibelle.ca\/en\/","name":"Sibelle","description":"Une collection d\u2019essentiels pour aider les femmes \u00e0 faire face au cancer en beaut\u00e9.","publisher":{"@id":"https:\/\/sibelle.ca\/en\/#organization"},"potentialAction":[{"@type":"SearchAction","target":{"@type":"EntryPoint","urlTemplate":"https:\/\/sibelle.ca\/en\/?s={search_term_string}"},"query-input":{"@type":"PropertyValueSpecification","valueRequired":true,"valueName":"search_term_string"}}],"inLanguage":"en-US"},{"@type":"Organization","@id":"https:\/\/sibelle.ca\/en\/#organization","name":"Sibelle","url":"https:\/\/sibelle.ca\/en\/","logo":{"@type":"ImageObject","inLanguage":"en-US","@id":"https:\/\/sibelle.ca\/en\/#\/schema\/logo\/image\/","url":"https:\/\/sibelle.ca\/wp-content\/uploads\/2021\/05\/logo.png","contentUrl":"https:\/\/sibelle.ca\/wp-content\/uploads\/2021\/05\/logo.png","width":206,"height":30,"caption":"Sibelle"},"image":{"@id":"https:\/\/sibelle.ca\/en\/#\/schema\/logo\/image\/"},"sameAs":["https:\/\/www.facebook.com\/jesuissibelle","https:\/\/www.instagram.com\/jesuissibelle.ca"]}]},"product_price_amount":"39.99","product_price_currency":"CAD","og_availability":"instock","product_availability":"instock","product_retailer_item_id":"bonnet-bambou-bleu-gris","product_condition":"new"},"_links":{"self":[{"href":"https:\/\/sibelle.ca\/en\/wp-json\/wp\/v2\/product\/9288","targetHints":{"allow":["GET"]}}],"collection":[{"href":"https:\/\/sibelle.ca\/en\/wp-json\/wp\/v2\/product"}],"about":[{"href":"https:\/\/sibelle.ca\/en\/wp-json\/wp\/v2\/types\/product"}],"wp:featuredmedia":[{"embeddable":true,"href":"https:\/\/sibelle.ca\/en\/wp-json\/wp\/v2\/media\/9278"}],"wp:attachment":[{"href":"https:\/\/sibelle.ca\/en\/wp-json\/wp\/v2\/media?parent=9288"}],"wp:term":[{"taxonomy":"product_brand","embeddable":true,"href":"https:\/\/sibelle.ca\/en\/wp-json\/wp\/v2\/product_brand?post=9288"},{"taxonomy":"product_cat","embeddable":true,"href":"https:\/\/sibelle.ca\/en\/wp-json\/wp\/v2\/product_cat?post=9288"},{"taxonomy":"product_tag","embeddable":true,"href":"https:\/\/sibelle.ca\/en\/wp-json\/wp\/v2\/product_tag?post=9288"},{"taxonomy":"giftcard-category","embeddable":true,"href":"https:\/\/sibelle.ca\/en\/wp-json\/wp\/v2\/giftcard-category?post=9288"}],"curies":[{"name":"wp","href":"https:\/\/api.w.org\/{rel}","templated":true}]}}