{"id":9758,"date":"2025-06-11T13:23:20","date_gmt":"2025-06-11T13:23:20","guid":{"rendered":"https:\/\/sibelle.ca\/product\/bonnet-twist-en-bambou-rose\/"},"modified":"2025-06-11T13:59:52","modified_gmt":"2025-06-11T13:59:52","slug":"twist-cap-bamboo-pink","status":"publish","type":"product","link":"https:\/\/sibelle.ca\/en\/product\/twist-cap-bamboo-pink\/","title":{"rendered":"Pink Bamboo Twist Cap"},"content":{"rendered":"<p><strong>Effortless style in an instant!<br \/>\n<\/strong>Easy to wear, comfortable, and casual, our pink bamboo twist cap combines softness and style. It stays perfectly in place without slipping or shifting. It provides full head coverage and stretches to fit all sizes\u2014without any uncomfortable pressure. A guaranteed must-have!<\/p>\n<p><strong>Why do women love our bamboo twist caps?<br \/>\n<\/strong>Our customers love them for their casual look and exceptional comfort.<\/p>\n<ul>\n<li>Ultra-soft and breathable<\/li>\n<li>Fully lined<\/li>\n<li>No irritating seams<\/li>\n<li>Free from harmful chemicals<\/li>\n<li>Made in Canada<\/li>\n<\/ul>\n","protected":false},"excerpt":{"rendered":"<p>Discover our 2-in-1 Pink Bamboo Twist Cap: the perfect balance of comfort, elegance, and style.<br \/>\nMade up of a base cap and a removable headband, this cap cleverly adds volume and structure to the head.<br \/>\nPractical and exceptionally comfortable, our bamboo twist cap will quickly become your favorite.<\/p>\n<p>&nbsp;<\/p>\n","protected":false},"featured_media":9335,"template":"","meta":[],"product_brand":[],"product_cat":[213,94],"product_tag":[],"giftcard-category":[],"class_list":{"0":"post-9758","1":"product","2":"type-product","3":"status-publish","4":"has-post-thumbnail","6":"product_cat-scarves-and-beanies","7":"product_cat-chemo-beanies","9":"first","10":"instock","11":"taxable","12":"shipping-taxable","13":"purchasable","14":"product-type-simple"},"yoast_head":"<!-- This site is optimized with the Yoast SEO Premium plugin v22.6 (Yoast SEO v26.2) - https:\/\/yoast.com\/wordpress\/plugins\/seo\/ -->\n<title>Pink Bamboo Twist Cap - SIBELLE<\/title>\n<meta name=\"description\" content=\"Discover this lovely 2-in-1 pink bamboo chemo cap \u2014 a soft, comfortable hat paired with a removable headband for a unique style. Give it a try\" \/>\n<meta name=\"robots\" content=\"index, follow, max-snippet:-1, max-image-preview:large, max-video-preview:-1\" \/>\n<link rel=\"canonical\" href=\"https:\/\/sibelle.ca\/en\/product-category\/scarves-and-beanies\/chemo-beanies\/\" \/>\n<meta property=\"og:locale\" content=\"en_US\" \/>\n<meta property=\"og:type\" content=\"article\" \/>\n<meta property=\"og:title\" content=\"Pink Bamboo Twist Cap - SIBELLE\" \/>\n<meta property=\"og:description\" content=\"Notre foulard \u00e0 corde en bambou lavande est doux, frais et l\u00e9ger. Une alternative \u00e9l\u00e9gante et confortable \u00e0 la perruque. Fabriqu\u00e9 au Qu\u00e9bec.\" \/>\n<meta property=\"og:url\" content=\"https:\/\/sibelle.ca\/en\/product-category\/scarves-and-beanies\/chemo-beanies\/\" \/>\n<meta property=\"og:site_name\" content=\"SIBELLE\" \/>\n<meta property=\"article:publisher\" content=\"https:\/\/www.facebook.com\/jesuissibelle\" \/>\n<meta property=\"article:modified_time\" content=\"2025-06-11T13:59:52+00:00\" \/>\n<meta property=\"og:image\" content=\"https:\/\/sibelle.ca\/wp-content\/uploads\/2025\/03\/twist-rose_45D-1.webp\" \/>\n\t<meta property=\"og:image:width\" content=\"2100\" \/>\n\t<meta property=\"og:image:height\" content=\"2100\" \/>\n\t<meta property=\"og:image:type\" content=\"image\/webp\" \/>\n<meta name=\"twitter:card\" content=\"summary_large_image\" \/>\n<meta name=\"twitter:description\" content=\"Notre foulard \u00e0 corde en bambou lavande est doux, frais et l\u00e9ger. Une alternative \u00e9l\u00e9gante et confortable \u00e0 la perruque. Fabriqu\u00e9 au Qu\u00e9bec.\" \/>\n<meta name=\"twitter:label1\" content=\"Price\" \/>\n\t<meta name=\"twitter:data1\" content=\"42.99&nbsp;&#036;\" \/>\n\t<meta name=\"twitter:label2\" content=\"Availability\" \/>\n\t<meta name=\"twitter:data2\" content=\"In stock\" \/>\n<script type=\"application\/ld+json\" class=\"yoast-schema-graph\">{\"@context\":\"https:\/\/schema.org\",\"@graph\":[{\"@type\":\"WebPage\",\"@id\":\"https:\/\/sibelle.ca\/en\/product\/twist-cap-bamboo-pink\/\",\"url\":\"https:\/\/sibelle.ca\/en\/product-category\/scarves-and-beanies\/chemo-beanies\/\",\"name\":\"Pink Bamboo Twist Cap - SIBELLE\",\"isPartOf\":{\"@id\":\"https:\/\/sibelle.ca\/en\/#website\"},\"primaryImageOfPage\":{\"@id\":\"https:\/\/sibelle.ca\/en\/product-category\/scarves-and-beanies\/chemo-beanies\/#primaryimage\"},\"image\":{\"@id\":\"https:\/\/sibelle.ca\/en\/product-category\/scarves-and-beanies\/chemo-beanies\/#primaryimage\"},\"thumbnailUrl\":\"https:\/\/sibelle.ca\/wp-content\/uploads\/2025\/03\/twist-rose_45D-1.webp\",\"datePublished\":\"2025-06-11T13:23:20+00:00\",\"dateModified\":\"2025-06-11T13:59:52+00:00\",\"description\":\"Discover this lovely 2-in-1 pink bamboo chemo cap \u2014 a soft, comfortable hat paired with a removable headband for a unique style. Give it a try\",\"breadcrumb\":{\"@id\":\"https:\/\/sibelle.ca\/en\/product-category\/scarves-and-beanies\/chemo-beanies\/#breadcrumb\"},\"inLanguage\":\"en-US\",\"potentialAction\":[{\"@type\":\"ReadAction\",\"target\":[\"https:\/\/sibelle.ca\/en\/product-category\/scarves-and-beanies\/chemo-beanies\/\"]}]},{\"@type\":\"ImageObject\",\"inLanguage\":\"en-US\",\"@id\":\"https:\/\/sibelle.ca\/en\/product-category\/scarves-and-beanies\/chemo-beanies\/#primaryimage\",\"url\":\"https:\/\/sibelle.ca\/wp-content\/uploads\/2025\/03\/twist-rose_45D-1.webp\",\"contentUrl\":\"https:\/\/sibelle.ca\/wp-content\/uploads\/2025\/03\/twist-rose_45D-1.webp\",\"width\":2100,\"height\":2100},{\"@type\":\"BreadcrumbList\",\"@id\":\"https:\/\/sibelle.ca\/en\/product-category\/scarves-and-beanies\/chemo-beanies\/#breadcrumb\",\"itemListElement\":[{\"@type\":\"ListItem\",\"position\":1,\"name\":\"Home\",\"item\":\"https:\/\/sibelle.ca\/en\/\"},{\"@type\":\"ListItem\",\"position\":2,\"name\":\"Boutique sp\u00e9cialis\u00e9e pour les femmes en traitement de chimioth\u00e9rapie\",\"item\":\"https:\/\/sibelle.ca\/boutiquespecialiseefemmestraitementchimiotherapie\/\"},{\"@type\":\"ListItem\",\"position\":3,\"name\":\"Pink Bamboo Twist Cap\"}]},{\"@type\":\"WebSite\",\"@id\":\"https:\/\/sibelle.ca\/en\/#website\",\"url\":\"https:\/\/sibelle.ca\/en\/\",\"name\":\"Sibelle\",\"description\":\"Une collection d\u2019essentiels pour aider les femmes \u00e0 faire face au cancer en beaut\u00e9.\",\"publisher\":{\"@id\":\"https:\/\/sibelle.ca\/en\/#organization\"},\"potentialAction\":[{\"@type\":\"SearchAction\",\"target\":{\"@type\":\"EntryPoint\",\"urlTemplate\":\"https:\/\/sibelle.ca\/en\/?s={search_term_string}\"},\"query-input\":{\"@type\":\"PropertyValueSpecification\",\"valueRequired\":true,\"valueName\":\"search_term_string\"}}],\"inLanguage\":\"en-US\"},{\"@type\":\"Organization\",\"@id\":\"https:\/\/sibelle.ca\/en\/#organization\",\"name\":\"Sibelle\",\"url\":\"https:\/\/sibelle.ca\/en\/\",\"logo\":{\"@type\":\"ImageObject\",\"inLanguage\":\"en-US\",\"@id\":\"https:\/\/sibelle.ca\/en\/#\/schema\/logo\/image\/\",\"url\":\"https:\/\/sibelle.ca\/wp-content\/uploads\/2021\/05\/logo.png\",\"contentUrl\":\"https:\/\/sibelle.ca\/wp-content\/uploads\/2021\/05\/logo.png\",\"width\":206,\"height\":30,\"caption\":\"Sibelle\"},\"image\":{\"@id\":\"https:\/\/sibelle.ca\/en\/#\/schema\/logo\/image\/\"},\"sameAs\":[\"https:\/\/www.facebook.com\/jesuissibelle\",\"https:\/\/www.instagram.com\/jesuissibelle.ca\"]}]}<\/script>\n<meta property=\"product:price:amount\" content=\"42.99\" \/>\n<meta property=\"product:price:currency\" content=\"CAD\" \/>\n<meta property=\"og:availability\" content=\"instock\" \/>\n<meta property=\"product:availability\" content=\"instock\" \/>\n<meta property=\"product:condition\" content=\"new\" \/>\n<!-- \/ Yoast SEO Premium plugin. -->","yoast_head_json":{"title":"Pink Bamboo Twist Cap - SIBELLE","description":"Discover this lovely 2-in-1 pink bamboo chemo cap \u2014 a soft, comfortable hat paired with a removable headband for a unique style. Give it a try","robots":{"index":"index","follow":"follow","max-snippet":"max-snippet:-1","max-image-preview":"max-image-preview:large","max-video-preview":"max-video-preview:-1"},"canonical":"https:\/\/sibelle.ca\/en\/product-category\/scarves-and-beanies\/chemo-beanies\/","og_locale":"en_US","og_type":"article","og_title":"Pink Bamboo Twist Cap - SIBELLE","og_description":"Notre foulard \u00e0 corde en bambou lavande est doux, frais et l\u00e9ger. Une alternative \u00e9l\u00e9gante et confortable \u00e0 la perruque. Fabriqu\u00e9 au Qu\u00e9bec.","og_url":"https:\/\/sibelle.ca\/en\/product-category\/scarves-and-beanies\/chemo-beanies\/","og_site_name":"SIBELLE","article_publisher":"https:\/\/www.facebook.com\/jesuissibelle","article_modified_time":"2025-06-11T13:59:52+00:00","og_image":[{"width":2100,"height":2100,"url":"https:\/\/sibelle.ca\/wp-content\/uploads\/2025\/03\/twist-rose_45D-1.webp","type":"image\/webp"}],"twitter_card":"summary_large_image","twitter_description":"Notre foulard \u00e0 corde en bambou lavande est doux, frais et l\u00e9ger. Une alternative \u00e9l\u00e9gante et confortable \u00e0 la perruque. Fabriqu\u00e9 au Qu\u00e9bec.","twitter_misc":{"Price":"42.99&nbsp;&#36;","Availability":"In stock"},"schema":{"@context":"https:\/\/schema.org","@graph":[{"@type":"WebPage","@id":"https:\/\/sibelle.ca\/en\/product\/twist-cap-bamboo-pink\/","url":"https:\/\/sibelle.ca\/en\/product-category\/scarves-and-beanies\/chemo-beanies\/","name":"Pink Bamboo Twist Cap - SIBELLE","isPartOf":{"@id":"https:\/\/sibelle.ca\/en\/#website"},"primaryImageOfPage":{"@id":"https:\/\/sibelle.ca\/en\/product-category\/scarves-and-beanies\/chemo-beanies\/#primaryimage"},"image":{"@id":"https:\/\/sibelle.ca\/en\/product-category\/scarves-and-beanies\/chemo-beanies\/#primaryimage"},"thumbnailUrl":"https:\/\/sibelle.ca\/wp-content\/uploads\/2025\/03\/twist-rose_45D-1.webp","datePublished":"2025-06-11T13:23:20+00:00","dateModified":"2025-06-11T13:59:52+00:00","description":"Discover this lovely 2-in-1 pink bamboo chemo cap \u2014 a soft, comfortable hat paired with a removable headband for a unique style. Give it a try","breadcrumb":{"@id":"https:\/\/sibelle.ca\/en\/product-category\/scarves-and-beanies\/chemo-beanies\/#breadcrumb"},"inLanguage":"en-US","potentialAction":[{"@type":"ReadAction","target":["https:\/\/sibelle.ca\/en\/product-category\/scarves-and-beanies\/chemo-beanies\/"]}]},{"@type":"ImageObject","inLanguage":"en-US","@id":"https:\/\/sibelle.ca\/en\/product-category\/scarves-and-beanies\/chemo-beanies\/#primaryimage","url":"https:\/\/sibelle.ca\/wp-content\/uploads\/2025\/03\/twist-rose_45D-1.webp","contentUrl":"https:\/\/sibelle.ca\/wp-content\/uploads\/2025\/03\/twist-rose_45D-1.webp","width":2100,"height":2100},{"@type":"BreadcrumbList","@id":"https:\/\/sibelle.ca\/en\/product-category\/scarves-and-beanies\/chemo-beanies\/#breadcrumb","itemListElement":[{"@type":"ListItem","position":1,"name":"Home","item":"https:\/\/sibelle.ca\/en\/"},{"@type":"ListItem","position":2,"name":"Boutique sp\u00e9cialis\u00e9e pour les femmes en traitement de chimioth\u00e9rapie","item":"https:\/\/sibelle.ca\/boutiquespecialiseefemmestraitementchimiotherapie\/"},{"@type":"ListItem","position":3,"name":"Pink Bamboo Twist Cap"}]},{"@type":"WebSite","@id":"https:\/\/sibelle.ca\/en\/#website","url":"https:\/\/sibelle.ca\/en\/","name":"Sibelle","description":"Une collection d\u2019essentiels pour aider les femmes \u00e0 faire face au cancer en beaut\u00e9.","publisher":{"@id":"https:\/\/sibelle.ca\/en\/#organization"},"potentialAction":[{"@type":"SearchAction","target":{"@type":"EntryPoint","urlTemplate":"https:\/\/sibelle.ca\/en\/?s={search_term_string}"},"query-input":{"@type":"PropertyValueSpecification","valueRequired":true,"valueName":"search_term_string"}}],"inLanguage":"en-US"},{"@type":"Organization","@id":"https:\/\/sibelle.ca\/en\/#organization","name":"Sibelle","url":"https:\/\/sibelle.ca\/en\/","logo":{"@type":"ImageObject","inLanguage":"en-US","@id":"https:\/\/sibelle.ca\/en\/#\/schema\/logo\/image\/","url":"https:\/\/sibelle.ca\/wp-content\/uploads\/2021\/05\/logo.png","contentUrl":"https:\/\/sibelle.ca\/wp-content\/uploads\/2021\/05\/logo.png","width":206,"height":30,"caption":"Sibelle"},"image":{"@id":"https:\/\/sibelle.ca\/en\/#\/schema\/logo\/image\/"},"sameAs":["https:\/\/www.facebook.com\/jesuissibelle","https:\/\/www.instagram.com\/jesuissibelle.ca"]}]},"product_price_amount":"42.99","product_price_currency":"CAD","og_availability":"instock","product_availability":"instock","product_condition":"new"},"_links":{"self":[{"href":"https:\/\/sibelle.ca\/en\/wp-json\/wp\/v2\/product\/9758","targetHints":{"allow":["GET"]}}],"collection":[{"href":"https:\/\/sibelle.ca\/en\/wp-json\/wp\/v2\/product"}],"about":[{"href":"https:\/\/sibelle.ca\/en\/wp-json\/wp\/v2\/types\/product"}],"wp:featuredmedia":[{"embeddable":true,"href":"https:\/\/sibelle.ca\/en\/wp-json\/wp\/v2\/media\/9335"}],"wp:attachment":[{"href":"https:\/\/sibelle.ca\/en\/wp-json\/wp\/v2\/media?parent=9758"}],"wp:term":[{"taxonomy":"product_brand","embeddable":true,"href":"https:\/\/sibelle.ca\/en\/wp-json\/wp\/v2\/product_brand?post=9758"},{"taxonomy":"product_cat","embeddable":true,"href":"https:\/\/sibelle.ca\/en\/wp-json\/wp\/v2\/product_cat?post=9758"},{"taxonomy":"product_tag","embeddable":true,"href":"https:\/\/sibelle.ca\/en\/wp-json\/wp\/v2\/product_tag?post=9758"},{"taxonomy":"giftcard-category","embeddable":true,"href":"https:\/\/sibelle.ca\/en\/wp-json\/wp\/v2\/giftcard-category?post=9758"}],"curies":[{"name":"wp","href":"https:\/\/api.w.org\/{rel}","templated":true}]}}